{"id":10013,"date":"2021-12-09T17:30:38","date_gmt":"2021-12-09T17:30:38","guid":{"rendered":"https:\/\/biljarts-clubke.com\/?post_type=product&#038;p=10013"},"modified":"2023-04-07T15:16:12","modified_gmt":"2023-04-07T15:16:12","slug":"cible-de-flechettes-armoire-a-flechettes-et-systeme-declairage-cible-2-jeux-de-flechettes","status":"publish","type":"product","link":"https:\/\/biljarts-clubke.com\/fr\/product\/dartbord-target-dartkast-en-lichtsysteem-target-2-sets-dartpijlen\/","title":{"rendered":"Jeu de fl\u00e9chettes Target + armoire \u00e0 fl\u00e9chettes et syst\u00e8me d'\u00e9clairage Target + 2 jeux de fl\u00e9chettes"},"content":{"rendered":"<p>Ce set est compos\u00e9 de :<\/p>\n<ul>\n<li>Jeu de fl\u00e9chettes Target World Champions<\/li>\n<li>Armoire Target Arc ou armoire \u00e0 fl\u00e9chettes \u00e9quip\u00e9e de deux tableaux \u00e0 l'int\u00e9rieur des portes pour le comptage des points.<\/li>\n<li>Target Arc cabinet lighting<\/li>\n<li>Trois crayons de couleur<\/li>\n<li>Deux jeux de fl\u00e9chettes en laiton (20 et 21 grammes)<\/li>\n<li>Syst\u00e8me de verrouillage magn\u00e9tique<\/li>\n<li>Syst\u00e8me de suspension inclus<\/li>\n<li>Adaptateur inclus<\/li>\n<li>Facile \u00e0 suspendre et prot\u00e8ge le mur lorsque l'on joue aux fl\u00e9chettes.<\/li>\n<li>Ne convient pas \u00e0 une utilisation en ext\u00e9rieur<\/li>\n<\/ul>","protected":false},"excerpt":{"rendered":"<p>Magnifique ensemble compos\u00e9 d'une cible de fl\u00e9chettes, d'un meuble avec \u00e9clairage, de crayons et de 2 jeux de fl\u00e9chettes. Ensemble pr\u00eat \u00e0 jouer pour commencer \u00e0 jouer aux fl\u00e9chettes imm\u00e9diatement.<\/p>","protected":false},"featured_media":10014,"template":"","meta":{"_acf_changed":false,"_seopress_robots_primary_cat":"66","_seopress_titles_title":"Dartbord Target + dartkast en lichtsysteem Target + 2 sets dartpijlen | Ruim assortiment darts | Biljarts &#039;t Clubke","_seopress_titles_desc":"Mooie set bestaande uit een dartbord, een kabinet + verlichting, krijtjes en 2 sets dartpijlen. Speelklaar pakket om onmiddellijk te starten met darten.","_seopress_robots_index":"","_seopress_analysis_target_kw":"Dartbord Target + dartkast en lichtsysteem Target + 2 sets dartpijlen"},"product_cat":[66,261],"product_tag":[140,299,141,137,327,271],"giftcard-category":[],"class_list":{"0":"post-10013","1":"product","2":"type-product","3":"status-publish","4":"has-post-thumbnail","6":"product_cat-darts-kopen","7":"product_cat-sets","8":"product_tag-dartbord","9":"product_tag-dartkabinet","10":"product_tag-dartkast","11":"product_tag-darts","12":"product_tag-target","13":"product_tag-target-arc-cabinet-light","15":"first","16":"outofstock","17":"taxable","18":"shipping-taxable","19":"purchasable","20":"product-type-simple"},"acf":[],"_links":{"self":[{"href":"https:\/\/biljarts-clubke.com\/fr\/wp-json\/wp\/v2\/product\/10013","targetHints":{"allow":["GET"]}}],"collection":[{"href":"https:\/\/biljarts-clubke.com\/fr\/wp-json\/wp\/v2\/product"}],"about":[{"href":"https:\/\/biljarts-clubke.com\/fr\/wp-json\/wp\/v2\/types\/product"}],"version-history":[{"count":0,"href":"https:\/\/biljarts-clubke.com\/fr\/wp-json\/wp\/v2\/product\/10013\/revisions"}],"wp:featuredmedia":[{"embeddable":true,"href":"https:\/\/biljarts-clubke.com\/fr\/wp-json\/wp\/v2\/media\/10014"}],"wp:attachment":[{"href":"https:\/\/biljarts-clubke.com\/fr\/wp-json\/wp\/v2\/media?parent=10013"}],"wp:term":[{"taxonomy":"product_cat","embeddable":true,"href":"https:\/\/biljarts-clubke.com\/fr\/wp-json\/wp\/v2\/product_cat?post=10013"},{"taxonomy":"product_tag","embeddable":true,"href":"https:\/\/biljarts-clubke.com\/fr\/wp-json\/wp\/v2\/product_tag?post=10013"},{"taxonomy":"giftcard-category","embeddable":true,"href":"https:\/\/biljarts-clubke.com\/fr\/wp-json\/wp\/v2\/giftcard-category?post=10013"}],"curies":[{"name":"wp","href":"https:\/\/api.w.org\/{rel}","templated":true}]}}