{"id":1148,"date":"2020-05-25T14:15:48","date_gmt":"2020-05-25T14:15:48","guid":{"rendered":"https:\/\/biljarts-clubke.com\/product\/carambole-biljart\/"},"modified":"2025-02-12T20:02:35","modified_gmt":"2025-02-12T20:02:35","slug":"billard-carom","status":"publish","type":"product","link":"https:\/\/biljarts-clubke.com\/fr\/product\/carambole-biljart\/","title":{"rendered":"Bloc de carambolage"},"content":{"rendered":"<h5>Bloc de carambolage en ch\u00eane massif<\/h5>\n<p>Notre bloc de carambolage professionnel est fabriqu\u00e9 en ch\u00eane massif avec une ardoise en une seule pi\u00e8ce. Le billard est disponible avec un terrain de 1,80 m x 0,90 m ou 2,00 m x 1,00 m. Un terrain de plus grandes dimensions est \u00e9galement disponible sur demande.<br \/>\nEn standard, la table \u00e0 trois bandes est fabriqu\u00e9e avec des pieds pleins et massifs qui soulignent son charme par des lignes et des fissures naturelles. Ceux qui pr\u00e9f\u00e8rent une version plus lisse peuvent opter pour des pieds coll\u00e9s.<br \/>\nChaque billard est 100% personnalisable.<br \/>\nEn standard, le ch\u00eane n'est pas trait\u00e9, si vous souhaitez personnaliser votre table en fonction de votre int\u00e9rieur, la pulv\u00e9risation est possible dans toutes les couleurs RAL, le vernis, la finition mate ou brillante.<br \/>\nSi vous souhaitez utiliser le billard comme table, vous pouvez opter pour un plateau de recouvrement en deux parties, fabriqu\u00e9 sur mesure, en ch\u00eane plaqu\u00e9 avec un bord en ch\u00eane massif. Le plateau est \u00e9galement disponible en verre ou en Trespa pour un look plus moderne.<\/p>\n<p><span style=\"color: inherit; font-family: inherit; font-size: 1.25rem; font-weight: var(--font-weight-bold); background-color: var(--body-bg-color);\">Choisir la couleur de la feuille de carambolage<\/span><\/p>\n<p>Vous pouvez choisir la couleur de la feuille. Les couleurs standard sont le vert, le bleu et le bordeaux, mais de nombreuses autres couleurs sont \u00e9galement possibles.<br \/>\nLes accessoires de jeu standard sont inclus : il s'agit de 4 choix + support mural, jeu de balles et craie.<br \/>\nSi vous jouez au niveau comp\u00e9tition, vous pouvez opter pour un drap de comp\u00e9tition Simonis ou Gorina et des sangles de frappe de comp\u00e9tition.<\/p>\n<h5>Biljarts 't Clubke : plus de 30 ans d'artisanat<\/h5>\n<div id=\"ConnectiveDocSignExtentionInstalled\" data-extension-version=\"1.0.4\">Dennis a grandi dans le milieu du billard et, apr\u00e8s tout ce temps, il est toujours aussi passionn\u00e9. \"J'aime le d\u00e9fi que repr\u00e9sente la personnalisation\", dit-il. \"Chaque client satisfait me procure une \u00e9norme satisfaction.<\/div>\n<div data-extension-version=\"1.0.4\">Notre\u00a0<strong><a href=\"https:\/\/biljarts-clubke.com\/fr\/categorie-produit\/billard\/carom-trois-bandes\/\">caromes<\/a><\/strong>,\u00a0<strong><a href=\"https:\/\/biljarts-clubke.com\/fr\/categorie-produit\/billard\/billard-americain-2\/\">tables de billard<\/a><\/strong>,\u00a0<strong><a href=\"https:\/\/biljarts-clubke.com\/fr\/categorie-produit\/billard\/billard-a-bandes\/\">billard \u00e0 bandes<\/a><\/strong>... sont fabriqu\u00e9s sur mesure dans notre entreprise selon les r\u00e8gles de l'art. Nous adaptons le design \u00e0 votre int\u00e9rieur et vous pouvez le personnaliser enti\u00e8rement : optez-vous pour un pi\u00e8tement en ch\u00eane, en acier ou en inox et souhaitez-vous le combiner avec, par exemple, un tissu noir, gris, etc. Tout est possible.<\/div>\n<div data-extension-version=\"1.0.4\">\n<p>Nous proposons \u00e9galement une large gamme de\u00a0<strong><a href=\"https:\/\/biljarts-clubke.com\/fr\/categorie-produit\/accessoires-de-billard\/\">accessoires<\/a><\/strong>\u00a0dans notre magasin et sur notre site Internet.<\/p>\n<h5 data-extension-version=\"1.0.4\">Enti\u00e8rement sur mesure, donc d\u00e9lais de livraison adapt\u00e9s<\/h5>\n<p>Nous personnalisons enti\u00e8rement votre table de billard, alors commandez \u00e0 temps. Cet artisanat unique est r\u00e9alis\u00e9 avec le c\u0153ur et l'\u00e2me, ce qui se traduit par un certain d\u00e9lai de livraison. Nous donnons toujours une estimation du d\u00e9lai de livraison, car nous devons tenir compte de nombreuses variables. Tous les billards sont fabriqu\u00e9s sur mesure pour chaque client. En fonction du mod\u00e8le et des options choisies, le d\u00e9lai de livraison est d'au moins 12 semaines. Selon la p\u00e9riode de l'ann\u00e9e, les d\u00e9lais de production et de livraison peuvent varier.<\/p>\n<p><a href=\"https:\/\/biljarts-clubke.com\/fr\/contact\/\"><strong>Renseignez-vous sur nos options !<\/strong><\/a><\/p>\n<\/div>\n<p>&nbsp;<\/p>\n<p>&nbsp;<\/p>\n<div id=\"ConnectiveDocSignExtentionInstalled\" data-extension-version=\"1.0.4\"><\/div>\n<div id=\"ConnectiveDocSignExtentionInstalled\" data-extension-version=\"1.0.4\"><\/div>\n<div id=\"ConnectiveDocSignExtentionInstalled\" data-extension-version=\"1.0.4\"><\/div>\n<div id=\"ConnectiveDocSignExtentionInstalled\" data-extension-version=\"1.0.4\"><\/div>\n<div id=\"ConnectiveDocSignExtentionInstalled\" data-extension-version=\"1.0.4\"><\/div>\n<div id=\"ConnectiveDocSignExtentionInstalled\" data-extension-version=\"1.0.4\"><\/div>\n<div id=\"ConnectiveDocSignExtentionInstalled\" data-extension-version=\"1.0.4\"><\/div>\n<div id=\"ConnectiveDocSignExtentionInstalled\" data-extension-version=\"1.0.4\"><\/div>\n<div id=\"ConnectiveDocSignExtentionInstalled\" data-extension-version=\"1.0.4\"><\/div>","protected":false},"excerpt":{"rendered":"<p>Table en ch\u00eane massif au look classique et contemporain. Avec son look intemporel, cette table \u00e0 trois bandes est un excellent compl\u00e9ment \u00e0 votre mancave, maison de vacances, salle de relaxation,... mais peut \u00e9galement servir de table dans votre espace de vie.<\/p>\n<div id=\"ConnectiveDocSignExtentionInstalled\" data-extension-version=\"1.0.4\"><\/div>\n<div id=\"ConnectiveDocSignExtentionInstalled\" data-extension-version=\"1.0.4\"><\/div>\n<div id=\"ConnectiveDocSignExtentionInstalled\" data-extension-version=\"1.0.4\"><\/div>\n<div id=\"ConnectiveDocSignExtentionInstalled\" data-extension-version=\"1.0.4\"><\/div>\n<div id=\"ConnectiveDocSignExtentionInstalled\" data-extension-version=\"1.0.4\"><\/div>\n<div id=\"ConnectiveDocSignExtentionInstalled\" data-extension-version=\"1.0.4\"><\/div>\n<div id=\"ConnectiveDocSignExtentionInstalled\" data-extension-version=\"1.0.4\"><\/div>\n<div id=\"ConnectiveDocSignExtentionInstalled\" data-extension-version=\"1.0.4\"><\/div>\n<div id=\"ConnectiveDocSignExtentionInstalled\" data-extension-version=\"1.0.4\"><\/div>\n<div id=\"ConnectiveDocSignExtentionInstalled\" data-extension-version=\"1.0.4\"><\/div>","protected":false},"featured_media":2061,"template":"","meta":{"_acf_changed":false,"_seopress_robots_primary_cat":"none","_seopress_titles_title":"Carambole Block massieve eik | Op maat | Biljarts 't Clubke","_seopress_titles_desc":"Onze professionele carambole Block is vervaardigd uit massieve eik. De driebandtafel is 100% personaliseerbaar.","_seopress_robots_index":""},"product_cat":[38,41],"product_tag":[83,48,92],"giftcard-category":[],"class_list":{"0":"post-1148","1":"product","2":"type-product","3":"status-publish","4":"has-post-thumbnail","6":"product_cat-biljart","7":"product_cat-carambole-drieband","8":"product_tag-biljart","9":"product_tag-carambole","10":"product_tag-drieband","12":"first","13":"instock","14":"taxable","15":"shipping-taxable","16":"purchasable","17":"product-type-simple"},"acf":[],"_links":{"self":[{"href":"https:\/\/biljarts-clubke.com\/fr\/wp-json\/wp\/v2\/product\/1148","targetHints":{"allow":["GET"]}}],"collection":[{"href":"https:\/\/biljarts-clubke.com\/fr\/wp-json\/wp\/v2\/product"}],"about":[{"href":"https:\/\/biljarts-clubke.com\/fr\/wp-json\/wp\/v2\/types\/product"}],"version-history":[{"count":0,"href":"https:\/\/biljarts-clubke.com\/fr\/wp-json\/wp\/v2\/product\/1148\/revisions"}],"wp:featuredmedia":[{"embeddable":true,"href":"https:\/\/biljarts-clubke.com\/fr\/wp-json\/wp\/v2\/media\/2061"}],"wp:attachment":[{"href":"https:\/\/biljarts-clubke.com\/fr\/wp-json\/wp\/v2\/media?parent=1148"}],"wp:term":[{"taxonomy":"product_cat","embeddable":true,"href":"https:\/\/biljarts-clubke.com\/fr\/wp-json\/wp\/v2\/product_cat?post=1148"},{"taxonomy":"product_tag","embeddable":true,"href":"https:\/\/biljarts-clubke.com\/fr\/wp-json\/wp\/v2\/product_tag?post=1148"},{"taxonomy":"giftcard-category","embeddable":true,"href":"https:\/\/biljarts-clubke.com\/fr\/wp-json\/wp\/v2\/giftcard-category?post=1148"}],"curies":[{"name":"wp","href":"https:\/\/api.w.org\/{rel}","templated":true}]}}