{"id":1151,"date":"2020-05-25T14:15:48","date_gmt":"2020-05-25T14:15:48","guid":{"rendered":"https:\/\/biljarts-clubke.com\/product\/homesoccer\/"},"modified":"2025-12-30T15:04:41","modified_gmt":"2025-12-30T15:04:41","slug":"football-a-domicile","status":"publish","type":"product","link":"https:\/\/biljarts-clubke.com\/fr\/product\/homesoccer\/","title":{"rendered":"Homesoccer by 't Clubke"},"content":{"rendered":"<h5>Homesoccer en ch\u00eane massif<\/h5>\n<p>Notre table de football professionnelle est fabriqu\u00e9e en ch\u00eane massif, avec les pi\u00e8ces de comp\u00e9tition appropri\u00e9es et un terrain de jeu en verre. En standard, le ch\u00eane n'est pas trait\u00e9. Si vous souhaitez assortir votre table \u00e0 votre int\u00e9rieur, il est possible de la peindre dans toutes les couleurs RAL, de la vernir, de la rendre mate ou brillante. Pour une finition plus brute, ce kicker peut \u00e9galement \u00eatre sabl\u00e9. Notre homesoccer est magnifiquement fini dans les moindres d\u00e9tails, un plaisir pour les yeux et un plaisir \u00e0 jouer.<\/p>\n<h5>Choix de la couleur du terrain de jeu et des joueurs<\/h5>\n<p>Vous pouvez choisir la couleur du terrain de jeu : vert, bleu, rouge, bordeaux ou noir en combinaison avec des couleurs assorties pour les joueurs en bois. Les accessoires de jeu standard sont inclus. Notre homesoccer peut \u00eatre livr\u00e9 en version de base \u00e0 partir du stock et peut \u00eatre facilement r\u00e9cup\u00e9r\u00e9 dans le magasin.<\/p>\n<h5>Biljarts 't Clubke : plus de 30 ans d'artisanat<\/h5>\n<p>Dennis a grandi dans le milieu du billard et, apr\u00e8s tout ce temps, il est toujours aussi passionn\u00e9. \"J'aime le d\u00e9fi que repr\u00e9sente la personnalisation\", dit-il. \"Chaque client satisfait me procure une \u00e9norme satisfaction.<br \/>\nNotre\u00a0<strong><a href=\"https:\/\/biljarts-clubke.com\/fr\/categorie-produit\/billard\/carom-trois-bandes\/\">caromes<\/a><\/strong>,\u00a0<strong><a href=\"https:\/\/biljarts-clubke.com\/fr\/categorie-produit\/billard\/billard-americain-2\/\">tables de billard<\/a><\/strong>,\u00a0<strong><a href=\"https:\/\/biljarts-clubke.com\/fr\/categorie-produit\/billard\/billard-a-bandes\/\">billard \u00e0 bandes<\/a><\/strong>... sont fabriqu\u00e9s sur mesure dans notre entreprise selon les r\u00e8gles de l'art. Nous adaptons le design \u00e0 votre int\u00e9rieur et vous pouvez le personnaliser enti\u00e8rement : optez-vous pour un pi\u00e8tement en ch\u00eane, en acier ou en inox et souhaitez-vous le combiner avec, par exemple, un tissu noir, gris, etc. Tout est possible.<br \/>\nNous proposons \u00e9galement une large gamme de\u00a0<strong><a href=\"https:\/\/biljarts-clubke.com\/fr\/categorie-produit\/accessoires-de-billard\/\">accessoires<\/a><\/strong>\u00a0dans notre magasin et sur notre site Internet.<\/p>\n<div data-extension-version=\"1.0.4\">\n<h5 data-extension-version=\"1.0.4\">Enti\u00e8rement sur mesure, donc d\u00e9lais de livraison adapt\u00e9s<\/h5>\n<p>Nous personnalisons enti\u00e8rement votre billard, alors commandez \u00e0 l'avance. Pour un billard standard, nous livrons dans un d\u00e9lai de 6 \u00e0 8 semaines. S'il y a des souhaits sp\u00e9cifiques, tels que la pulv\u00e9risation, la plaque de recouvrement, etc., nous avons besoin d'un peu plus de temps et vous pouvez compter sur un d\u00e9lai de livraison suppl\u00e9mentaire de 4 semaines.<\/p>\n<p><a href=\"https:\/\/biljarts-clubke.com\/fr\/contact\/\"><strong>Renseignez-vous sur nos options !<\/strong><\/a><\/p>\n<\/div>","protected":false},"excerpt":{"rendered":"<p>Baby-foot professionnel en ch\u00eane massif. Ce magnifique homesoccer s'int\u00e8gre parfaitement dans n'importe quel int\u00e9rieur. Avec son look intemporel, ce kicker est un excellent compl\u00e9ment \u00e0 votre mancave, maison de vacances, salle de relaxation,... mais peut \u00e9galement \u00eatre mis en valeur dans votre espace de vie.<\/p>\n<p>&nbsp;<\/p>","protected":false},"featured_media":1228,"template":"","meta":{"_acf_changed":false,"_seopress_robots_primary_cat":"none","_seopress_titles_title":"Homesoccer massieve eik | Op maat | Biljarts 't Clubke","_seopress_titles_desc":"Massieve eiken professionele homesoccer. Deze voetbaltafel is een prachtig meubelstuk voor uw mancave, vakantiewoning of gewoon bij u thuis.","_seopress_robots_index":""},"product_cat":[43],"product_tag":[99,100,51],"giftcard-category":[],"class_list":{"0":"post-1151","1":"product","2":"type-product","3":"status-publish","4":"has-post-thumbnail","6":"product_cat-voetbaltafel","7":"product_tag-homesoccer","8":"product_tag-kicker","9":"product_tag-voetbaltafel","11":"first","12":"outofstock","13":"taxable","14":"shipping-taxable","15":"purchasable","16":"product-type-simple"},"acf":[],"_links":{"self":[{"href":"https:\/\/biljarts-clubke.com\/fr\/wp-json\/wp\/v2\/product\/1151","targetHints":{"allow":["GET"]}}],"collection":[{"href":"https:\/\/biljarts-clubke.com\/fr\/wp-json\/wp\/v2\/product"}],"about":[{"href":"https:\/\/biljarts-clubke.com\/fr\/wp-json\/wp\/v2\/types\/product"}],"version-history":[{"count":1,"href":"https:\/\/biljarts-clubke.com\/fr\/wp-json\/wp\/v2\/product\/1151\/revisions"}],"predecessor-version":[{"id":25486,"href":"https:\/\/biljarts-clubke.com\/fr\/wp-json\/wp\/v2\/product\/1151\/revisions\/25486"}],"wp:featuredmedia":[{"embeddable":true,"href":"https:\/\/biljarts-clubke.com\/fr\/wp-json\/wp\/v2\/media\/1228"}],"wp:attachment":[{"href":"https:\/\/biljarts-clubke.com\/fr\/wp-json\/wp\/v2\/media?parent=1151"}],"wp:term":[{"taxonomy":"product_cat","embeddable":true,"href":"https:\/\/biljarts-clubke.com\/fr\/wp-json\/wp\/v2\/product_cat?post=1151"},{"taxonomy":"product_tag","embeddable":true,"href":"https:\/\/biljarts-clubke.com\/fr\/wp-json\/wp\/v2\/product_tag?post=1151"},{"taxonomy":"giftcard-category","embeddable":true,"href":"https:\/\/biljarts-clubke.com\/fr\/wp-json\/wp\/v2\/giftcard-category?post=1151"}],"curies":[{"name":"wp","href":"https:\/\/api.w.org\/{rel}","templated":true}]}}