{"id":11751,"date":"2022-03-24T17:35:36","date_gmt":"2022-03-24T17:35:36","guid":{"rendered":"https:\/\/biljarts-clubke.com\/?post_type=product&#038;p=11751"},"modified":"2026-03-04T10:18:20","modified_gmt":"2026-03-04T10:18:20","slug":"arbres-rouge-dragon-nitrotech-jaune","status":"publish","type":"product","link":"https:\/\/biljarts-clubke.com\/fr\/product\/shafts-red-dragon-nitrotech-yellow\/","title":{"rendered":"Fl\u00e8ches de fl\u00e9chettes Red Dragon Nitrotech Yellow"},"content":{"rendered":"<ul>\n<li>Fl\u00e8ches solides en polycarbonate transparent<\/li>\n<li>\u00c9quip\u00e9 d'un couvercle en aluminium qui maintient le vol fermement en place (syst\u00e8me de verrouillage du vol).<\/li>\n<li>Disponible en 2 longueurs : moyenne 42mm - courte 36mm<\/li>\n<li>1 jeu contient 3 arbres<\/li>\n<\/ul>","protected":false},"excerpt":{"rendered":"<p>Ensemble compos\u00e9 de 3 arbres.<\/p>","protected":false},"featured_media":11754,"template":"","meta":{"_acf_changed":false,"_seopress_robots_primary_cat":"66","_seopress_titles_title":"Dart shafts Red Dragon Nitrotech Yellow | Biljarts 't Clubke","_seopress_titles_desc":"Set dart shafts van Red Dragon Nitrotech, bestaande uit 3 shafts. Kleur: yellow. Ook verkrijgbaar in 6 andere kleuren.","_seopress_robots_index":""},"product_cat":[66,342,328],"product_tag":[137,343,301,329],"giftcard-category":[],"class_list":{"0":"post-11751","1":"product","2":"type-product","3":"status-publish","4":"has-post-thumbnail","6":"product_cat-darts-kopen","7":"product_cat-red-dragon-shafts","8":"product_cat-shafts","9":"product_tag-darts","10":"product_tag-nitrotech","11":"product_tag-red-dragon","12":"product_tag-shafts","14":"first","15":"instock","16":"taxable","17":"shipping-taxable","18":"purchasable","19":"product-type-variable"},"acf":[],"_links":{"self":[{"href":"https:\/\/biljarts-clubke.com\/fr\/wp-json\/wp\/v2\/product\/11751","targetHints":{"allow":["GET"]}}],"collection":[{"href":"https:\/\/biljarts-clubke.com\/fr\/wp-json\/wp\/v2\/product"}],"about":[{"href":"https:\/\/biljarts-clubke.com\/fr\/wp-json\/wp\/v2\/types\/product"}],"version-history":[{"count":1,"href":"https:\/\/biljarts-clubke.com\/fr\/wp-json\/wp\/v2\/product\/11751\/revisions"}],"predecessor-version":[{"id":24682,"href":"https:\/\/biljarts-clubke.com\/fr\/wp-json\/wp\/v2\/product\/11751\/revisions\/24682"}],"wp:featuredmedia":[{"embeddable":true,"href":"https:\/\/biljarts-clubke.com\/fr\/wp-json\/wp\/v2\/media\/11754"}],"wp:attachment":[{"href":"https:\/\/biljarts-clubke.com\/fr\/wp-json\/wp\/v2\/media?parent=11751"}],"wp:term":[{"taxonomy":"product_cat","embeddable":true,"href":"https:\/\/biljarts-clubke.com\/fr\/wp-json\/wp\/v2\/product_cat?post=11751"},{"taxonomy":"product_tag","embeddable":true,"href":"https:\/\/biljarts-clubke.com\/fr\/wp-json\/wp\/v2\/product_tag?post=11751"},{"taxonomy":"giftcard-category","embeddable":true,"href":"https:\/\/biljarts-clubke.com\/fr\/wp-json\/wp\/v2\/giftcard-category?post=11751"}],"curies":[{"name":"wp","href":"https:\/\/api.w.org\/{rel}","templated":true}]}}