{"id":12710,"date":"2022-07-06T18:47:45","date_gmt":"2022-07-06T18:47:45","guid":{"rendered":"https:\/\/biljarts-clubke.com\/?post_type=product&#038;p=12710"},"modified":"2025-07-04T14:10:57","modified_gmt":"2025-07-04T14:10:57","slug":"dragon-rouge-gerwyn-price-iceman-world-championship-special-edition","status":"publish","type":"product","link":"https:\/\/biljarts-clubke.com\/fr\/product\/red-dragon-gerwyn-price-iceman-world-championship-special-edition\/","title":{"rendered":"Red Dragon Gerwyn Price Iceman | World Champion Special Edition"},"content":{"rendered":"<ul>\n<li>Gerwyn Price WC SE ses fl\u00e9chettes professionnelles en tungst\u00e8ne 90%<\/li>\n<li>Tungst\u00e8ne 90% = m\u00e9tal \u00e0 haute densit\u00e9 qui permet d'amincir le canon sans sacrifier le poids.<\/li>\n<li>Disponible en 24 et 26 grammes<\/li>\n<\/ul>\n<table border=\"1\" width=\"347\">\n<tbody>\n<tr>\n<td><strong>Poids :<\/strong><\/td>\n<td><strong>Longueur du canon :<\/strong><\/td>\n<td><strong>Diam\u00e8tre du canon :<\/strong><\/td>\n<\/tr>\n<tr>\n<td>24 g<\/td>\n<td>50,80 mm<\/td>\n<td>6,70 mm<\/td>\n<\/tr>\n<tr>\n<td>26 g<\/td>\n<td>50,80 mm<\/td>\n<td>6,85 mm<\/td>\n<\/tr>\n<tr>\n<td><\/td>\n<td><\/td>\n<td><\/td>\n<\/tr>\n<tr>\n<td><\/td>\n<td><\/td>\n<td><\/td>\n<\/tr>\n<tr>\n<td><\/td>\n<td><\/td>\n<td><\/td>\n<\/tr>\n<\/tbody>\n<\/table>\n<ul>\n<li>Excellente prise en main<\/li>\n<li>Manche : Polycarbonate Nitrotech court<\/li>\n<li>Vol : standard 100 microns<\/li>\n<li>\u00c9quilibre et stabilit\u00e9 optimaux lors du lancer<\/li>\n<li>Les fl\u00e9chettes WC SE de Gerwyn Price sont dot\u00e9es d'une poign\u00e9e innovante et d'une apparence \u00e9l\u00e9gante.<\/li>\n<li>Poids du match - poids central<\/li>\n<li>Testable dans notre magasin<\/li>\n<\/ul>\n<h4>Red Dragon - des fl\u00e9chettes qui font mouche<\/h4>\n<p>La marque britannique de fl\u00e9chettes Red Dragon est une marque haut de gamme \u00e0 laquelle sont attach\u00e9s plusieurs grands fl\u00e9cheurs. Les produits Red Dragon se caract\u00e9risent et se distinguent des autres marques par leur aspect luxueux et leur belle finition. Les fl\u00e9chettes sont g\u00e9n\u00e9ralement fabriqu\u00e9es avec des couleurs vives et une poign\u00e9e qui attire l'attention. Une marque fantastique !<\/p>\n<h4>Large gamme de fl\u00e9chettes<\/h4>\n<p>Notre objectif est de vous faire vivre une exp\u00e9rience divertissante dans notre magasin. Depuis plus de 30 ans, nous sommes actifs dans le monde des jeux de pubs o\u00f9 les fl\u00e9chettes ne peuvent manquer. Nous disposons d'un large assortiment dans notre magasin physique et compl\u00e9tons r\u00e9guli\u00e8rement notre boutique en ligne.<br \/>\nNous proposons des plateaux de fl\u00e9chettes, des entourages et des \u00e9clairages, des tapis de fl\u00e9chettes, des bo\u00eetes \u00e0 fl\u00e9chettes, des pointes en acier, des \u00e9tuis, des arbres et des vol\u00e9es, des accessoires, des plateaux de fl\u00e9chettes \u00e9lectroniques, des fl\u00e9chettes \u00e0 pointe souple,... et toutes les grandes marques.<br \/>\nIls peuvent \u00eatre command\u00e9s en ligne et livr\u00e9s par bpost ou peuvent \u00eatre retir\u00e9s dans notre magasin.<br \/>\nL'achat en ligne vous semble difficile ? Nous vous accueillons pour des conseils personnalis\u00e9s, vous pouvez toujours tester les fl\u00e9chettes avec nous afin que vous repartiez avec la fl\u00e8che parfaite et la bonne configuration. Nous \u00e9largissons r\u00e9guli\u00e8rement notre gamme, alors n'h\u00e9sitez pas \u00e0 nous rendre visite et \u00e0 vous promener dans notre magasin de fl\u00e9chettes.\u00a0<strong><a href=\"https:\/\/biljarts-clubke.com\/fr\/magasin-et-salle-dexposition\/\">salle d'exposition<\/a>.\u00a0<\/strong>Nous sommes heureux de vous accueillir pendant nos heures d'ouverture.<br \/>\nVous avez des questions sur le d\u00e9lai de livraison d'un produit ou vous ne trouvez pas ce que vous cherchez en ligne ? N'h\u00e9sitez pas \u00e0 contacter\u00a0<strong><a tabindex=\"-1\" href=\"https:\/\/biljarts-clubke.com\/fr\/contact\/\">contact<\/a><\/strong>\u00a0avec nous, il y a de fortes chances que nous l'ayons en stock dans le magasin. Vous pouvez \u00e9galement nous contacter pour l'installation de nouvelles pointes de fl\u00e9chettes.<\/p>\n<p><strong>Billard 't Clubke<\/strong>Le site web de l'association : pour la qualit\u00e9 et l'expertise, vous pouvez vous adresser \u00e0 nous pour tout ce qui a trait aux jeux de soci\u00e9t\u00e9 !<\/p>","protected":false},"excerpt":{"rendered":"<p>Jeu de fl\u00e9chettes professionnel de la marque Red Dragon qui a accueilli depuis plusieurs champions du monde, dont ce Gerwyn Price 'Iceman'. Les fl\u00e9chettes se caract\u00e9risent par leur beau design et leur finition soign\u00e9e.<\/p>","protected":false},"featured_media":12715,"template":"","meta":{"_acf_changed":false,"_seopress_robots_primary_cat":"66","_seopress_titles_title":"Gerwyn Price WC SE | Ruim assortiment darts | Biljarts 't Clubke","_seopress_titles_desc":"Gerwyn Price WC SE zijn professionele dartpijlen voorzien van een innovatieve grip van het prachtmerk Red Dragon.","_seopress_robots_index":""},"product_cat":[251,66,300],"product_tag":[137,304,305,301,254],"giftcard-category":[],"class_list":{"0":"post-12710","1":"product","2":"type-product","3":"status-publish","4":"has-post-thumbnail","6":"product_cat-dartpijlen","7":"product_cat-darts-kopen","8":"product_cat-red-dragon-dartpijlen","9":"product_tag-darts","10":"product_tag-gerwyn-price","11":"product_tag-iceman","12":"product_tag-red-dragon","13":"product_tag-steeltips","15":"first","16":"outofstock","17":"taxable","18":"shipping-taxable","19":"purchasable","20":"product-type-variable"},"acf":[],"_links":{"self":[{"href":"https:\/\/biljarts-clubke.com\/fr\/wp-json\/wp\/v2\/product\/12710","targetHints":{"allow":["GET"]}}],"collection":[{"href":"https:\/\/biljarts-clubke.com\/fr\/wp-json\/wp\/v2\/product"}],"about":[{"href":"https:\/\/biljarts-clubke.com\/fr\/wp-json\/wp\/v2\/types\/product"}],"version-history":[{"count":1,"href":"https:\/\/biljarts-clubke.com\/fr\/wp-json\/wp\/v2\/product\/12710\/revisions"}],"predecessor-version":[{"id":24328,"href":"https:\/\/biljarts-clubke.com\/fr\/wp-json\/wp\/v2\/product\/12710\/revisions\/24328"}],"wp:featuredmedia":[{"embeddable":true,"href":"https:\/\/biljarts-clubke.com\/fr\/wp-json\/wp\/v2\/media\/12715"}],"wp:attachment":[{"href":"https:\/\/biljarts-clubke.com\/fr\/wp-json\/wp\/v2\/media?parent=12710"}],"wp:term":[{"taxonomy":"product_cat","embeddable":true,"href":"https:\/\/biljarts-clubke.com\/fr\/wp-json\/wp\/v2\/product_cat?post=12710"},{"taxonomy":"product_tag","embeddable":true,"href":"https:\/\/biljarts-clubke.com\/fr\/wp-json\/wp\/v2\/product_tag?post=12710"},{"taxonomy":"giftcard-category","embeddable":true,"href":"https:\/\/biljarts-clubke.com\/fr\/wp-json\/wp\/v2\/giftcard-category?post=12710"}],"curies":[{"name":"wp","href":"https:\/\/api.w.org\/{rel}","templated":true}]}}