{"id":13478,"date":"2022-09-08T07:02:18","date_gmt":"2022-09-08T07:02:18","guid":{"rendered":"https:\/\/biljarts-clubke.com\/?post_type=product&#038;p=13478"},"modified":"2026-02-28T12:08:17","modified_gmt":"2026-02-28T12:08:17","slug":"etui-a-flechettes-shot-slim-tactical-blue","status":"publish","type":"product","link":"https:\/\/biljarts-clubke.com\/fr\/product\/dart-case-shot-slim-tactical-blauw\/","title":{"rendered":"Etui \u00e0 fl\u00e9chettes Shot Slim Tactical | Bleu"},"content":{"rendered":"<p>Bel \u00e9tui \u00e0 fl\u00e9chettes Slim Tactical de la marque Shot, ici en bleu, mais \u00e9galement disponible dans d'autres couleurs.<\/p>\n<ul>\n<li>Bo\u00eetier en mat\u00e9riau EVA solide et durable<\/li>\n<li>Dimensions : 18cm x 8cm x 4cm<\/li>\n<li>L'\u00e9tui \u00e0 fl\u00e9chettes Slim Tactical de Shot's en bleu permet de ranger 1 jeu de fl\u00e9chettes.<\/li>\n<li>Les fl\u00e9chettes peuvent \u00eatre stock\u00e9es dans leur int\u00e9gralit\u00e9 sans retirer les volants.<\/li>\n<li>Compartiments et espace pr\u00e9vus pour le rangement d'accessoires suppl\u00e9mentaires<\/li>\n<li>Disponible en 3 versions diff\u00e9rentes<\/li>\n<li>Fourni sans accessoires<\/li>\n<\/ul>\n<h4>Large gamme de fl\u00e9chettes<\/h4>\n<p>Notre objectif est de vous faire vivre une exp\u00e9rience divertissante dans notre magasin. Depuis plus de 30 ans, nous sommes actifs dans le monde des jeux de pubs o\u00f9 les fl\u00e9chettes ne peuvent manquer. Nous disposons d'un large assortiment dans notre magasin physique et compl\u00e9tons r\u00e9guli\u00e8rement notre boutique en ligne.<br \/>\nNous proposons des plateaux de fl\u00e9chettes, des entourages et des \u00e9clairages, des tapis de fl\u00e9chettes, des bo\u00eetes \u00e0 fl\u00e9chettes, des pointes en acier, des \u00e9tuis, des arbres et des vol\u00e9es, des accessoires, des plateaux de fl\u00e9chettes \u00e9lectroniques, des fl\u00e9chettes \u00e0 pointe souple,... et toutes les grandes marques.<br \/>\nIls peuvent \u00eatre command\u00e9s en ligne et livr\u00e9s par bpost ou peuvent \u00eatre retir\u00e9s dans notre magasin.<br \/>\nL'achat en ligne vous semble difficile ? Nous vous accueillons pour des conseils personnalis\u00e9s, vous pouvez toujours tester les fl\u00e9chettes avec nous afin que vous repartiez avec la fl\u00e8che parfaite et la bonne configuration. Nous \u00e9largissons r\u00e9guli\u00e8rement notre gamme, alors n'h\u00e9sitez pas \u00e0 nous rendre visite et \u00e0 vous promener dans notre magasin de fl\u00e9chettes. <strong><a href=\"https:\/\/biljarts-clubke.com\/fr\/magasin-et-salle-dexposition\/\">salle d'exposition<\/a>. <\/strong>Nous sommes heureux de vous accueillir pendant nos heures d'ouverture.<br \/>\nVous avez des questions sur le d\u00e9lai de livraison d'un produit ou vous ne trouvez pas ce que vous cherchez en ligne ? N'h\u00e9sitez pas \u00e0 contacter <strong><a tabindex=\"-1\" href=\"https:\/\/biljarts-clubke.com\/fr\/contact\/\">contact<\/a><\/strong> avec nous, il y a de fortes chances que nous l'ayons en stock dans le magasin. Vous pouvez \u00e9galement nous contacter pour l'installation de nouvelles pointes de fl\u00e9chettes.<\/p>\n<p><strong>Billard 't Clubke<\/strong>Le site web de l'association : pour la qualit\u00e9 et l'expertise, vous pouvez vous adresser \u00e0 nous pour tout ce qui a trait aux jeux de soci\u00e9t\u00e9 !<\/p>","protected":false},"excerpt":{"rendered":"<p>L'\u00e9tui \u00e0 fl\u00e9chettes bleu de Shot est un syst\u00e8me de rangement pratique pour les fl\u00e9chettes et les pi\u00e8ces suppl\u00e9mentaires.<\/p>","protected":false},"featured_media":13480,"template":"","meta":{"_acf_changed":false,"_seopress_robots_primary_cat":"66","_seopress_titles_title":"Shot Slim Tactical blauw | Dart case - Biljarts 't Clubke","_seopress_titles_desc":"De dart case Shot Slim Tactical blauw is een handig opbergsysteem voor dartpijlen en extra onderdelen en accessoires. Verkrijgbaar in verschillende kleuren.","_seopress_robots_index":""},"product_cat":[349,66,382],"product_tag":[383,249],"giftcard-category":[],"class_list":{"0":"post-13478","1":"product","2":"type-product","3":"status-publish","4":"has-post-thumbnail","6":"product_cat-dart-cases","7":"product_cat-darts-kopen","8":"product_cat-shot-dart-cases","9":"product_tag-dart-case","10":"product_tag-shot","12":"first","13":"instock","14":"taxable","15":"shipping-taxable","16":"purchasable","17":"product-type-simple"},"acf":[],"_links":{"self":[{"href":"https:\/\/biljarts-clubke.com\/fr\/wp-json\/wp\/v2\/product\/13478","targetHints":{"allow":["GET"]}}],"collection":[{"href":"https:\/\/biljarts-clubke.com\/fr\/wp-json\/wp\/v2\/product"}],"about":[{"href":"https:\/\/biljarts-clubke.com\/fr\/wp-json\/wp\/v2\/types\/product"}],"version-history":[{"count":1,"href":"https:\/\/biljarts-clubke.com\/fr\/wp-json\/wp\/v2\/product\/13478\/revisions"}],"predecessor-version":[{"id":25711,"href":"https:\/\/biljarts-clubke.com\/fr\/wp-json\/wp\/v2\/product\/13478\/revisions\/25711"}],"wp:featuredmedia":[{"embeddable":true,"href":"https:\/\/biljarts-clubke.com\/fr\/wp-json\/wp\/v2\/media\/13480"}],"wp:attachment":[{"href":"https:\/\/biljarts-clubke.com\/fr\/wp-json\/wp\/v2\/media?parent=13478"}],"wp:term":[{"taxonomy":"product_cat","embeddable":true,"href":"https:\/\/biljarts-clubke.com\/fr\/wp-json\/wp\/v2\/product_cat?post=13478"},{"taxonomy":"product_tag","embeddable":true,"href":"https:\/\/biljarts-clubke.com\/fr\/wp-json\/wp\/v2\/product_tag?post=13478"},{"taxonomy":"giftcard-category","embeddable":true,"href":"https:\/\/biljarts-clubke.com\/fr\/wp-json\/wp\/v2\/giftcard-category?post=13478"}],"curies":[{"name":"wp","href":"https:\/\/api.w.org\/{rel}","templated":true}]}}