{"id":13512,"date":"2022-09-09T15:13:24","date_gmt":"2022-09-09T15:13:24","guid":{"rendered":"https:\/\/biljarts-clubke.com\/?post_type=product&#038;p=13512"},"modified":"2024-05-13T15:44:20","modified_gmt":"2024-05-13T15:44:20","slug":"vols-target-dimitri-van-den-bergh-no-2-red","status":"publish","type":"product","link":"https:\/\/biljarts-clubke.com\/fr\/product\/flights-target-dimitri-van-den-bergh-no-2-red\/","title":{"rendered":"Cible des vols Dimitri Van den Bergh | No.2 Red"},"content":{"rendered":"<p>Cible des vols Dimitri Van den Bergh | No.2 Red<\/p>\n<ul>\n<li>Ces vols Target No.2 Red portent le logo Dream Maker.<\/li>\n<li>Forme : standard 2<\/li>\n<li>\u00c9paisseur : 100 microns = la plus courante (plus le micron est \u00e9lev\u00e9, plus le vol est r\u00e9sistant et durable)<\/li>\n<li>1 set contient 3 vols<\/li>\n<li>Les vols Target No.2 Red ont \u00e9t\u00e9 con\u00e7us en collaboration avec la gamme de cuivres de Dimitri Van den Bergh.<\/li>\n<li>Un beau vol qui attire l'attention, \u00e9galement disponible en jaune ou en noir.<\/li>\n<\/ul>\n<h4>Vols Dart<\/h4>\n<p>Les fl\u00e9chettes sont de petites ailettes a\u00e9rodynamiques situ\u00e9es \u00e0 l'arri\u00e8re de la fl\u00e9chette. L'objectif principal d'une ailette est de donner de la stabilit\u00e9 \u00e0 la fl\u00e9chette lorsqu'elle est lanc\u00e9e. Les ailettes de fl\u00e9chettes sont g\u00e9n\u00e9ralement en plastique ou en nylon et se pr\u00e9sentent sous diff\u00e9rentes formes, tailles et textures, chacune ayant un effet diff\u00e9rent sur le lancer.<br \/>\nCompte tenu du r\u00f4le qu'elles jouent dans le jeu, il est bon de conserver les fl\u00e9chettes en bon \u00e9tat et de les remplacer si n\u00e9cessaire, car il est tout \u00e0 fait normal qu'elles tombent r\u00e9guli\u00e8rement en panne au cours du jeu.<\/p>\n<h4>Large gamme de fl\u00e9chettes<\/h4>\n<p>Notre objectif est de vous faire vivre une exp\u00e9rience divertissante dans notre magasin. Depuis plus de 30 ans, nous sommes actifs dans le monde des jeux de pubs o\u00f9 les fl\u00e9chettes ne peuvent manquer. Nous disposons d'un large assortiment dans notre magasin physique et compl\u00e9tons r\u00e9guli\u00e8rement notre boutique en ligne.<br \/>\nNous proposons des plateaux de fl\u00e9chettes, des entourages et des \u00e9clairages, des tapis de fl\u00e9chettes, des bo\u00eetes \u00e0 fl\u00e9chettes, des pointes en acier, des \u00e9tuis, des arbres et des vol\u00e9es, des accessoires, des plateaux de fl\u00e9chettes \u00e9lectroniques, des fl\u00e9chettes \u00e0 pointe souple,... et toutes les grandes marques.<br \/>\nIls peuvent \u00eatre command\u00e9s en ligne et livr\u00e9s par bpost ou peuvent \u00eatre retir\u00e9s dans notre magasin.<br \/>\nL'achat en ligne vous semble difficile ? Nous vous accueillons pour des conseils personnalis\u00e9s, vous pouvez toujours tester les fl\u00e9chettes avec nous afin que vous repartiez avec la fl\u00e8che parfaite et la bonne configuration. Nous \u00e9largissons r\u00e9guli\u00e8rement notre gamme, alors n'h\u00e9sitez pas \u00e0 nous rendre visite et \u00e0 vous promener dans notre magasin de fl\u00e9chettes.\u00a0<strong><a href=\"https:\/\/biljarts-clubke.com\/fr\/magasin-et-salle-dexposition\/\">salle d'exposition<\/a>.\u00a0<\/strong>Nous sommes heureux de vous accueillir pendant nos heures d'ouverture.<br \/>\nVous avez des questions sur le d\u00e9lai de livraison d'un produit ou vous ne trouvez pas ce que vous cherchez en ligne ? N'h\u00e9sitez pas \u00e0 contacter\u00a0<strong><a tabindex=\"-1\" href=\"https:\/\/biljarts-clubke.com\/fr\/contact\/\">contact<\/a><\/strong>\u00a0avec nous, il y a de fortes chances que nous l'ayons en stock dans le magasin. Vous pouvez \u00e9galement nous contacter pour l'installation de nouvelles pointes de fl\u00e9chettes.<\/p>\n<p><strong>Billard 't Clubke<\/strong>Le site web de l'association : pour la qualit\u00e9 et l'expertise, vous pouvez vous adresser \u00e0 nous pour tout ce qui a trait aux jeux de soci\u00e9t\u00e9 !<\/p>","protected":false},"excerpt":{"rendered":"<p>Vols Target No.2 Rouge de notre compatriote Dimitri Van den Bergh avec le logo Dream Maker.<\/p>","protected":false},"featured_media":13514,"template":"","meta":{"_acf_changed":false,"_seopress_robots_primary_cat":"66","_seopress_titles_title":"Flights Target No.2 Red | Dimitri Van den Bergh - Biljarts 't Clubke","_seopress_titles_desc":"Flights Target No.2 Red van onze landgenoot Dimitri Van den Bergh met Dream Maker logo. Een set bestaat uit 3 flights, ook verkrijgbaar in geel of zwart.","_seopress_robots_index":""},"product_cat":[66,325,385],"product_tag":[262,326,327],"giftcard-category":[],"class_list":{"0":"post-13512","1":"product","2":"type-product","3":"status-publish","4":"has-post-thumbnail","6":"product_cat-darts-kopen","7":"product_cat-flights","8":"product_cat-target-flights","9":"product_tag-dimitri-van-den-bergh","10":"product_tag-flights","11":"product_tag-target","13":"first","14":"outofstock","15":"taxable","16":"shipping-taxable","17":"purchasable","18":"product-type-simple"},"acf":[],"_links":{"self":[{"href":"https:\/\/biljarts-clubke.com\/fr\/wp-json\/wp\/v2\/product\/13512","targetHints":{"allow":["GET"]}}],"collection":[{"href":"https:\/\/biljarts-clubke.com\/fr\/wp-json\/wp\/v2\/product"}],"about":[{"href":"https:\/\/biljarts-clubke.com\/fr\/wp-json\/wp\/v2\/types\/product"}],"version-history":[{"count":0,"href":"https:\/\/biljarts-clubke.com\/fr\/wp-json\/wp\/v2\/product\/13512\/revisions"}],"wp:featuredmedia":[{"embeddable":true,"href":"https:\/\/biljarts-clubke.com\/fr\/wp-json\/wp\/v2\/media\/13514"}],"wp:attachment":[{"href":"https:\/\/biljarts-clubke.com\/fr\/wp-json\/wp\/v2\/media?parent=13512"}],"wp:term":[{"taxonomy":"product_cat","embeddable":true,"href":"https:\/\/biljarts-clubke.com\/fr\/wp-json\/wp\/v2\/product_cat?post=13512"},{"taxonomy":"product_tag","embeddable":true,"href":"https:\/\/biljarts-clubke.com\/fr\/wp-json\/wp\/v2\/product_tag?post=13512"},{"taxonomy":"giftcard-category","embeddable":true,"href":"https:\/\/biljarts-clubke.com\/fr\/wp-json\/wp\/v2\/giftcard-category?post=13512"}],"curies":[{"name":"wp","href":"https:\/\/api.w.org\/{rel}","templated":true}]}}