{"id":13560,"date":"2022-09-19T06:24:23","date_gmt":"2022-09-19T06:24:23","guid":{"rendered":"https:\/\/biljarts-clubke.com\/?post_type=product&#038;p=13560"},"modified":"2023-04-22T13:33:15","modified_gmt":"2023-04-22T13:33:15","slug":"brosse-de-billard-26cm","status":"publish","type":"product","link":"https:\/\/biljarts-clubke.com\/fr\/product\/biljart-borstel-26cm\/","title":{"rendered":"Brosse \u00e0 billard 26cm"},"content":{"rendered":"<ul>\n<li>Brosse pour l'entretien du tissu d'une table de billard<\/li>\n<li>Soie de porc synth\u00e9tique<\/li>\n<li>Mod\u00e8le unique avec des poils horizontaux pour enlever la poussi\u00e8re sous les pneus<\/li>\n<li>Fabriqu\u00e9 en Belgique<\/li>\n<\/ul>\n<p>Fait : des poils peuvent se d\u00e9tacher lors de la premi\u00e8re utilisation, ce qui est tout \u00e0 fait normal.<\/p>","protected":false},"excerpt":{"rendered":"<p>Brosse de qualit\u00e9 pour l'entretien des feuilles et des sangles.<\/p>","protected":false},"featured_media":13561,"template":"","meta":{"_acf_changed":false,"_seopress_robots_primary_cat":"44","_seopress_titles_title":"","_seopress_titles_desc":"","_seopress_robots_index":""},"product_cat":[44,71],"product_tag":[],"giftcard-category":[],"class_list":{"0":"post-13560","1":"product","2":"type-product","3":"status-publish","4":"has-post-thumbnail","6":"product_cat-biljart-toebehoren","7":"product_cat-tafelonderdelen","9":"first","10":"instock","11":"taxable","12":"shipping-taxable","13":"purchasable","14":"product-type-simple"},"acf":[],"_links":{"self":[{"href":"https:\/\/biljarts-clubke.com\/fr\/wp-json\/wp\/v2\/product\/13560","targetHints":{"allow":["GET"]}}],"collection":[{"href":"https:\/\/biljarts-clubke.com\/fr\/wp-json\/wp\/v2\/product"}],"about":[{"href":"https:\/\/biljarts-clubke.com\/fr\/wp-json\/wp\/v2\/types\/product"}],"version-history":[{"count":0,"href":"https:\/\/biljarts-clubke.com\/fr\/wp-json\/wp\/v2\/product\/13560\/revisions"}],"wp:featuredmedia":[{"embeddable":true,"href":"https:\/\/biljarts-clubke.com\/fr\/wp-json\/wp\/v2\/media\/13561"}],"wp:attachment":[{"href":"https:\/\/biljarts-clubke.com\/fr\/wp-json\/wp\/v2\/media?parent=13560"}],"wp:term":[{"taxonomy":"product_cat","embeddable":true,"href":"https:\/\/biljarts-clubke.com\/fr\/wp-json\/wp\/v2\/product_cat?post=13560"},{"taxonomy":"product_tag","embeddable":true,"href":"https:\/\/biljarts-clubke.com\/fr\/wp-json\/wp\/v2\/product_tag?post=13560"},{"taxonomy":"giftcard-category","embeddable":true,"href":"https:\/\/biljarts-clubke.com\/fr\/wp-json\/wp\/v2\/giftcard-category?post=13560"}],"curies":[{"name":"wp","href":"https:\/\/api.w.org\/{rel}","templated":true}]}}