{"id":1479,"date":"2020-09-01T11:50:18","date_gmt":"2020-09-01T11:50:18","guid":{"rendered":"https:\/\/biljarts-clubke.com\/product\/koffer-2-vak-roze\/"},"modified":"2026-04-05T17:35:52","modified_gmt":"2026-04-05T17:35:52","slug":"mallette-cube-2-compartiments","status":"publish","type":"product","link":"https:\/\/biljarts-clubke.com\/fr\/product\/keukoffer-2-vak\/","title":{"rendered":"Mallette \u00e0 baguettes \u00e0 2 compartiments"},"content":{"rendered":"<p>Cet \u00e9tui rigide pour queue de billard est le compagnon id\u00e9al des joueurs de billard et de billard am\u00e9ricain qui souhaitent ranger et transporter leur queue de billard en deux parties en toute s\u00e9curit\u00e9. Gr\u00e2ce \u00e0 sa construction durable, cette mallette offre une protection maximale \u00e0 votre pr\u00e9cieuse queue de billard.<\/p>\n<p>L'ext\u00e9rieur de l'\u00e9tui est robuste et r\u00e9siste aux coups et aux chocs, ce qui permet de prot\u00e9ger votre queue de billard m\u00eame en voyage. L'int\u00e9rieur est soigneusement con\u00e7u avec des d\u00e9coupes sur mesure pour maintenir votre queue de billard en deux parties bien en place, l'emp\u00eachant de bouger ou de s'ab\u00eemer.<\/p>\n<p>Que vous alliez au club de billard, que vous participiez \u00e0 un tournoi ou que vous souhaitiez simplement prot\u00e9ger votre queue de billard lorsqu'elle n'est pas utilis\u00e9e, cet \u00e9tui offre une solution fiable. C'est la combinaison id\u00e9ale de style, de durabilit\u00e9 et de fonctionnalit\u00e9 pour s'assurer que votre queue de billard reste en parfait \u00e9tat.<\/p>\n<div id=\"ConnectiveDocSignExtentionInstalled\" data-extension-version=\"1.0.4\"><\/div>\n<div id=\"ConnectiveDocSignExtentionInstalled\" data-extension-version=\"1.0.4\"><\/div>\n<div id=\"ConnectiveDocSignExtentionInstalled\" data-extension-version=\"1.0.4\"><\/div>\n<div id=\"ConnectiveDocSignExtentionInstalled\" data-extension-version=\"1.0.4\"><\/div>","protected":false},"excerpt":{"rendered":"<ul>\n<li>Etui pour queue de billard 2 pi\u00e8ces<\/li>\n<li>\u00c9tui rigide<\/li>\n<\/ul>\n<div id=\"ConnectiveDocSignExtentionInstalled\" data-extension-version=\"1.0.4\"><\/div>\n<div id=\"ConnectiveDocSignExtentionInstalled\" data-extension-version=\"1.0.4\"><\/div>","protected":false},"featured_media":20043,"template":"","meta":{"_acf_changed":false,"_seopress_robots_primary_cat":"44","_seopress_titles_title":"Keukoffer voor 2-delige keu kopen | Biljarts 't Clubke","_seopress_titles_desc":"Deze standaard keukoffer voor een 2-delige keu en een harde behuizing is verkrijgbaar in 6 verschillende kleuren. Bestel jouw keukoffer hier.","_seopress_robots_index":""},"product_cat":[44,58,148],"product_tag":[147],"giftcard-category":[],"class_list":{"0":"post-1479","1":"product","2":"type-product","3":"status-publish","4":"has-post-thumbnail","6":"product_cat-biljart-toebehoren","7":"product_cat-keukoffers","8":"product_cat-keukoffers-zakken-tassen-en-kokers","9":"product_tag-keukoffer","11":"first","12":"instock","13":"taxable","14":"shipping-taxable","15":"purchasable","16":"product-type-variable"},"acf":[],"_links":{"self":[{"href":"https:\/\/biljarts-clubke.com\/fr\/wp-json\/wp\/v2\/product\/1479","targetHints":{"allow":["GET"]}}],"collection":[{"href":"https:\/\/biljarts-clubke.com\/fr\/wp-json\/wp\/v2\/product"}],"about":[{"href":"https:\/\/biljarts-clubke.com\/fr\/wp-json\/wp\/v2\/types\/product"}],"version-history":[{"count":1,"href":"https:\/\/biljarts-clubke.com\/fr\/wp-json\/wp\/v2\/product\/1479\/revisions"}],"predecessor-version":[{"id":24495,"href":"https:\/\/biljarts-clubke.com\/fr\/wp-json\/wp\/v2\/product\/1479\/revisions\/24495"}],"wp:featuredmedia":[{"embeddable":true,"href":"https:\/\/biljarts-clubke.com\/fr\/wp-json\/wp\/v2\/media\/20043"}],"wp:attachment":[{"href":"https:\/\/biljarts-clubke.com\/fr\/wp-json\/wp\/v2\/media?parent=1479"}],"wp:term":[{"taxonomy":"product_cat","embeddable":true,"href":"https:\/\/biljarts-clubke.com\/fr\/wp-json\/wp\/v2\/product_cat?post=1479"},{"taxonomy":"product_tag","embeddable":true,"href":"https:\/\/biljarts-clubke.com\/fr\/wp-json\/wp\/v2\/product_tag?post=1479"},{"taxonomy":"giftcard-category","embeddable":true,"href":"https:\/\/biljarts-clubke.com\/fr\/wp-json\/wp\/v2\/giftcard-category?post=1479"}],"curies":[{"name":"wp","href":"https:\/\/api.w.org\/{rel}","templated":true}]}}