{"id":1480,"date":"2020-09-01T11:50:18","date_gmt":"2020-09-01T11:50:18","guid":{"rendered":"https:\/\/biljarts-clubke.com\/product\/tas-frederic-caudron-grijs-beige\/"},"modified":"2023-11-04T14:53:33","modified_gmt":"2023-11-04T14:53:33","slug":"sac-frederic-caudron-gris-beige","status":"publish","type":"product","link":"https:\/\/biljarts-clubke.com\/fr\/product\/tas-frederic-caudron-grijs-beige\/","title":{"rendered":"Keutas Fr\u00e9d\u00e9ric Caudron gris-beige"},"content":{"rendered":"<ul>\n<li>Espace pour 2 pi\u00e8ces inf\u00e9rieures et 4 pi\u00e8ces sup\u00e9rieures<\/li>\n<li>2 poches de rangement suppl\u00e9mentaires sur le sac<\/li>\n<li>Bandouli\u00e8re<\/li>\n<\/ul>\n<div id=\"ConnectiveDocSignExtentionInstalled\" data-extension-version=\"1.0.4\"><\/div>","protected":false},"excerpt":{"rendered":"<p>Keutas en cuir avec signature de Fr\u00e9d\u00e9ric Caudron.<\/p>","protected":false},"featured_media":19800,"template":"","meta":{"_acf_changed":false,"_seopress_robots_primary_cat":"44","_seopress_titles_title":"Keutas Fr\u00e9d\u00e9ric Caudron grijs-beige | Biljarts &#039;t Clubke","_seopress_titles_desc":"Lederen keutas met handtekening van Fr\u00e9d\u00e9ric Caudron.","_seopress_robots_index":""},"product_cat":[44,148,59],"product_tag":[146,149],"giftcard-category":[],"class_list":{"0":"post-1480","1":"product","2":"type-product","3":"status-publish","4":"has-post-thumbnail","6":"product_cat-biljart-toebehoren","7":"product_cat-keukoffers-zakken-tassen-en-kokers","8":"product_cat-tassen-kokers","9":"product_tag-frederic-caudron","10":"product_tag-keutas","12":"first","13":"outofstock","14":"taxable","15":"shipping-taxable","16":"purchasable","17":"product-type-simple"},"acf":[],"_links":{"self":[{"href":"https:\/\/biljarts-clubke.com\/fr\/wp-json\/wp\/v2\/product\/1480","targetHints":{"allow":["GET"]}}],"collection":[{"href":"https:\/\/biljarts-clubke.com\/fr\/wp-json\/wp\/v2\/product"}],"about":[{"href":"https:\/\/biljarts-clubke.com\/fr\/wp-json\/wp\/v2\/types\/product"}],"version-history":[{"count":0,"href":"https:\/\/biljarts-clubke.com\/fr\/wp-json\/wp\/v2\/product\/1480\/revisions"}],"wp:featuredmedia":[{"embeddable":true,"href":"https:\/\/biljarts-clubke.com\/fr\/wp-json\/wp\/v2\/media\/19800"}],"wp:attachment":[{"href":"https:\/\/biljarts-clubke.com\/fr\/wp-json\/wp\/v2\/media?parent=1480"}],"wp:term":[{"taxonomy":"product_cat","embeddable":true,"href":"https:\/\/biljarts-clubke.com\/fr\/wp-json\/wp\/v2\/product_cat?post=1480"},{"taxonomy":"product_tag","embeddable":true,"href":"https:\/\/biljarts-clubke.com\/fr\/wp-json\/wp\/v2\/product_tag?post=1480"},{"taxonomy":"giftcard-category","embeddable":true,"href":"https:\/\/biljarts-clubke.com\/fr\/wp-json\/wp\/v2\/giftcard-category?post=1480"}],"curies":[{"name":"wp","href":"https:\/\/api.w.org\/{rel}","templated":true}]}}