{"id":1487,"date":"2020-09-01T11:50:32","date_gmt":"2020-09-01T11:50:32","guid":{"rendered":"https:\/\/biljarts-clubke.com\/product\/dartbord-winmau-pro-sfb\/"},"modified":"2025-12-11T15:25:21","modified_gmt":"2025-12-11T15:25:21","slug":"winmau-pro-sfb-dartboard","status":"publish","type":"product","link":"https:\/\/biljarts-clubke.com\/fr\/product\/dartbord-winmau-pro-sfb\/","title":{"rendered":"Jeu de fl\u00e9chettes Winmau Pro SFB"},"content":{"rendered":"<ul>\n<li>Niveau d\u00e9butant<\/li>\n<li>Conseil de qualit\u00e9 pour le fouille-roche gris<\/li>\n<li>Durable<\/li>\n<li>Fabriqu\u00e9 en fibres de sisal r\u00e9silientes de haute densit\u00e9<\/li>\n<li>\u00c9quip\u00e9 d'un c\u00e2blage \u00e9pais et rond sur la cible de fl\u00e9chettes, fix\u00e9 par des agrafes.<\/li>\n<li>Syst\u00e8me de suspension inclus<\/li>\n<\/ul>\n<p>Fait : les jeux de fl\u00e9chettes dont le c\u00e2blage est plus \u00e9pais sont plus susceptibles de faire rebondir les fl\u00e9chettes sur le c\u00e2blage - ce que l'on appelle aussi les rebondisseurs.<\/p>\n<div id=\"ConnectiveDocSignExtentionInstalled\" data-extension-version=\"1.0.4\"><\/div>\n<div id=\"ConnectiveDocSignExtentionInstalled\" data-extension-version=\"1.0.4\"><\/div>\n<div id=\"ConnectiveDocSignExtentionInstalled\" data-extension-version=\"1.0.4\"><\/div>","protected":false},"excerpt":{"rendered":"<p>Le Winmau Pro SFB est un jeu de fl\u00e9chettes de haute qualit\u00e9, le mod\u00e8le d'entr\u00e9e de gamme parfait pour les novices et les amateurs de fl\u00e9chettes.<\/p>\n<div id=\"ConnectiveDocSignExtentionInstalled\" data-extension-version=\"1.0.4\"><\/div>\n<div id=\"ConnectiveDocSignExtentionInstalled\" data-extension-version=\"1.0.4\"><\/div>","protected":false},"featured_media":7280,"template":"","meta":{"_acf_changed":false,"_seopress_robots_primary_cat":"none","_seopress_titles_title":"Dartbord Winmau Pro SFB | Ruim assortiment darts | Biljarts 't Clubke","_seopress_titles_desc":"De Winmau Pro SFB is een kwalitatief dartbord, het perfecte instapmodel voor de beginnende en recreatieve darter.","_seopress_robots_index":""},"product_cat":[67,66],"product_tag":[140,137,139],"giftcard-category":[],"class_list":{"0":"post-1487","1":"product","2":"type-product","3":"status-publish","4":"has-post-thumbnail","6":"product_cat-dartborden","7":"product_cat-darts-kopen","8":"product_tag-dartbord","9":"product_tag-darts","10":"product_tag-winmau","12":"first","13":"instock","14":"taxable","15":"shipping-taxable","16":"purchasable","17":"product-type-simple"},"acf":[],"_links":{"self":[{"href":"https:\/\/biljarts-clubke.com\/fr\/wp-json\/wp\/v2\/product\/1487","targetHints":{"allow":["GET"]}}],"collection":[{"href":"https:\/\/biljarts-clubke.com\/fr\/wp-json\/wp\/v2\/product"}],"about":[{"href":"https:\/\/biljarts-clubke.com\/fr\/wp-json\/wp\/v2\/types\/product"}],"version-history":[{"count":1,"href":"https:\/\/biljarts-clubke.com\/fr\/wp-json\/wp\/v2\/product\/1487\/revisions"}],"predecessor-version":[{"id":25293,"href":"https:\/\/biljarts-clubke.com\/fr\/wp-json\/wp\/v2\/product\/1487\/revisions\/25293"}],"wp:featuredmedia":[{"embeddable":true,"href":"https:\/\/biljarts-clubke.com\/fr\/wp-json\/wp\/v2\/media\/7280"}],"wp:attachment":[{"href":"https:\/\/biljarts-clubke.com\/fr\/wp-json\/wp\/v2\/media?parent=1487"}],"wp:term":[{"taxonomy":"product_cat","embeddable":true,"href":"https:\/\/biljarts-clubke.com\/fr\/wp-json\/wp\/v2\/product_cat?post=1487"},{"taxonomy":"product_tag","embeddable":true,"href":"https:\/\/biljarts-clubke.com\/fr\/wp-json\/wp\/v2\/product_tag?post=1487"},{"taxonomy":"giftcard-category","embeddable":true,"href":"https:\/\/biljarts-clubke.com\/fr\/wp-json\/wp\/v2\/giftcard-category?post=1487"}],"curies":[{"name":"wp","href":"https:\/\/api.w.org\/{rel}","templated":true}]}}