{"id":14877,"date":"2023-02-28T13:52:09","date_gmt":"2023-02-28T13:52:09","guid":{"rendered":"https:\/\/biljarts-clubke.com\/?post_type=product&#038;p=14877"},"modified":"2023-04-07T14:39:57","modified_gmt":"2023-04-07T14:39:57","slug":"jukebox-rock-ola-bubbler-cd-noir","status":"publish","type":"product","link":"https:\/\/biljarts-clubke.com\/fr\/product\/jukebox-rock-ola-bubbler-cd-black\/","title":{"rendered":"Jukebox Rock-Ola | Bubbler CD Noir"},"content":{"rendered":"<h4>Ce juke-box authentique est une v\u00e9ritable pi\u00e8ce ma\u00eetresse de votre maison.<\/h4>\n<p>Le juke-box Rock-Ola Bubbler CD Black est un objet indispensable pour tout amateur de musique. Avec ses tubes \u00e0 bulles caract\u00e9ristiques, inspir\u00e9s du mod\u00e8le Wurlitzer original, et sa finition en bois noir mat, ce juke-box est non seulement agr\u00e9able \u00e0 regarder, mais il constitue \u00e9galement une source sonore de grande qualit\u00e9. Ce jukebox neuf et authentique est le seul au monde \u00e0 avoir \u00e9t\u00e9 fabriqu\u00e9 par la soci\u00e9t\u00e9 am\u00e9ricaine Rock-Ola.<\/p>\n<p>Le jukebox est \u00e9quip\u00e9 des derni\u00e8res technologies, tout en conservant un aspect vintage. Sa capacit\u00e9 de 100 CD vous permet d'acc\u00e9der facilement \u00e0 l'ensemble de votre collection musicale.<\/p>\n<p>Le jukebox Rock-Ola Bubbler CD Black est \u00e9galement tr\u00e8s convivial. Il dispose d'un panneau de commande simple qui vous permet de s\u00e9lectionner et de jouer facilement des chansons. De plus, une t\u00e9l\u00e9commande est \u00e9galement incluse, ce qui vous permet de s\u00e9lectionner vos morceaux pr\u00e9f\u00e9r\u00e9s \u00e0 distance.<\/p>\n<p>Si vous \u00eates \u00e0 la recherche d'un juke-box de haute qualit\u00e9 au look unique et intemporel et aux fonctionnalit\u00e9s modernes, le juke-box Rock-Ola Bubbler CD Black est le choix id\u00e9al. Il s'agit d'un investissement dont vous profiterez toute votre vie et qui sera un v\u00e9ritable objet de d\u00e9coration dans toutes les pi\u00e8ces o\u00f9 il sera plac\u00e9.<\/p>\n<p>D\u00e9couvrez nos fantastiques juke-boxes dans notre salle d'exposition !<\/p>\n<h4>Dimensions et poids<\/h4>\n<ul>\n<li>Hauteur : 152 cm<\/li>\n<li>Largeur : 84 cm<\/li>\n<li>Profondeur : 68 cm<\/li>\n<li>Poids : 141 kg<\/li>\n<\/ul>\n<h4>Sp\u00e9cifications<\/h4>\n<ul>\n<li>Fabriqu\u00e9 \u00e0 la main en Californie, \u00c9tats-Unis<\/li>\n<li>Mat\u00e9riau : bo\u00eetier en bois noir mat avec accents chrom\u00e9s et tubes \"Bubbler\" exclusifs pour un effet visuel unique.<\/li>\n<li>Finition \u00e9galement disponible en blanc brillant, noir brillant, ch\u00eane ou noyer.<\/li>\n<li>Inclut les cartes de titre<\/li>\n<li>Panneau de contr\u00f4le pour s\u00e9lectionner des chansons et des albums<\/li>\n<li>T\u00e9l\u00e9commande incluse<\/li>\n<\/ul>\n<h4>Options de lecture et reproduction sonore<\/h4>\n<ul>\n<li>Capacit\u00e9 : 100 CD<\/li>\n<li>Compatible avec les t\u00e9l\u00e9phones portables et les tablettes pour le streaming Bluetooth<\/li>\n<li>Peut \u00eatre reli\u00e9 \u00e0 un syst\u00e8me de musique int\u00e9gr\u00e9 (par exemple Sonos)<\/li>\n<li>5 puissants haut-parleurs internes avec \"Dual 3-Way System\" pour un son optimal<\/li>\n<\/ul>\n<h4>Garantie et livraison<\/h4>\n<ul>\n<li>1 an de garantie du fabricant<\/li>\n<li>Installation et livraison gratuites en Belgique<\/li>\n<li>Si en stock : disponible imm\u00e9diatement<\/li>\n<li>Si pas en stock : sur commande en Am\u00e9rique avec un d\u00e9lai de livraison de plusieurs mois.<\/li>\n<\/ul>\n<h5>Biljarts 't Clubke : plus de 30 ans d'artisanat<\/h5>\n<p>Notre objectif est de vous faire vivre une exp\u00e9rience divertissante dans notre magasin. Nous sommes actifs dans le monde des jeux de soci\u00e9t\u00e9 depuis plus de 30 ans. Nous disposons d'un large assortiment dans notre magasin physique et compl\u00e9tons r\u00e9guli\u00e8rement notre boutique en ligne. Nous vous accueillons pour un conseil personnalis\u00e9 dans notre salle d'exposition o\u00f9 vous pouvez voir notre collection. Nous \u00e9largissons r\u00e9guli\u00e8rement notre gamme, alors n'h\u00e9sitez pas \u00e0 nous rendre visite et \u00e0 vous promener dans notre magasin. <strong><a href=\"https:\/\/biljarts-clubke.com\/fr\/magasin-et-salle-dexposition\/\">salle d'exposition<\/a>.\u00a0<\/strong>Nous sommes heureux de vous accueillir pendant nos heures d'ouverture.<br \/>\nVous avez des questions sur le d\u00e9lai de livraison d'un produit ou vous ne trouvez pas ce que vous cherchez en ligne ? N'h\u00e9sitez pas \u00e0 contacter\u00a0<strong><a tabindex=\"-1\" href=\"https:\/\/biljarts-clubke.com\/fr\/contact\/\">contact<\/a><\/strong>\u00a0avec nous, il y a de fortes chances que nous l'ayons en stock dans notre magasin.<\/p>\n<p><strong>Billard 't Clubke<\/strong>Le site web de l'association : pour la qualit\u00e9 et l'expertise, vous pouvez vous adresser \u00e0 nous pour tout ce qui a trait aux jeux de soci\u00e9t\u00e9 !<\/p>","protected":false},"excerpt":{"rendered":"<p>Le jukebox Rock-Ola Bubbler CD Black est un choix fantastique pour tous ceux qui recherchent un jukebox de qualit\u00e9 au look vintage et aux fonctions modernes. Avec sa silhouette inimitable, sa capacit\u00e9 de 100 CD, ses 5 haut-parleurs puissants et ses tubes \"Bubbler\" uniques, ce jukebox offre une exp\u00e9rience musicale exceptionnelle et attire tous les regards dans un salon, une cave, un bar, un restaurant... pour une touche de nostalgie, une touche de glamour et une touche de Rock-'n-roll.<\/p>","protected":false},"featured_media":14885,"template":"","meta":{"_acf_changed":false,"_seopress_robots_primary_cat":"398","_seopress_titles_title":"","_seopress_titles_desc":"Op zoek naar een authentieke jukebox? Ontdek de Rock-Ola jukebox Bubbler CD Black voor een unieke muziekervaring bij u thuis.","_seopress_robots_index":"","_seopress_analysis_target_kw":"Jukebox Rock-Ola Bubbler Black"},"product_cat":[398],"product_tag":[403,399,400],"giftcard-category":[],"class_list":{"0":"post-14877","1":"product","2":"type-product","3":"status-publish","4":"has-post-thumbnail","6":"product_cat-jukebox","7":"product_tag-bubbler-black","8":"product_tag-jukebox","9":"product_tag-rock-ola","11":"first","12":"instock","13":"taxable","14":"shipping-taxable","15":"purchasable","16":"product-type-simple"},"acf":[],"_links":{"self":[{"href":"https:\/\/biljarts-clubke.com\/fr\/wp-json\/wp\/v2\/product\/14877","targetHints":{"allow":["GET"]}}],"collection":[{"href":"https:\/\/biljarts-clubke.com\/fr\/wp-json\/wp\/v2\/product"}],"about":[{"href":"https:\/\/biljarts-clubke.com\/fr\/wp-json\/wp\/v2\/types\/product"}],"version-history":[{"count":0,"href":"https:\/\/biljarts-clubke.com\/fr\/wp-json\/wp\/v2\/product\/14877\/revisions"}],"wp:featuredmedia":[{"embeddable":true,"href":"https:\/\/biljarts-clubke.com\/fr\/wp-json\/wp\/v2\/media\/14885"}],"wp:attachment":[{"href":"https:\/\/biljarts-clubke.com\/fr\/wp-json\/wp\/v2\/media?parent=14877"}],"wp:term":[{"taxonomy":"product_cat","embeddable":true,"href":"https:\/\/biljarts-clubke.com\/fr\/wp-json\/wp\/v2\/product_cat?post=14877"},{"taxonomy":"product_tag","embeddable":true,"href":"https:\/\/biljarts-clubke.com\/fr\/wp-json\/wp\/v2\/product_tag?post=14877"},{"taxonomy":"giftcard-category","embeddable":true,"href":"https:\/\/biljarts-clubke.com\/fr\/wp-json\/wp\/v2\/giftcard-category?post=14877"}],"curies":[{"name":"wp","href":"https:\/\/api.w.org\/{rel}","templated":true}]}}