{"id":20006,"date":"2023-12-01T10:17:13","date_gmt":"2023-12-01T10:17:13","guid":{"rendered":"https:\/\/biljarts-clubke.com\/?post_type=product&#038;p=20006"},"modified":"2026-03-10T10:04:30","modified_gmt":"2026-03-10T10:04:30","slug":"tapis-de-cartes-antiderapant-prestige","status":"publish","type":"product","link":"https:\/\/biljarts-clubke.com\/fr\/product\/kaartmat-antislip-prestige\/","title":{"rendered":"Tapis de cartes antid\u00e9rapant Prestige"},"content":{"rendered":"<p>Le tapis de cartes est disponible en quatre couleurs diff\u00e9rentes, ce qui vous permet de choisir celle qui convient le mieux \u00e0 votre int\u00e9rieur. Il est d\u00e9coup\u00e9 avec pr\u00e9cision et comporte des points cardinaux, ce qui facilite le positionnement des cartes et des jetons. Avec le tapis de cartes Prestige, vous disposez non seulement d'un accessoire \u00e9l\u00e9gant et durable, mais aussi d'un outil pratique qui vous permet de jouer aux cartes \u00e0 un niveau sup\u00e9rieur.<\/p>","protected":false},"excerpt":{"rendered":"<p>Le tapis de cartes Prestige est le choix ultime pour les joueurs de cartes \u00e0 la recherche de qualit\u00e9 et de fonctionnalit\u00e9. Mesurant 60 x 60 cm, ce tapis de cartes offre suffisamment d'espace pour que 2 \u00e0 4 joueurs puissent jouer confortablement. Fabriqu\u00e9 en n\u00e9opr\u00e8ne de haute qualit\u00e9, le tapis offre une surface antid\u00e9rapante qui maintient les cartes fermement en place et les emp\u00eache de se d\u00e9placer pendant le jeu. Disponible en quatre couleurs diff\u00e9rentes.<\/p>","protected":false},"featured_media":20014,"template":"","meta":{"_acf_changed":false,"_seopress_robots_primary_cat":"none","_seopress_titles_title":"Kaartmat kopen bij - Biljarts Clubke","_seopress_titles_desc":"De kaartmat van Prestige is van een hoge kwaliteit, antislip en verkrijgbaar in 4 verschillende kleuren voor uren spelplezier. Bestel ze hier.","_seopress_robots_index":""},"product_cat":[155],"product_tag":[],"giftcard-category":[],"class_list":{"0":"post-20006","1":"product","2":"type-product","3":"status-publish","4":"has-post-thumbnail","6":"product_cat-klein-amusement","8":"first","9":"instock","10":"taxable","11":"shipping-taxable","12":"purchasable","13":"product-type-variable"},"acf":[],"_links":{"self":[{"href":"https:\/\/biljarts-clubke.com\/fr\/wp-json\/wp\/v2\/product\/20006","targetHints":{"allow":["GET"]}}],"collection":[{"href":"https:\/\/biljarts-clubke.com\/fr\/wp-json\/wp\/v2\/product"}],"about":[{"href":"https:\/\/biljarts-clubke.com\/fr\/wp-json\/wp\/v2\/types\/product"}],"version-history":[{"count":1,"href":"https:\/\/biljarts-clubke.com\/fr\/wp-json\/wp\/v2\/product\/20006\/revisions"}],"predecessor-version":[{"id":24470,"href":"https:\/\/biljarts-clubke.com\/fr\/wp-json\/wp\/v2\/product\/20006\/revisions\/24470"}],"wp:featuredmedia":[{"embeddable":true,"href":"https:\/\/biljarts-clubke.com\/fr\/wp-json\/wp\/v2\/media\/20014"}],"wp:attachment":[{"href":"https:\/\/biljarts-clubke.com\/fr\/wp-json\/wp\/v2\/media?parent=20006"}],"wp:term":[{"taxonomy":"product_cat","embeddable":true,"href":"https:\/\/biljarts-clubke.com\/fr\/wp-json\/wp\/v2\/product_cat?post=20006"},{"taxonomy":"product_tag","embeddable":true,"href":"https:\/\/biljarts-clubke.com\/fr\/wp-json\/wp\/v2\/product_tag?post=20006"},{"taxonomy":"giftcard-category","embeddable":true,"href":"https:\/\/biljarts-clubke.com\/fr\/wp-json\/wp\/v2\/giftcard-category?post=20006"}],"curies":[{"name":"wp","href":"https:\/\/api.w.org\/{rel}","templated":true}]}}