{"id":20527,"date":"2024-01-29T12:49:31","date_gmt":"2024-01-29T12:49:31","guid":{"rendered":"https:\/\/biljarts-clubke.com\/?post_type=product&#038;p=20527"},"modified":"2025-11-29T10:54:55","modified_gmt":"2025-11-29T10:54:55","slug":"cible-argent-suisse","status":"publish","type":"product","link":"https:\/\/biljarts-clubke.com\/fr\/product\/target-swiss-silver\/","title":{"rendered":"Points suisses cibles"},"content":{"rendered":"","protected":false},"excerpt":{"rendered":"<p>Ces pointes de fl\u00e9chettes ne peuvent \u00eatre utilis\u00e9es qu'avec les fl\u00e9chettes Target Swiss et sont remplac\u00e9es par un outil Target Swiss (non inclus). Les pointes de fl\u00e9chettes sont disponibles en 4 longueurs diff\u00e9rentes : 26 mm, 30 mm, 35 mm et 40 mm et en 3 finitions diff\u00e9rentes : Or, Argent et Noir. Un paquet contient 3 pointes de fl\u00e9chettes.<\/p>","protected":false},"featured_media":22534,"template":"","meta":{"_acf_changed":false,"_seopress_robots_primary_cat":"none","_seopress_titles_title":"Target Swiss dartpunten - Biljarts Clubke","_seopress_titles_desc":"De Target Swiss dartpunten kunnen enkel gecombineerd worden met Target Swiss dartpijlen en met een Target Swiss Tool. In Gold, Silver en Black.","_seopress_robots_index":""},"product_cat":[406,407],"product_tag":[],"giftcard-category":[],"class_list":{"0":"post-20527","1":"product","2":"type-product","3":"status-publish","4":"has-post-thumbnail","6":"product_cat-steeltip-accessoires","7":"product_cat-target-swiss-points","9":"first","10":"instock","11":"taxable","12":"shipping-taxable","13":"purchasable","14":"product-type-variable"},"acf":[],"_links":{"self":[{"href":"https:\/\/biljarts-clubke.com\/fr\/wp-json\/wp\/v2\/product\/20527","targetHints":{"allow":["GET"]}}],"collection":[{"href":"https:\/\/biljarts-clubke.com\/fr\/wp-json\/wp\/v2\/product"}],"about":[{"href":"https:\/\/biljarts-clubke.com\/fr\/wp-json\/wp\/v2\/types\/product"}],"version-history":[{"count":1,"href":"https:\/\/biljarts-clubke.com\/fr\/wp-json\/wp\/v2\/product\/20527\/revisions"}],"predecessor-version":[{"id":25264,"href":"https:\/\/biljarts-clubke.com\/fr\/wp-json\/wp\/v2\/product\/20527\/revisions\/25264"}],"wp:featuredmedia":[{"embeddable":true,"href":"https:\/\/biljarts-clubke.com\/fr\/wp-json\/wp\/v2\/media\/22534"}],"wp:attachment":[{"href":"https:\/\/biljarts-clubke.com\/fr\/wp-json\/wp\/v2\/media?parent=20527"}],"wp:term":[{"taxonomy":"product_cat","embeddable":true,"href":"https:\/\/biljarts-clubke.com\/fr\/wp-json\/wp\/v2\/product_cat?post=20527"},{"taxonomy":"product_tag","embeddable":true,"href":"https:\/\/biljarts-clubke.com\/fr\/wp-json\/wp\/v2\/product_tag?post=20527"},{"taxonomy":"giftcard-category","embeddable":true,"href":"https:\/\/biljarts-clubke.com\/fr\/wp-json\/wp\/v2\/giftcard-category?post=20527"}],"curies":[{"name":"wp","href":"https:\/\/api.w.org\/{rel}","templated":true}]}}