{"id":20660,"date":"2024-02-23T13:40:46","date_gmt":"2024-02-23T13:40:46","guid":{"rendered":"https:\/\/biljarts-clubke.com\/?post_type=product&#038;p=20660"},"modified":"2025-04-18T16:13:11","modified_gmt":"2025-04-18T16:13:11","slug":"cible-cle-suisse","status":"publish","type":"product","link":"https:\/\/biljarts-clubke.com\/fr\/product\/target-swiss-point-key\/","title":{"rendered":"Target Swiss Point Key"},"content":{"rendered":"<p>La cl\u00e9 Target Swiss Point est un outil pratique pour les dards utilisant des fl\u00e9chettes Swiss Point. Cet outil compact et durable est sp\u00e9cialement con\u00e7u pour faciliter et acc\u00e9l\u00e9rer le changement des pointes de fl\u00e9chettes.<\/p>\n<p>La cl\u00e9 Swiss Point Key permet aux joueurs de changer facilement et efficacement les pointes de leurs fl\u00e9chettes sans outils suppl\u00e9mentaires. Le design \u00e9l\u00e9gant de la cl\u00e9 offre une prise en main confortable et permet une installation et un retrait pr\u00e9cis des pointes.<\/p>\n<p>Que vous souhaitiez changer de pointe pour un style, une longueur ou une couleur diff\u00e9rente, la Target Swiss Point Key rend ce processus sans effort et sans stress. La petite taille de la cl\u00e9 la rend facile \u00e0 transporter dans votre pochette \u00e0 fl\u00e9chettes, de sorte que vous \u00eates toujours pr\u00eat \u00e0 ajuster votre configuration en fonction de vos besoins individuels et de votre style de jeu.<\/p>\n<p>Avec la cl\u00e9 Target Swiss Point Key, vous avez la garantie d'une exp\u00e9rience fluide et sans probl\u00e8me lorsque vous changez les pointes de fl\u00e9chettes, ce qui vous permet de consacrer plus de temps \u00e0 l'am\u00e9lioration de votre jeu et \u00e0 l'obtention de performances optimales sur la cible.<\/p>","protected":false},"excerpt":{"rendered":"<p>Avec la Target Swiss Point Key, vous remplacez rapidement et facilement les Swiss Points de vos fl\u00e9chettes Target Swiss Point. Facile \u00e0 emporter comme porte-cl\u00e9s !<\/p>","protected":false},"featured_media":20662,"template":"","meta":{"_acf_changed":false,"_seopress_robots_primary_cat":"none","_seopress_titles_title":"Target Swiss Point Key - Biljarts Clubke","_seopress_titles_desc":"Met de Target Swiss Point Key vervang je snel en eenvoudig de Swiss Points van je Target Swiss Point dartpijlen. Mee te nemen als sleutelhanger!","_seopress_robots_index":""},"product_cat":[406,407],"product_tag":[],"giftcard-category":[],"class_list":{"0":"post-20660","1":"product","2":"type-product","3":"status-publish","4":"has-post-thumbnail","6":"product_cat-steeltip-accessoires","7":"product_cat-target-swiss-points","9":"first","10":"instock","11":"taxable","12":"shipping-taxable","13":"purchasable","14":"product-type-simple"},"acf":[],"_links":{"self":[{"href":"https:\/\/biljarts-clubke.com\/fr\/wp-json\/wp\/v2\/product\/20660","targetHints":{"allow":["GET"]}}],"collection":[{"href":"https:\/\/biljarts-clubke.com\/fr\/wp-json\/wp\/v2\/product"}],"about":[{"href":"https:\/\/biljarts-clubke.com\/fr\/wp-json\/wp\/v2\/types\/product"}],"version-history":[{"count":0,"href":"https:\/\/biljarts-clubke.com\/fr\/wp-json\/wp\/v2\/product\/20660\/revisions"}],"wp:featuredmedia":[{"embeddable":true,"href":"https:\/\/biljarts-clubke.com\/fr\/wp-json\/wp\/v2\/media\/20662"}],"wp:attachment":[{"href":"https:\/\/biljarts-clubke.com\/fr\/wp-json\/wp\/v2\/media?parent=20660"}],"wp:term":[{"taxonomy":"product_cat","embeddable":true,"href":"https:\/\/biljarts-clubke.com\/fr\/wp-json\/wp\/v2\/product_cat?post=20660"},{"taxonomy":"product_tag","embeddable":true,"href":"https:\/\/biljarts-clubke.com\/fr\/wp-json\/wp\/v2\/product_tag?post=20660"},{"taxonomy":"giftcard-category","embeddable":true,"href":"https:\/\/biljarts-clubke.com\/fr\/wp-json\/wp\/v2\/giftcard-category?post=20660"}],"curies":[{"name":"wp","href":"https:\/\/api.w.org\/{rel}","templated":true}]}}