{"id":20690,"date":"2024-02-23T15:53:59","date_gmt":"2024-02-23T15:53:59","guid":{"rendered":"https:\/\/biljarts-clubke.com\/?post_type=product&#038;p=20690"},"modified":"2026-02-28T10:56:51","modified_gmt":"2026-02-28T10:56:51","slug":"target-swiss-storm-nano-points-silver","status":"publish","type":"product","link":"https:\/\/biljarts-clubke.com\/fr\/product\/target-swiss-storm-nano-points-silver\/","title":{"rendered":"Points Target Swiss Storm Nano"},"content":{"rendered":"<p>Les pointes de fl\u00e9chettes Target Swiss Points Storm Nano sont un choix sophistiqu\u00e9 pour les fl\u00e9cheurs qui recherchent la pr\u00e9cision et le style sur la cible. Avec leur nanotechnologie avanc\u00e9e et leur finition argent\u00e9e, ces pointes de remplacement incarnent une combinaison d'innovation et d'esth\u00e9tique.<\/p>\n<p>Le design des pointes de fl\u00e9chettes Swiss Points Storm Nano est \u00e9l\u00e9gant et r\u00e9fl\u00e9chi, et impressionne non seulement par son aspect, mais aussi par ses performances. La nanotechnologie utilis\u00e9e dans ces pointes offre une durabilit\u00e9 et une adh\u00e9rence in\u00e9gal\u00e9es, permettant aux lanceurs de fl\u00e9chettes de maintenir la r\u00e9gularit\u00e9 de leurs lancers.<\/p>\n<p>L'installation du Swiss Points Storm Nano se fait en toute transparence gr\u00e2ce \u00e0 l'utilisation du syst\u00e8me de fixation de l'appareil. <a href=\"https:\/\/biljarts-clubke.com\/fr\/produit\/outil-a-pointe-suisse\/\">Outil \u00e0 pointe suisse<\/a> de Target, qui permet aux joueurs de changer de point rapidement et facilement sans outils suppl\u00e9mentaires. Les joueurs peuvent ainsi personnaliser leur installation en fonction de leurs pr\u00e9f\u00e9rences et de leur style de jeu.<\/p>\n<p>Que vous soyez un joueur de fl\u00e9chettes exp\u00e9riment\u00e9 \u00e0 la recherche d'un avantage comp\u00e9titif ou un d\u00e9butant enthousiaste cherchant \u00e0 am\u00e9liorer ses comp\u00e9tences, les pointes de fl\u00e9chettes Target Swiss Points Storm Nano offrent la combinaison parfaite de performance, de durabilit\u00e9 et de raffinement pour chaque joueur.<\/p>","protected":false},"excerpt":{"rendered":"<p>Les pointes de fl\u00e9chettes Target Swiss Storm Nano points ne peuvent \u00eatre utilis\u00e9es qu'avec les fl\u00e9chettes Target Swiss et sont remplac\u00e9es par un outil Target Swiss (non inclus). Les pointes de fl\u00e9chettes sont disponibles en 3 longueurs diff\u00e9rentes : 26 mm, 30 mm et 35 mm et en 3 designs : Argent, Or et Noir. Un paquet contient 3 pointes de fl\u00e9chettes.<\/p>","protected":false},"featured_media":22511,"template":"","meta":{"_acf_changed":false,"_seopress_robots_primary_cat":"none","_seopress_titles_title":"Target Swiss Storm Nano Points dartpunten - Biljarts Clubke","_seopress_titles_desc":"De Target Swiss Points Storm Nano dartpunten kunnen enkel gecombineerd worden met Target Swiss dartpijlen en met een Target Swiss Tool. In Gold, Silver en Black","_seopress_robots_index":""},"product_cat":[406,407],"product_tag":[],"giftcard-category":[],"class_list":{"0":"post-20690","1":"product","2":"type-product","3":"status-publish","4":"has-post-thumbnail","6":"product_cat-steeltip-accessoires","7":"product_cat-target-swiss-points","9":"first","10":"instock","11":"taxable","12":"shipping-taxable","13":"purchasable","14":"product-type-variable"},"acf":[],"_links":{"self":[{"href":"https:\/\/biljarts-clubke.com\/fr\/wp-json\/wp\/v2\/product\/20690","targetHints":{"allow":["GET"]}}],"collection":[{"href":"https:\/\/biljarts-clubke.com\/fr\/wp-json\/wp\/v2\/product"}],"about":[{"href":"https:\/\/biljarts-clubke.com\/fr\/wp-json\/wp\/v2\/types\/product"}],"version-history":[{"count":1,"href":"https:\/\/biljarts-clubke.com\/fr\/wp-json\/wp\/v2\/product\/20690\/revisions"}],"predecessor-version":[{"id":25710,"href":"https:\/\/biljarts-clubke.com\/fr\/wp-json\/wp\/v2\/product\/20690\/revisions\/25710"}],"wp:featuredmedia":[{"embeddable":true,"href":"https:\/\/biljarts-clubke.com\/fr\/wp-json\/wp\/v2\/media\/22511"}],"wp:attachment":[{"href":"https:\/\/biljarts-clubke.com\/fr\/wp-json\/wp\/v2\/media?parent=20690"}],"wp:term":[{"taxonomy":"product_cat","embeddable":true,"href":"https:\/\/biljarts-clubke.com\/fr\/wp-json\/wp\/v2\/product_cat?post=20690"},{"taxonomy":"product_tag","embeddable":true,"href":"https:\/\/biljarts-clubke.com\/fr\/wp-json\/wp\/v2\/product_tag?post=20690"},{"taxonomy":"giftcard-category","embeddable":true,"href":"https:\/\/biljarts-clubke.com\/fr\/wp-json\/wp\/v2\/giftcard-category?post=20690"}],"curies":[{"name":"wp","href":"https:\/\/api.w.org\/{rel}","templated":true}]}}