{"id":2104,"date":"2020-12-15T11:52:55","date_gmt":"2020-12-15T11:52:55","guid":{"rendered":"https:\/\/biljarts-clubke.com\/?post_type=product&#038;p=2104"},"modified":"2026-02-05T13:06:29","modified_gmt":"2026-02-05T13:06:29","slug":"buffalo-elegance-no-2","status":"publish","type":"product","link":"https:\/\/biljarts-clubke.com\/fr\/product\/buffalo-elegance-nr-2\/","title":{"rendered":"Buffalo Elegance No. 2"},"content":{"rendered":"<ul>\n<li>Pom\u00e9ranien : en couches \/ Jambe : en fibres<\/li>\n<li>Vis en bois<\/li>\n<li>Vis de r\u00e9glage du poids<\/li>\n<li>Fourni avec une pointe de 11 mm ou de 12 mm en standard (poids 470 g - 520 g).<\/li>\n<\/ul>\n<p>&nbsp;<\/p>\n<h5>Billiards 't Clubke : large collection de queues de billard<\/h5>\n<p>Nos queues de billard sont toujours soigneusement s\u00e9lectionn\u00e9es par nos soins. Parmi les options, vous pouvez choisir le poids et le diam\u00e8tre de la queue. Si vous avez des doutes quant au choix de la queue de billard, vous pouvez toujours venir dans notre magasin et la tester sans engagement. Nous disposons d'un stock important de queues de billard dans notre magasin et nous actualisons r\u00e9guli\u00e8rement notre boutique en ligne. Si vous ne trouvez pas imm\u00e9diatement ce que vous cherchez, il y a de fortes chances que nous l'ayons en stock dans notre magasin.<\/p>","protected":false},"excerpt":{"rendered":"<p>Queue de billard 2 pi\u00e8ces de qualit\u00e9 en \u00e9rable avec poign\u00e9e en caoutchouc de la marque Buffalo.<\/p>","protected":false},"featured_media":2105,"template":"","meta":{"_acf_changed":false,"_seopress_robots_primary_cat":"44","_seopress_titles_title":"Buffalo Elegance Nr. 2 | Biljarts 't Clubke","_seopress_titles_desc":"Kwaliteitskeu 2-delig in esdoorn met rubberen grip van het topmerk Buffalo.","_seopress_robots_index":""},"product_cat":[44,107,52],"product_tag":[83,96,97,48,87],"giftcard-category":[],"class_list":{"0":"post-2104","1":"product","2":"type-product","3":"status-publish","4":"has-post-thumbnail","6":"product_cat-biljart-toebehoren","7":"product_cat-buffalo","8":"product_cat-biljartkeu-golfbiljart-carambole","9":"product_tag-biljart","10":"product_tag-biljartkeu","11":"product_tag-buffalo","12":"product_tag-carambole","13":"product_tag-golfbiljart","15":"first","16":"instock","17":"taxable","18":"shipping-taxable","19":"purchasable","20":"product-type-simple"},"acf":[],"_links":{"self":[{"href":"https:\/\/biljarts-clubke.com\/fr\/wp-json\/wp\/v2\/product\/2104","targetHints":{"allow":["GET"]}}],"collection":[{"href":"https:\/\/biljarts-clubke.com\/fr\/wp-json\/wp\/v2\/product"}],"about":[{"href":"https:\/\/biljarts-clubke.com\/fr\/wp-json\/wp\/v2\/types\/product"}],"version-history":[{"count":1,"href":"https:\/\/biljarts-clubke.com\/fr\/wp-json\/wp\/v2\/product\/2104\/revisions"}],"predecessor-version":[{"id":25274,"href":"https:\/\/biljarts-clubke.com\/fr\/wp-json\/wp\/v2\/product\/2104\/revisions\/25274"}],"wp:featuredmedia":[{"embeddable":true,"href":"https:\/\/biljarts-clubke.com\/fr\/wp-json\/wp\/v2\/media\/2105"}],"wp:attachment":[{"href":"https:\/\/biljarts-clubke.com\/fr\/wp-json\/wp\/v2\/media?parent=2104"}],"wp:term":[{"taxonomy":"product_cat","embeddable":true,"href":"https:\/\/biljarts-clubke.com\/fr\/wp-json\/wp\/v2\/product_cat?post=2104"},{"taxonomy":"product_tag","embeddable":true,"href":"https:\/\/biljarts-clubke.com\/fr\/wp-json\/wp\/v2\/product_tag?post=2104"},{"taxonomy":"giftcard-category","embeddable":true,"href":"https:\/\/biljarts-clubke.com\/fr\/wp-json\/wp\/v2\/giftcard-category?post=2104"}],"curies":[{"name":"wp","href":"https:\/\/api.w.org\/{rel}","templated":true}]}}