{"id":2175,"date":"2020-12-18T12:35:06","date_gmt":"2020-12-18T12:35:06","guid":{"rendered":"https:\/\/biljarts-clubke.com\/?post_type=product&#038;p=2175"},"modified":"2024-06-28T14:11:31","modified_gmt":"2024-06-28T14:11:31","slug":"buffalo-glenn-hofman-ii","status":"publish","type":"product","link":"https:\/\/biljarts-clubke.com\/fr\/product\/buffalo-glenn-hofman-ii\/","title":{"rendered":"Buffalo Glenn Hofman II"},"content":{"rendered":"<ul>\n<li>Pom\u00e9ranien : en couches \/ Jambe : Cerocite<\/li>\n<li>Vis en bois<\/li>\n<li>Muni d'un filetage dans le talon pour la pi\u00e8ce de rallonge<\/li>\n<li>Anneau central : aluminium avec logo GH grav\u00e9 au laser<\/li>\n<li>Vis de r\u00e9glage du poids<\/li>\n<li>Fourni avec une extr\u00e9mit\u00e9 sup\u00e9rieure de 12 mm avec le logo GH en standard<\/li>\n<\/ul>\n<p>&nbsp;<\/p>\n<h5>Billiards 't Clubke : large collection de queues de billard<\/h5>\n<p>Nos queues de billard sont toujours soigneusement s\u00e9lectionn\u00e9es par nos soins. Parmi les options, vous pouvez choisir le poids et le diam\u00e8tre de la queue. Si vous avez des doutes quant au choix de la queue de billard, vous pouvez toujours venir dans notre magasin et la tester sans engagement. Nous disposons d'un stock important de queues de billard dans notre magasin et nous actualisons r\u00e9guli\u00e8rement notre boutique en ligne. Si vous ne trouvez pas imm\u00e9diatement ce que vous cherchez, il y a de fortes chances que nous l'ayons en stock dans notre magasin.<\/p>","protected":false},"excerpt":{"rendered":"<p>Queue de billard 2 pi\u00e8ces de qualit\u00e9 en \u00e9rable par le joueur hollandais Glenn Hofman de la marque Buffalo.<\/p>","protected":false},"featured_media":2176,"template":"","meta":{"_acf_changed":false,"_seopress_robots_primary_cat":"44","_seopress_titles_title":"Buffalo Glenn Hofman II | Biljarts 't Clubke","_seopress_titles_desc":"Kwaliteitskeu 2-delig in esdoorn van de Nederlandse speler Glenn Hofman van het topmerk Buffalo.","_seopress_robots_index":""},"product_cat":[44,107,52],"product_tag":[83,96,97,48,87],"giftcard-category":[],"class_list":{"0":"post-2175","1":"product","2":"type-product","3":"status-publish","4":"has-post-thumbnail","6":"product_cat-biljart-toebehoren","7":"product_cat-buffalo","8":"product_cat-biljartkeu-golfbiljart-carambole","9":"product_tag-biljart","10":"product_tag-biljartkeu","11":"product_tag-buffalo","12":"product_tag-carambole","13":"product_tag-golfbiljart","15":"first","16":"outofstock","17":"taxable","18":"shipping-taxable","19":"purchasable","20":"product-type-simple"},"acf":[],"_links":{"self":[{"href":"https:\/\/biljarts-clubke.com\/fr\/wp-json\/wp\/v2\/product\/2175","targetHints":{"allow":["GET"]}}],"collection":[{"href":"https:\/\/biljarts-clubke.com\/fr\/wp-json\/wp\/v2\/product"}],"about":[{"href":"https:\/\/biljarts-clubke.com\/fr\/wp-json\/wp\/v2\/types\/product"}],"version-history":[{"count":0,"href":"https:\/\/biljarts-clubke.com\/fr\/wp-json\/wp\/v2\/product\/2175\/revisions"}],"wp:featuredmedia":[{"embeddable":true,"href":"https:\/\/biljarts-clubke.com\/fr\/wp-json\/wp\/v2\/media\/2176"}],"wp:attachment":[{"href":"https:\/\/biljarts-clubke.com\/fr\/wp-json\/wp\/v2\/media?parent=2175"}],"wp:term":[{"taxonomy":"product_cat","embeddable":true,"href":"https:\/\/biljarts-clubke.com\/fr\/wp-json\/wp\/v2\/product_cat?post=2175"},{"taxonomy":"product_tag","embeddable":true,"href":"https:\/\/biljarts-clubke.com\/fr\/wp-json\/wp\/v2\/product_tag?post=2175"},{"taxonomy":"giftcard-category","embeddable":true,"href":"https:\/\/biljarts-clubke.com\/fr\/wp-json\/wp\/v2\/giftcard-category?post=2175"}],"curies":[{"name":"wp","href":"https:\/\/api.w.org\/{rel}","templated":true}]}}