{"id":21966,"date":"2024-08-09T11:38:43","date_gmt":"2024-08-09T11:38:43","guid":{"rendered":"https:\/\/biljarts-clubke.com\/?post_type=product&#038;p=21966"},"modified":"2025-03-21T15:25:38","modified_gmt":"2025-03-21T15:25:38","slug":"mallette-cube-3-compartiments","status":"publish","type":"product","link":"https:\/\/biljarts-clubke.com\/fr\/product\/keukoffer-3-vak\/","title":{"rendered":"Etui \u00e0 baguette 3 compartiments"},"content":{"rendered":"<p>Cet \u00e9tui rigide pour queue de billard est le compagnon id\u00e9al des joueurs de billard et de billard am\u00e9ricain qui souhaitent ranger et transporter leur queue de billard en deux parties en toute s\u00e9curit\u00e9. Gr\u00e2ce \u00e0 sa construction durable, cette mallette offre une protection maximale \u00e0 votre pr\u00e9cieuse queue de billard. En outre, un troisi\u00e8me compartiment permet de ranger une queue de billard suppl\u00e9mentaire.<\/p>\n<p>L'ext\u00e9rieur de l'\u00e9tui est robuste et r\u00e9siste aux coups et aux chocs, ce qui permet de prot\u00e9ger votre queue de billard m\u00eame en voyage. L'int\u00e9rieur est soigneusement con\u00e7u avec des d\u00e9coupes personnalis\u00e9es pour maintenir votre queue de billard en deux parties ainsi que votre extr\u00e9mit\u00e9 sup\u00e9rieure suppl\u00e9mentaire bien en place, l'emp\u00eachant de bouger ou de s'ab\u00eemer.<\/p>\n<p>Que vous alliez au club de billard, que vous participiez \u00e0 un tournoi ou que vous souhaitiez simplement prot\u00e9ger votre queue de billard lorsqu'elle n'est pas utilis\u00e9e, cet \u00e9tui offre une solution fiable. C'est la combinaison id\u00e9ale de style, de durabilit\u00e9 et de fonctionnalit\u00e9 pour s'assurer que votre queue de billard reste en parfait \u00e9tat.<\/p>\n<div id=\"ConnectiveDocSignExtentionInstalled\" data-extension-version=\"1.0.4\">Dimensions int\u00e9rieures : 78,5 cm<\/div>\n<div id=\"ConnectiveDocSignExtentionInstalled\" data-extension-version=\"1.0.4\"><\/div>\n<div id=\"ConnectiveDocSignExtentionInstalled\" data-extension-version=\"1.0.4\"><\/div>\n<div id=\"ConnectiveDocSignExtentionInstalled\" data-extension-version=\"1.0.4\"><\/div>","protected":false},"excerpt":{"rendered":"<ul>\n<li>Etui avec 3 compartiments pour une queue de billard en 2 parties et un haut de gamme suppl\u00e9mentaire<\/li>\n<li>\u00c9tui rigide<\/li>\n<li>Dimensions int\u00e9rieures : 78,5 cm<\/li>\n<\/ul>\n<div id=\"ConnectiveDocSignExtentionInstalled\" data-extension-version=\"1.0.4\"><\/div>\n<div id=\"ConnectiveDocSignExtentionInstalled\" data-extension-version=\"1.0.4\"><\/div>","protected":false},"featured_media":21973,"template":"","meta":{"_acf_changed":false,"_seopress_robots_primary_cat":"44","_seopress_titles_title":"Keukoffer met 3 vakken | Biljarts 't Clubke","_seopress_titles_desc":"Deze standaard keukoffer voor een 2-delige keu en een extra topeinde in een harde behuizing is verkrijgbaar in 2 verschillende kleuren. Bestel jouw keukoffer hier.","_seopress_robots_index":""},"product_cat":[44,58,148],"product_tag":[147],"giftcard-category":[],"class_list":{"0":"post-21966","1":"product","2":"type-product","3":"status-publish","4":"has-post-thumbnail","6":"product_cat-biljart-toebehoren","7":"product_cat-keukoffers","8":"product_cat-keukoffers-zakken-tassen-en-kokers","9":"product_tag-keukoffer","11":"first","12":"instock","13":"taxable","14":"shipping-taxable","15":"purchasable","16":"product-type-variable"},"acf":[],"_links":{"self":[{"href":"https:\/\/biljarts-clubke.com\/fr\/wp-json\/wp\/v2\/product\/21966","targetHints":{"allow":["GET"]}}],"collection":[{"href":"https:\/\/biljarts-clubke.com\/fr\/wp-json\/wp\/v2\/product"}],"about":[{"href":"https:\/\/biljarts-clubke.com\/fr\/wp-json\/wp\/v2\/types\/product"}],"version-history":[{"count":0,"href":"https:\/\/biljarts-clubke.com\/fr\/wp-json\/wp\/v2\/product\/21966\/revisions"}],"wp:featuredmedia":[{"embeddable":true,"href":"https:\/\/biljarts-clubke.com\/fr\/wp-json\/wp\/v2\/media\/21973"}],"wp:attachment":[{"href":"https:\/\/biljarts-clubke.com\/fr\/wp-json\/wp\/v2\/media?parent=21966"}],"wp:term":[{"taxonomy":"product_cat","embeddable":true,"href":"https:\/\/biljarts-clubke.com\/fr\/wp-json\/wp\/v2\/product_cat?post=21966"},{"taxonomy":"product_tag","embeddable":true,"href":"https:\/\/biljarts-clubke.com\/fr\/wp-json\/wp\/v2\/product_tag?post=21966"},{"taxonomy":"giftcard-category","embeddable":true,"href":"https:\/\/biljarts-clubke.com\/fr\/wp-json\/wp\/v2\/giftcard-category?post=21966"}],"curies":[{"name":"wp","href":"https:\/\/api.w.org\/{rel}","templated":true}]}}