{"id":22287,"date":"2024-10-08T15:18:57","date_gmt":"2024-10-08T15:18:57","guid":{"rendered":"https:\/\/biljarts-clubke.com\/?post_type=product&#038;p=22287"},"modified":"2026-04-15T14:30:29","modified_gmt":"2026-04-15T14:30:29","slug":"target-darts-rove-03-swiss-point-90","status":"publish","type":"product","link":"https:\/\/biljarts-clubke.com\/fr\/product\/target-dartpijlen-rove-03-swiss-point-90\/","title":{"rendered":"Target darts Rove 03 Swiss Point 90%"},"content":{"rendered":"<h2>Cible Rove 03 Fl\u00e9chettes<\/h2>\n<p>Les fl\u00e9chettes Target Rove 03 90% sont des fl\u00e9chettes de haute qualit\u00e9 dans un bel emballage. Ces fl\u00e9chettes sont une combinaison parfaite de savoir-faire et d'innovation, ce qui en fait le choix id\u00e9al pour les professionnels et les amateurs de fl\u00e9chettes.<\/p>\n<p>Ces fl\u00e9chettes sont fabriqu\u00e9es en tungst\u00e8ne 90%, ce qui contribue \u00e0 leur grande durabilit\u00e9 et \u00e0 leur forme a\u00e9rodynamique. L'alliage de tungst\u00e8ne de haute qualit\u00e9 assure une r\u00e9partition optimale du poids et des performances r\u00e9guli\u00e8res. Le design du canon comprend une combinaison de rainures radiales et un double anneau de pr\u00e9cision, assurant une excellente prise en main, quel que soit l'endroit o\u00f9 l'on tient la fl\u00e8che. Cela permet au joueur de lancer avec r\u00e9gularit\u00e9 et confiance.<\/p>\n<p>La fl\u00e9chette Target Rove 03 Swiss Point 90% est disponible dans les poids suivants :<\/p>\n<table border=\"1\" cellpadding=\"0\">\n<tbody>\n<tr>\n<td><strong>Poids :<\/strong><\/td>\n<td><strong>Longueur du canon :<\/strong><\/td>\n<td><strong>\u00c9paisseur du canon :<\/strong><\/td>\n<\/tr>\n<tr>\n<td>22 grammes<\/td>\n<td>\u00a052,00 mm<\/td>\n<td>\u00a06,80 mm<\/td>\n<\/tr>\n<tr>\n<td>24 grammes<\/td>\n<td>\u00a052,00 mm<\/td>\n<td>\u00a07,30 mm<\/td>\n<\/tr>\n<\/tbody>\n<\/table>\n<p>&nbsp;<\/p>","protected":false},"excerpt":{"rendered":"<p>Les fl\u00e9chettes Target Rove 03 Swiss Point 90% offrent une exp\u00e9rience de jeu sup\u00e9rieure, combinant pr\u00e9cision, coh\u00e9rence et style en un seul produit.<\/p>\n<ul>\n<li>Marque : Target<\/li>\n<li>Mat\u00e9riau : Tungst\u00e8ne 90%<\/li>\n<li>Couleur : argent\/vert\/bleu<\/li>\n<li>Ces fl\u00e9chettes sont livr\u00e9es en standard avec : 3 fl\u00e9chettes Target Aluminium, 6 volants Target Rove 3x NO2 3X NO6, 3 pointes Target Swiss Quartz et un crochet Target Swiss Key.<\/li>\n<li>La fl\u00e9chette Target Rove 03 Swiss Point 90% est disponible dans les poids suivants :<\/li>\n<\/ul>\n<table border=\"1\" cellpadding=\"0\">\n<tbody>\n<tr>\n<td><strong>Poids :<\/strong><\/td>\n<td><strong>Longueur du canon :<\/strong><\/td>\n<td><strong>\u00c9paisseur du canon :<\/strong><\/td>\n<\/tr>\n<tr>\n<td>22 grammes<\/td>\n<td>\u00a052,00 mm<\/td>\n<td>\u00a06,80 mm<\/td>\n<\/tr>\n<tr>\n<td>24 grammes<\/td>\n<td>\u00a052,00 mm<\/td>\n<td>\u00a07,30 mm<\/td>\n<\/tr>\n<\/tbody>\n<\/table>\n<p>&nbsp;<\/p>","protected":false},"featured_media":22290,"template":"","meta":{"_acf_changed":false,"_seopress_robots_primary_cat":"none","_seopress_titles_title":"Target Rove 03 Swiss Point 90% - Biljarts Clubke","_seopress_titles_desc":"Deze Rove 03 90% dartpijlen van het merk Target zijn gemaakt van 90% Tungsten. Ontdek ze en bestel ze hier.","_seopress_robots_index":""},"product_cat":[251,384],"product_tag":[],"giftcard-category":[],"class_list":{"0":"post-22287","1":"product","2":"type-product","3":"status-publish","4":"has-post-thumbnail","6":"product_cat-dartpijlen","7":"product_cat-target-dartpijlen","9":"first","10":"outofstock","11":"taxable","12":"shipping-taxable","13":"purchasable","14":"product-type-variable"},"acf":[],"_links":{"self":[{"href":"https:\/\/biljarts-clubke.com\/fr\/wp-json\/wp\/v2\/product\/22287","targetHints":{"allow":["GET"]}}],"collection":[{"href":"https:\/\/biljarts-clubke.com\/fr\/wp-json\/wp\/v2\/product"}],"about":[{"href":"https:\/\/biljarts-clubke.com\/fr\/wp-json\/wp\/v2\/types\/product"}],"version-history":[{"count":1,"href":"https:\/\/biljarts-clubke.com\/fr\/wp-json\/wp\/v2\/product\/22287\/revisions"}],"predecessor-version":[{"id":25301,"href":"https:\/\/biljarts-clubke.com\/fr\/wp-json\/wp\/v2\/product\/22287\/revisions\/25301"}],"wp:featuredmedia":[{"embeddable":true,"href":"https:\/\/biljarts-clubke.com\/fr\/wp-json\/wp\/v2\/media\/22290"}],"wp:attachment":[{"href":"https:\/\/biljarts-clubke.com\/fr\/wp-json\/wp\/v2\/media?parent=22287"}],"wp:term":[{"taxonomy":"product_cat","embeddable":true,"href":"https:\/\/biljarts-clubke.com\/fr\/wp-json\/wp\/v2\/product_cat?post=22287"},{"taxonomy":"product_tag","embeddable":true,"href":"https:\/\/biljarts-clubke.com\/fr\/wp-json\/wp\/v2\/product_tag?post=22287"},{"taxonomy":"giftcard-category","embeddable":true,"href":"https:\/\/biljarts-clubke.com\/fr\/wp-json\/wp\/v2\/giftcard-category?post=22287"}],"curies":[{"name":"wp","href":"https:\/\/api.w.org\/{rel}","templated":true}]}}