{"id":23041,"date":"2025-01-28T13:22:26","date_gmt":"2025-01-28T13:22:26","guid":{"rendered":"https:\/\/biljarts-clubke.com\/?post_type=product&#038;p=23041"},"modified":"2026-04-15T15:55:18","modified_gmt":"2026-04-15T15:55:18","slug":"target-darts-k-flex-flights-no-2","status":"publish","type":"product","link":"https:\/\/biljarts-clubke.com\/fr\/product\/target-dartpijlen-k-flex-flights-no-2\/","title":{"rendered":"Vols cibl\u00e9s K Flex Flights No.2"},"content":{"rendered":"<p>Les Target K Flex Flights No.2 sont un excellent choix pour les dards qui appr\u00e9cient la qualit\u00e9 et la constance de leur jeu.<\/p>\n<ul>\n<li><strong>Vols durables<\/strong>Les produits sont fabriqu\u00e9s dans un mat\u00e9riau robuste qui dure longtemps, m\u00eame en cas d'utilisation intensive.<\/li>\n<li><strong>Am\u00e9lioration de la stabilit\u00e9<\/strong>Les vols : Gr\u00e2ce \u00e0 leur conception, ces vols permettent un meilleur contr\u00f4le de vos lancers.<\/li>\n<li><strong>Design \u00e9l\u00e9gant<\/strong>La finition noire donne \u00e0 vos fl\u00e8ches une allure \u00e9l\u00e9gante et professionnelle.<\/li>\n<li><strong>Compatible avec tous les arbres<\/strong>Le jeu de fl\u00e9chettes : Convient aux fl\u00e9chettes standard, id\u00e9al pour les d\u00e9butants et les joueurs confirm\u00e9s.<\/li>\n<\/ul>\n<p>Ils sont disponibles en diff\u00e9rentes couleurs : noir, rouge, transparent, bleu, blanc, vert, jaune fluo, orange fluo, rose.<\/p>\n<p><strong>Taille de l'arbre Combo :<\/strong>\u00a0Standard<br \/>\n<strong>Mat\u00e9riau du combo de l'arbre de vol :<\/strong>\u00a0Plastique<br \/>\n<strong>Marque :<\/strong>\u00a0Target<\/p>\n<p><strong>Dimensions de l'arbre de vol Combo :<\/strong><\/p>\n<table border=\"1\">\n<tbody>\n<tr>\n<td><strong>Taille de l'arbre<\/strong><\/td>\n<td><strong>Longueur de l'arbre<\/strong><\/td>\n<td><strong>Longueur totale<\/strong><\/td>\n<\/tr>\n<tr>\n<td>Court<\/td>\n<td>19 mm<\/td>\n<td>61,6 mm<\/td>\n<\/tr>\n<tr>\n<td>Entre les deux<\/td>\n<td>26 mm<\/td>\n<td>68,6 mm<\/td>\n<\/tr>\n<tr>\n<td>Moyen<\/td>\n<td>33 mm<\/td>\n<td>75,6 mm<\/td>\n<\/tr>\n<\/tbody>\n<\/table>\n<p><strong>Target K-Flex NO2 est vendu par set (1 set = 3 vols)<\/strong><\/p>\n<p><strong>Remarque !<\/strong> Le vol et l'arbre sont bloqu\u00e9s ensemble par ce syst\u00e8me.<\/p>\n<p><strong>Conseil : <\/strong><\/p>\n<ul>\n<li>Il est toujours utile d'avoir des vols suppl\u00e9mentaires \u00e0 port\u00e9e de main, car ils peuvent s'user ou se casser \u00e0 l'usage.<\/li>\n<li>Exp\u00e9rimentez diff\u00e9rentes formes, mat\u00e9riaux ou \u00e9paisseurs pour d\u00e9couvrir ce qui convient le mieux \u00e0 votre style de jeu !<\/li>\n<\/ul>","protected":false},"excerpt":{"rendered":"<p>Les fl\u00e9chettes Target K Flex Flights Black No.2 offrent durabilit\u00e9 et stabilit\u00e9 pendant le darting. Parfaites pour les dards qui recherchent la constance et la qualit\u00e9.<\/p>\n<h3><\/h3>","protected":false},"featured_media":23061,"template":"","meta":{"_acf_changed":false,"_seopress_robots_primary_cat":"none","_seopress_titles_title":"Target K Flex Flights No.2 | Biljarts 't Clubke","_seopress_titles_desc":"Target K Flex Flights No.6: duurzaam, stabiel en stijlvol. Beschikbaar in verschillende (neon) kleuren. Bestel nu bij Biljarts 't Clubke!","_seopress_robots_index":""},"product_cat":[325,385],"product_tag":[326,327],"giftcard-category":[],"class_list":{"0":"post-23041","1":"product","2":"type-product","3":"status-publish","4":"has-post-thumbnail","6":"product_cat-flights","7":"product_cat-target-flights","8":"product_tag-flights","9":"product_tag-target","11":"first","12":"instock","13":"taxable","14":"shipping-taxable","15":"purchasable","16":"product-type-variable"},"acf":[],"_links":{"self":[{"href":"https:\/\/biljarts-clubke.com\/fr\/wp-json\/wp\/v2\/product\/23041","targetHints":{"allow":["GET"]}}],"collection":[{"href":"https:\/\/biljarts-clubke.com\/fr\/wp-json\/wp\/v2\/product"}],"about":[{"href":"https:\/\/biljarts-clubke.com\/fr\/wp-json\/wp\/v2\/types\/product"}],"version-history":[{"count":1,"href":"https:\/\/biljarts-clubke.com\/fr\/wp-json\/wp\/v2\/product\/23041\/revisions"}],"predecessor-version":[{"id":26155,"href":"https:\/\/biljarts-clubke.com\/fr\/wp-json\/wp\/v2\/product\/23041\/revisions\/26155"}],"wp:featuredmedia":[{"embeddable":true,"href":"https:\/\/biljarts-clubke.com\/fr\/wp-json\/wp\/v2\/media\/23061"}],"wp:attachment":[{"href":"https:\/\/biljarts-clubke.com\/fr\/wp-json\/wp\/v2\/media?parent=23041"}],"wp:term":[{"taxonomy":"product_cat","embeddable":true,"href":"https:\/\/biljarts-clubke.com\/fr\/wp-json\/wp\/v2\/product_cat?post=23041"},{"taxonomy":"product_tag","embeddable":true,"href":"https:\/\/biljarts-clubke.com\/fr\/wp-json\/wp\/v2\/product_tag?post=23041"},{"taxonomy":"giftcard-category","embeddable":true,"href":"https:\/\/biljarts-clubke.com\/fr\/wp-json\/wp\/v2\/giftcard-category?post=23041"}],"curies":[{"name":"wp","href":"https:\/\/api.w.org\/{rel}","templated":true}]}}