{"id":23186,"date":"2025-01-28T14:48:36","date_gmt":"2025-01-28T14:48:36","guid":{"rendered":"https:\/\/biljarts-clubke.com\/?post_type=product&#038;p=23186"},"modified":"2026-04-15T15:45:57","modified_gmt":"2026-04-15T15:45:57","slug":"vols-cibles-k-flex-josh-rock","status":"publish","type":"product","link":"https:\/\/biljarts-clubke.com\/fr\/product\/target-flights-k-flex-josh-rock\/","title":{"rendered":"Vols cibl\u00e9s K-Flex Josh Rock No2"},"content":{"rendered":"<ul>\n<li><strong>Combinaison vol-arbre<\/strong>Les vol\u00e9es et les arbres sont int\u00e9gr\u00e9s, ce qui offre une plus grande stabilit\u00e9 et une plus grande facilit\u00e9 d'utilisation.<\/li>\n<li><strong>Plastique durable<\/strong>Les produits sont fabriqu\u00e9s dans un mat\u00e9riau robuste qui dure longtemps, m\u00eame en cas d'utilisation intensive.<\/li>\n<li><strong>Disponible en trois tailles<\/strong>La taille : Choisissez la taille adapt\u00e9e \u00e0 votre style de jeu : courte (61,6 mm), interm\u00e9diaire (68,6 mm) ou moyenne (75,6 mm).<\/li>\n<li><strong>Conception professionnelle<\/strong>L'artiste a \u00e9t\u00e9 inspir\u00e9 par la jeune star Josh Rock pour la composition de ses couleurs noir et vert.<\/li>\n<li><strong>Vendu par lot<\/strong>Chaque jeu contient trois vol\u00e9es avec des arbres int\u00e9gr\u00e9s.<\/li>\n<\/ul>\n<p>Le Target K-Flex Josh Rock NO2 offre style, durabilit\u00e9 et pr\u00e9cision, id\u00e9al pour les joueurs de loisir et de comp\u00e9tition.<\/p>\n<p><strong>Taille de l'arbre Combo :<\/strong>\u00a0Standard<br \/>\n<strong>Mat\u00e9riau du combo de l'arbre de vol :<\/strong>\u00a0Plastique<br \/>\n<strong>Marque :<\/strong>\u00a0Target<\/p>\n<p><strong>Dimensions de l'arbre de vol Combo :<\/strong><\/p>\n<table border=\"1\">\n<tbody>\n<tr>\n<td><strong>Taille de l'arbre<\/strong><\/td>\n<td><strong>Longueur de l'arbre<\/strong><\/td>\n<td><strong>Longueur totale<\/strong><\/td>\n<\/tr>\n<tr>\n<td>Court<\/td>\n<td>19 mm<\/td>\n<td>61,6 mm<\/td>\n<\/tr>\n<tr>\n<td>Entre les deux<\/td>\n<td>26 mm<\/td>\n<td>68,6 mm<\/td>\n<\/tr>\n<tr>\n<td>Moyen<\/td>\n<td>33 mm<\/td>\n<td>75,6 mm<\/td>\n<\/tr>\n<\/tbody>\n<\/table>\n<p><strong>Les Target K-Flex sont vendus par set (1 set = 3 vols).<\/strong><\/p>\n<p>Le vol et l'arbre sont bloqu\u00e9s ensemble par ce syst\u00e8me.<\/p>","protected":false},"excerpt":{"rendered":"<p>La Target K-Flex Josh Rock NO2 est une combinaison innovante de vol\u00e9e et de manche con\u00e7ue en collaboration avec la nouvelle sensation des fl\u00e9chettes Josh Rock. Le design noir-vert et les mat\u00e9riaux durables rendent ce syst\u00e8me parfait pour les fl\u00e9chettes qui veulent combiner qualit\u00e9 et style.<\/p>\n<h3><\/h3>","protected":false},"featured_media":23193,"template":"","meta":{"_acf_changed":false,"_seopress_robots_primary_cat":"none","_seopress_titles_title":"Target flight K-Flex Josh Rock No2 | Biljarts 't Clubke","_seopress_titles_desc":"Target K-Flex Josh Rock No2: flight-shaft combo in duurzaam zwart-groen design. Beschikbaar in drie maten. Bestel nu bij Biljarts 't Clubke!","_seopress_robots_index":""},"product_cat":[325,385],"product_tag":[326,419,327],"giftcard-category":[],"class_list":{"0":"post-23186","1":"product","2":"type-product","3":"status-publish","4":"has-post-thumbnail","6":"product_cat-flights","7":"product_cat-target-flights","8":"product_tag-flights","9":"product_tag-josh-rock","10":"product_tag-target","12":"first","13":"instock","14":"taxable","15":"shipping-taxable","16":"purchasable","17":"product-type-variable"},"acf":[],"_links":{"self":[{"href":"https:\/\/biljarts-clubke.com\/fr\/wp-json\/wp\/v2\/product\/23186","targetHints":{"allow":["GET"]}}],"collection":[{"href":"https:\/\/biljarts-clubke.com\/fr\/wp-json\/wp\/v2\/product"}],"about":[{"href":"https:\/\/biljarts-clubke.com\/fr\/wp-json\/wp\/v2\/types\/product"}],"version-history":[{"count":1,"href":"https:\/\/biljarts-clubke.com\/fr\/wp-json\/wp\/v2\/product\/23186\/revisions"}],"predecessor-version":[{"id":26019,"href":"https:\/\/biljarts-clubke.com\/fr\/wp-json\/wp\/v2\/product\/23186\/revisions\/26019"}],"wp:featuredmedia":[{"embeddable":true,"href":"https:\/\/biljarts-clubke.com\/fr\/wp-json\/wp\/v2\/media\/23193"}],"wp:attachment":[{"href":"https:\/\/biljarts-clubke.com\/fr\/wp-json\/wp\/v2\/media?parent=23186"}],"wp:term":[{"taxonomy":"product_cat","embeddable":true,"href":"https:\/\/biljarts-clubke.com\/fr\/wp-json\/wp\/v2\/product_cat?post=23186"},{"taxonomy":"product_tag","embeddable":true,"href":"https:\/\/biljarts-clubke.com\/fr\/wp-json\/wp\/v2\/product_tag?post=23186"},{"taxonomy":"giftcard-category","embeddable":true,"href":"https:\/\/biljarts-clubke.com\/fr\/wp-json\/wp\/v2\/giftcard-category?post=23186"}],"curies":[{"name":"wp","href":"https:\/\/api.w.org\/{rel}","templated":true}]}}