{"id":24248,"date":"2025-06-24T11:46:08","date_gmt":"2025-06-24T11:46:08","guid":{"rendered":"https:\/\/biljarts-clubke.com\/?post_type=product&#038;p=24248"},"modified":"2026-02-21T13:02:55","modified_gmt":"2026-02-21T13:02:55","slug":"winmau-darts-simon-whitlock-90-special-edition","status":"publish","type":"product","link":"https:\/\/biljarts-clubke.com\/fr\/product\/winmau-dartpijlen-simon-whitlock-90-special-edition\/","title":{"rendered":"Fl\u00e9chettes Winmau Simon Whitlock 90% Special Edition"},"content":{"rendered":"<p><strong>Fl\u00e9chettes Winmau Simon Whitlock 90% Special Edition<\/strong><\/p>\n<p>Ces fl\u00e9chettes en \u00e9dition limit\u00e9e incarnent les fl\u00e9chettes magiques de \"The Wizard\" et sont con\u00e7ues pour correspondre \u00e0 sa pr\u00e9cision et \u00e0 sa r\u00e9gularit\u00e9 l\u00e9gendaires. Le tungst\u00e8ne 90% de premi\u00e8re qualit\u00e9 offre la r\u00e9partition parfaite du poids dont Whitlock a besoin pour son lancer fluide caract\u00e9ristique, tandis que la technologie wizard grip offre un contr\u00f4le maximal dans les moments cruciaux.<\/p>\n<p>La finition exclusive pourpre-or avec des accents mystiques argent\u00e9s refl\u00e8te le th\u00e8me des sorciers de Simon Whitlock et fait de ces fl\u00e8ches une v\u00e9ritable \u0153uvre d'art qui capture parfaitement la magie du jeu de fl\u00e9chettes.<\/p>\n<ul>\n<li><strong>Poign\u00e9e :<\/strong> Technologie wizard grip sign\u00e9e Whitlock avec des motifs de rainures magiques<\/li>\n<li><strong>Mat\u00e9riau<\/strong>Tungst\u00e8ne : 90% pour un \u00e9quilibre et une pr\u00e9cision sup\u00e9rieurs<\/li>\n<li><strong>Finition<\/strong>: argent\/mauve<\/li>\n<li><strong>Parfait pour :<\/strong> Les collectionneurs s\u00e9rieux, les fans de Simon Whitlock et les comp\u00e9titeurs qui veulent ce qu'il y a de mieux et qui recherchent des fl\u00e9chettes \u00e0 la fois performantes et exclusives.<\/li>\n<li><strong>Fl\u00e9chettes Winmau Simon Whitlock 90% Special Edition<\/strong> Livr\u00e9 avec : 3 arbres Winmau Prism Force et 3 ailes Winmau Prism Alpha.<\/li>\n<\/ul>\n<table border=\"1\" cellspacing=\"3\" cellpadding=\"0\">\n<tbody>\n<tr>\n<td><b>Poids :<\/b><\/td>\n<td><strong>Longueur du canon :<\/strong><\/td>\n<td><b>\u00c9paisseur du canon :<\/b><\/td>\n<\/tr>\n<tr>\n<td>22 grammes<\/td>\n<td>50,80 mm<\/td>\n<td>6.00\/7.20 mm<\/td>\n<\/tr>\n<tr>\n<td>24 grammes<\/td>\n<td>50,80 mm<\/td>\n<td>6,40 \/7,50 mm<\/td>\n<\/tr>\n<\/tbody>\n<\/table>\n<p>&nbsp;<\/p>\n<p><span style=\"color: inherit; font-family: inherit; font-size: 20px; font-weight: 600;\">Winmau<\/span><\/p>\n<p>La marque de fl\u00e9chettes britannique Winmau est une marque mondialement connue \u00e0 laquelle sont attach\u00e9s de nombreux fl\u00e9cheurs de premier plan. Winmau est un pionnier dans le monde des fl\u00e9chettes et l'un des plus grands fournisseurs. Cette marque populaire propose une large gamme de produits de fl\u00e9chettes pour les joueurs d\u00e9butants et confirm\u00e9s.<\/p>\n<h4>Large gamme de fl\u00e9chettes<\/h4>\n<p>Notre objectif est de vous faire vivre une exp\u00e9rience divertissante dans notre magasin. Depuis plus de 30 ans, nous sommes actifs dans le monde des jeux de pubs o\u00f9 les fl\u00e9chettes ne peuvent manquer. Nous disposons d'un large assortiment dans notre magasin physique et compl\u00e9tons r\u00e9guli\u00e8rement notre boutique en ligne.<br \/>\nNous proposons des plateaux de fl\u00e9chettes, des entourages et des \u00e9clairages, des tapis de fl\u00e9chettes, des bo\u00eetes \u00e0 fl\u00e9chettes, des pointes en acier, des \u00e9tuis, des arbres et des vol\u00e9es, des accessoires, des plateaux de fl\u00e9chettes \u00e9lectroniques, des fl\u00e9chettes \u00e0 pointe souple,... et toutes les grandes marques.<br \/>\nIls peuvent \u00eatre command\u00e9s en ligne et livr\u00e9s par bpost ou peuvent \u00eatre retir\u00e9s dans notre magasin.<br \/>\nL'achat en ligne vous semble difficile ? Nous vous accueillons pour des conseils personnalis\u00e9s, vous pouvez toujours tester les fl\u00e9chettes avec nous afin que vous repartiez avec la fl\u00e8che parfaite et la bonne configuration. Nous \u00e9largissons r\u00e9guli\u00e8rement notre gamme, alors n'h\u00e9sitez pas \u00e0 nous rendre visite et \u00e0 vous promener dans notre magasin de fl\u00e9chettes.\u00a0<strong><a href=\"https:\/\/biljarts-clubke.com\/fr\/magasin-et-salle-dexposition\/\">salle d'exposition<\/a>.\u00a0<\/strong>Nous sommes heureux de vous accueillir pendant nos heures d'ouverture.<br \/>\nVous avez des questions sur le d\u00e9lai de livraison d'un produit ou vous ne trouvez pas ce que vous cherchez en ligne ? N'h\u00e9sitez pas \u00e0 contacter\u00a0<strong><a tabindex=\"-1\" href=\"https:\/\/biljarts-clubke.com\/fr\/contact\/\">contact<\/a><\/strong>\u00a0avec nous, il y a de fortes chances que nous l'ayons en stock dans le magasin. Vous pouvez \u00e9galement nous contacter pour l'installation de nouvelles pointes de fl\u00e9chettes.<\/p>\n<p><strong>Billard 't Clubke<\/strong>Le site web de l'association : pour la qualit\u00e9 et l'expertise, vous pouvez vous adresser \u00e0 nous pour tout ce qui a trait aux jeux de soci\u00e9t\u00e9 !<\/p>","protected":false},"excerpt":{"rendered":"<p><strong>Lancez comme \"le magicien\" avec les fl\u00e9chettes magiques Winmau Simon Whitlock Special Edition !<\/strong><\/p>\n<p>D\u00e9couvrez la magie pure de Simon \"The Wizard\" Whitlock avec ces fl\u00e9chettes exclusives Special Edition, sp\u00e9cialement con\u00e7ues en l'honneur de la l\u00e9gende australienne des fl\u00e9chettes. Cette s\u00e9rie en \u00e9dition limit\u00e9e porte le style de jeu unique de Whitlock et sa pr\u00e9cision in\u00e9gal\u00e9e \u00e0 un niveau sup\u00e9rieur et est un must pour les vrais connaisseurs de fl\u00e9chettes.<\/p>","protected":false},"featured_media":24251,"template":"","meta":{"_acf_changed":false,"_seopress_robots_primary_cat":"66","_seopress_titles_title":"Winmau Simon Whitlock darts | Biljarts 't Clubke","_seopress_titles_desc":"Ontdek de magie van perfectie - bestel nu uw Simon Whitlock darta Special Edition bij Biljarts 't Clubke en ervaar de kracht van \"The Wizard\"!","_seopress_robots_index":""},"product_cat":[251,66,371],"product_tag":[373,139],"giftcard-category":[],"class_list":{"0":"post-24248","1":"product","2":"type-product","3":"status-publish","4":"has-post-thumbnail","6":"product_cat-dartpijlen","7":"product_cat-darts-kopen","8":"product_cat-winmau-dartpijlen","9":"product_tag-dartpijlen","10":"product_tag-winmau","12":"first","13":"instock","14":"taxable","15":"shipping-taxable","16":"purchasable","17":"product-type-variable","18":"has-default-attributes"},"acf":[],"_links":{"self":[{"href":"https:\/\/biljarts-clubke.com\/fr\/wp-json\/wp\/v2\/product\/24248","targetHints":{"allow":["GET"]}}],"collection":[{"href":"https:\/\/biljarts-clubke.com\/fr\/wp-json\/wp\/v2\/product"}],"about":[{"href":"https:\/\/biljarts-clubke.com\/fr\/wp-json\/wp\/v2\/types\/product"}],"version-history":[{"count":1,"href":"https:\/\/biljarts-clubke.com\/fr\/wp-json\/wp\/v2\/product\/24248\/revisions"}],"predecessor-version":[{"id":24252,"href":"https:\/\/biljarts-clubke.com\/fr\/wp-json\/wp\/v2\/product\/24248\/revisions\/24252"}],"wp:featuredmedia":[{"embeddable":true,"href":"https:\/\/biljarts-clubke.com\/fr\/wp-json\/wp\/v2\/media\/24251"}],"wp:attachment":[{"href":"https:\/\/biljarts-clubke.com\/fr\/wp-json\/wp\/v2\/media?parent=24248"}],"wp:term":[{"taxonomy":"product_cat","embeddable":true,"href":"https:\/\/biljarts-clubke.com\/fr\/wp-json\/wp\/v2\/product_cat?post=24248"},{"taxonomy":"product_tag","embeddable":true,"href":"https:\/\/biljarts-clubke.com\/fr\/wp-json\/wp\/v2\/product_tag?post=24248"},{"taxonomy":"giftcard-category","embeddable":true,"href":"https:\/\/biljarts-clubke.com\/fr\/wp-json\/wp\/v2\/giftcard-category?post=24248"}],"curies":[{"name":"wp","href":"https:\/\/api.w.org\/{rel}","templated":true}]}}