{"id":24593,"date":"2025-08-19T17:03:28","date_gmt":"2025-08-19T17:03:28","guid":{"rendered":"https:\/\/biljarts-clubke.com\/?post_type=product&#038;p=24593"},"modified":"2026-04-20T15:48:55","modified_gmt":"2026-04-20T15:48:55","slug":"winmau-darts-bobby-george-king-of-bling-90","status":"publish","type":"product","link":"https:\/\/biljarts-clubke.com\/fr\/product\/winmau-dartpijlen-bobby-george-king-of-bling-90\/","title":{"rendered":"Fl\u00e9chettes Winmau Bobby George King of Bling 90%"},"content":{"rendered":"<p><strong>Fl\u00e9chettes Winmau Bobby George King of Bling 90%<\/strong><\/p>\n<p data-start=\"351\" data-end=\"605\">Le <strong data-start=\"354\" data-end=\"395\">Winmau Bobby George King of Bling 90%<\/strong> Les fl\u00e9chettes sont aussi flamboyantes que l'homme lui-m\u00eame : <strong data-start=\"447\" data-end=\"479\">Bobby \"King of Bling\" George<\/strong> - L\u00e9gende du jeu de fl\u00e9chettes, favori du public et connu pour ses bijoux en or, ses tenues \u00e9tincelantes et ses grandes performances sur sc\u00e8ne.<\/p>\n<p data-start=\"607\" data-end=\"1010\">Ces pinces sont fabriqu\u00e9es en <strong data-start=\"644\" data-end=\"660\">90% tungst\u00e8ne<\/strong> et de disposer d'un <strong data-start=\"675\" data-end=\"705\">forme classique de tonneau droit<\/strong> avec une profonde <strong data-start=\"720\" data-end=\"738\">poign\u00e9e \u00e0 anneaux multiples<\/strong>. La structure robuste de la poign\u00e9e assure un excellent contr\u00f4le, m\u00eame lors de lancers puissants. La fl\u00e8che est orn\u00e9e d'un embl\u00e8me distinctif. <strong data-start=\"866\" data-end=\"893\">rev\u00eatement en or et en titane<\/strong>qui non seulement fait r\u00e9f\u00e9rence au style embl\u00e9matique de Bobby, mais offre \u00e9galement une durabilit\u00e9 accrue et un aspect luxueux.<\/p>\n<ul>\n<li><strong>Mat\u00e9riau<\/strong>Tungst\u00e8ne : 90% pour un \u00e9quilibre et une pr\u00e9cision sup\u00e9rieurs<\/li>\n<li><strong>Finition<\/strong>: noir\/argent\/or<\/li>\n<li><strong>Parfait pour :<\/strong> Les dards qui aiment une prise en main ferme, un canon droit et un design accrocheur qui est \u00e0 la fois performant et remarquable.<\/li>\n<li><strong>Fl\u00e9chettes Winmau Bobby George King of Bling 90%<\/strong> Livr\u00e9 avec : 3 Shafts Winmau Vecta et 3 vols Winmau Prism Delta.<\/li>\n<\/ul>\n<table border=\"1\" cellpadding=\"0\">\n<tbody>\n<tr>\n<td><strong>Poids :<\/strong><\/td>\n<td><strong>Longueur du canon :<\/strong><\/td>\n<td><strong>\u00c9paisseur du canon :<\/strong><\/td>\n<\/tr>\n<tr>\n<td>\u00a024 g<\/td>\n<td>\u00a050,80 mm<\/td>\n<td>6,60 mm<\/td>\n<\/tr>\n<\/tbody>\n<\/table>\n<p><span style=\"color: inherit; font-family: inherit; font-size: 20px; font-weight: 600;\"><br \/>\nWinmau<\/span><\/p>\n<p>La marque de fl\u00e9chettes britannique Winmau est une marque mondialement connue \u00e0 laquelle sont attach\u00e9s de nombreux fl\u00e9cheurs de premier plan. Winmau est un pionnier dans le monde des fl\u00e9chettes et l'un des plus grands fournisseurs. Cette marque populaire propose une large gamme de produits de fl\u00e9chettes pour les joueurs d\u00e9butants et confirm\u00e9s.<\/p>\n<h4>Large gamme de fl\u00e9chettes<\/h4>\n<p>Notre objectif est de vous faire vivre une exp\u00e9rience divertissante dans notre magasin. Depuis plus de 30 ans, nous sommes actifs dans le monde des jeux de pubs o\u00f9 les fl\u00e9chettes ne peuvent manquer. Nous disposons d'un large assortiment dans notre magasin physique et compl\u00e9tons r\u00e9guli\u00e8rement notre boutique en ligne.<br \/>\nNous proposons des plateaux de fl\u00e9chettes, des entourages et des \u00e9clairages, des tapis de fl\u00e9chettes, des bo\u00eetes \u00e0 fl\u00e9chettes, des pointes en acier, des \u00e9tuis, des arbres et des vol\u00e9es, des accessoires, des plateaux de fl\u00e9chettes \u00e9lectroniques, des fl\u00e9chettes \u00e0 pointe souple,... et toutes les grandes marques.<br \/>\nIls peuvent \u00eatre command\u00e9s en ligne et livr\u00e9s par bpost ou peuvent \u00eatre retir\u00e9s dans notre magasin.<br \/>\nL'achat en ligne vous semble difficile ? Nous vous accueillons pour des conseils personnalis\u00e9s, vous pouvez toujours tester les fl\u00e9chettes avec nous afin que vous repartiez avec la fl\u00e8che parfaite et la bonne configuration. Nous \u00e9largissons r\u00e9guli\u00e8rement notre gamme, alors n'h\u00e9sitez pas \u00e0 nous rendre visite et \u00e0 vous promener dans notre magasin de fl\u00e9chettes.\u00a0<strong><a href=\"https:\/\/biljarts-clubke.com\/fr\/magasin-et-salle-dexposition\/\">salle d'exposition<\/a>.\u00a0<\/strong>Nous sommes heureux de vous accueillir pendant nos heures d'ouverture.<br \/>\nVous avez des questions sur le d\u00e9lai de livraison d'un produit ou vous ne trouvez pas ce que vous cherchez en ligne ? N'h\u00e9sitez pas \u00e0 contacter\u00a0<strong><a tabindex=\"-1\" href=\"https:\/\/biljarts-clubke.com\/fr\/contact\/\">contact<\/a><\/strong>\u00a0avec nous, il y a de fortes chances que nous l'ayons en stock dans le magasin. Vous pouvez \u00e9galement nous contacter pour l'installation de nouvelles pointes de fl\u00e9chettes.<\/p>\n<p><strong>Billard 't Clubke<\/strong>Le site web de l'association : pour la qualit\u00e9 et l'expertise, vous pouvez vous adresser \u00e0 nous pour tout ce qui a trait aux jeux de soci\u00e9t\u00e9 !<\/p>","protected":false},"excerpt":{"rendered":"<p data-start=\"1470\" data-end=\"1636\">Les fl\u00e9chettes Bobby George King of Bling sont dot\u00e9es d'un canon droit, d'une poign\u00e9e en anneau solide et d'une finition dor\u00e9e. Pour les fl\u00e9chettes qui ont du style et de la pr\u00e9cision. Avec les fl\u00e9chettes Bobby George King of Bling 90%, vous volerez la vedette \u00e0 la planche - et lancerez avec le flair d'une v\u00e9ritable ic\u00f4ne des fl\u00e9chettes.<\/p>","protected":false},"featured_media":24594,"template":"","meta":{"_acf_changed":false,"_seopress_robots_primary_cat":"66","_seopress_titles_title":"Bobby George King of Bling 90% darts | Biljarts 't Clubke","_seopress_titles_desc":"Gooi met flair en controle met de Bobby George King of Bling darts. 90% tungsten, gouden coating en opvallende grip. Koop ze bij Biljarts Clubke.","_seopress_robots_index":""},"product_cat":[251,66,371],"product_tag":[373,139],"giftcard-category":[],"class_list":{"0":"post-24593","1":"product","2":"type-product","3":"status-publish","4":"has-post-thumbnail","6":"product_cat-dartpijlen","7":"product_cat-darts-kopen","8":"product_cat-winmau-dartpijlen","9":"product_tag-dartpijlen","10":"product_tag-winmau","12":"first","13":"instock","14":"taxable","15":"shipping-taxable","16":"purchasable","17":"product-type-simple"},"acf":[],"_links":{"self":[{"href":"https:\/\/biljarts-clubke.com\/fr\/wp-json\/wp\/v2\/product\/24593","targetHints":{"allow":["GET"]}}],"collection":[{"href":"https:\/\/biljarts-clubke.com\/fr\/wp-json\/wp\/v2\/product"}],"about":[{"href":"https:\/\/biljarts-clubke.com\/fr\/wp-json\/wp\/v2\/types\/product"}],"version-history":[{"count":1,"href":"https:\/\/biljarts-clubke.com\/fr\/wp-json\/wp\/v2\/product\/24593\/revisions"}],"predecessor-version":[{"id":24596,"href":"https:\/\/biljarts-clubke.com\/fr\/wp-json\/wp\/v2\/product\/24593\/revisions\/24596"}],"wp:featuredmedia":[{"embeddable":true,"href":"https:\/\/biljarts-clubke.com\/fr\/wp-json\/wp\/v2\/media\/24594"}],"wp:attachment":[{"href":"https:\/\/biljarts-clubke.com\/fr\/wp-json\/wp\/v2\/media?parent=24593"}],"wp:term":[{"taxonomy":"product_cat","embeddable":true,"href":"https:\/\/biljarts-clubke.com\/fr\/wp-json\/wp\/v2\/product_cat?post=24593"},{"taxonomy":"product_tag","embeddable":true,"href":"https:\/\/biljarts-clubke.com\/fr\/wp-json\/wp\/v2\/product_tag?post=24593"},{"taxonomy":"giftcard-category","embeddable":true,"href":"https:\/\/biljarts-clubke.com\/fr\/wp-json\/wp\/v2\/giftcard-category?post=24593"}],"curies":[{"name":"wp","href":"https:\/\/api.w.org\/{rel}","templated":true}]}}