{"id":24610,"date":"2025-08-19T17:33:18","date_gmt":"2025-08-19T17:33:18","guid":{"rendered":"https:\/\/biljarts-clubke.com\/?post_type=product&#038;p=24610"},"modified":"2025-08-19T17:40:23","modified_gmt":"2025-08-19T17:40:23","slug":"winmau-darts-paul-nicholson-90","status":"publish","type":"product","link":"https:\/\/biljarts-clubke.com\/fr\/product\/winmau-dartpijlen-paul-nicholson-90\/","title":{"rendered":"Fl\u00e9chettes Winmau Paul Nicholson 90%"},"content":{"rendered":"<p><strong>Fl\u00e9chettes Winmau Paul Nicholson 90%<\/strong><\/p>\n<p data-start=\"314\" data-end=\"633\">Le <strong data-start=\"317\" data-end=\"346\">Winmau Paul Nicholson 90%<\/strong> Les fl\u00e9chettes sont con\u00e7ues pour <strong data-start=\"378\" data-end=\"408\">Paul \"The Asset\" Nicholson<\/strong>Le joueur de fl\u00e9chettes de la s\u00e9rie \"Le Monde\" est un joueur \u00e9l\u00e9gant et franc, connu pour ses performances \u00e9nergiques, son look unique et son jeu technique tr\u00e8s pr\u00e9cis. Ces fl\u00e9chettes sont parfaitement adapt\u00e9es \u00e0 son style de jeu comp\u00e9titif et \u00e0 son caract\u00e8re franc.<\/p>\n<p data-start=\"635\" data-end=\"1051\">Fabriqu\u00e9 en <strong data-start=\"647\" data-end=\"663\">90% tungst\u00e8ne<\/strong> et \u00e9quip\u00e9 d'un <strong data-start=\"684\" data-end=\"705\">forme de tonneau droit<\/strong>Ces fl\u00e9chettes offrent un contr\u00f4le et une r\u00e9gularit\u00e9 maximums. Le canon a une forme caract\u00e9ristique <strong data-start=\"802\" data-end=\"849\">combinaison d'un anneau de pr\u00e9hension et d'encoches fines<\/strong>La finition noire s'harmonise parfaitement avec le design de la chaussure. La finition noire est compl\u00e9t\u00e9e par <strong data-start=\"963\" data-end=\"995\">accents jaunes<\/strong>.<\/p>\n<ul>\n<li><strong>Mat\u00e9riau<\/strong>Tungst\u00e8ne : 90% pour un \u00e9quilibre et une pr\u00e9cision sup\u00e9rieurs<\/li>\n<li><strong>Finition<\/strong>: argent\/noir\/jaune<\/li>\n<li><strong>Parfait pour :<\/strong> Les darters qui recherchent une fl\u00e8che droite avec des d\u00e9tails de pr\u00e9hension pointus et un look moderne et accrocheur.<\/li>\n<li><strong>Fl\u00e9chettes Winmau Paul Nicholson 90%<\/strong> Livr\u00e9 avec : 3 Shafts Winmau Vecta et 3 vols Winmau Prism Alpha.<\/li>\n<\/ul>\n<table border=\"1\" cellpadding=\"0\">\n<tbody>\n<tr>\n<td><strong>Poids :<\/strong><\/td>\n<td><strong>Longueur du canon :<\/strong><\/td>\n<td><strong>\u00c9paisseur du canon :<\/strong><\/td>\n<\/tr>\n<tr>\n<td>\u00a022 g<\/td>\n<td>\u00a050,80 mm<\/td>\n<td>\u00a06,18 mm<\/td>\n<\/tr>\n<\/tbody>\n<\/table>\n<p><span style=\"color: inherit; font-family: inherit; font-size: 20px; font-weight: 600;\"><br \/>\nWinmau<\/span><\/p>\n<p>La marque de fl\u00e9chettes britannique Winmau est une marque mondialement connue \u00e0 laquelle sont attach\u00e9s de nombreux fl\u00e9cheurs de premier plan. Winmau est un pionnier dans le monde des fl\u00e9chettes et l'un des plus grands fournisseurs. Cette marque populaire propose une large gamme de produits de fl\u00e9chettes pour les joueurs d\u00e9butants et confirm\u00e9s.<\/p>\n<h4>Large gamme de fl\u00e9chettes<\/h4>\n<p>Notre objectif est de vous faire vivre une exp\u00e9rience divertissante dans notre magasin. Depuis plus de 30 ans, nous sommes actifs dans le monde des jeux de pubs o\u00f9 les fl\u00e9chettes ne peuvent manquer. Nous disposons d'un large assortiment dans notre magasin physique et compl\u00e9tons r\u00e9guli\u00e8rement notre boutique en ligne.<br \/>\nNous proposons des plateaux de fl\u00e9chettes, des entourages et des \u00e9clairages, des tapis de fl\u00e9chettes, des bo\u00eetes \u00e0 fl\u00e9chettes, des pointes en acier, des \u00e9tuis, des arbres et des vol\u00e9es, des accessoires, des plateaux de fl\u00e9chettes \u00e9lectroniques, des fl\u00e9chettes \u00e0 pointe souple,... et toutes les grandes marques.<br \/>\nIls peuvent \u00eatre command\u00e9s en ligne et livr\u00e9s par bpost ou peuvent \u00eatre retir\u00e9s dans notre magasin.<br \/>\nL'achat en ligne vous semble difficile ? Nous vous accueillons pour des conseils personnalis\u00e9s, vous pouvez toujours tester les fl\u00e9chettes avec nous afin que vous repartiez avec la fl\u00e8che parfaite et la bonne configuration. Nous \u00e9largissons r\u00e9guli\u00e8rement notre gamme, alors n'h\u00e9sitez pas \u00e0 nous rendre visite et \u00e0 vous promener dans notre magasin de fl\u00e9chettes.\u00a0<strong><a href=\"https:\/\/biljarts-clubke.com\/fr\/magasin-et-salle-dexposition\/\">salle d'exposition<\/a>.\u00a0<\/strong>Nous sommes heureux de vous accueillir pendant nos heures d'ouverture.<br \/>\nVous avez des questions sur le d\u00e9lai de livraison d'un produit ou vous ne trouvez pas ce que vous cherchez en ligne ? N'h\u00e9sitez pas \u00e0 contacter\u00a0<strong><a tabindex=\"-1\" href=\"https:\/\/biljarts-clubke.com\/fr\/contact\/\">contact<\/a><\/strong>\u00a0avec nous, il y a de fortes chances que nous l'ayons en stock dans le magasin. Vous pouvez \u00e9galement nous contacter pour l'installation de nouvelles pointes de fl\u00e9chettes.<\/p>\n<p><strong>Billard 't Clubke<\/strong>Le site web de l'association : pour la qualit\u00e9 et l'expertise, vous pouvez vous adresser \u00e0 nous pour tout ce qui a trait aux jeux de soci\u00e9t\u00e9 !<\/p>","protected":false},"excerpt":{"rendered":"<p data-start=\"1470\" data-end=\"1636\">Les fl\u00e9chettes Paul Nicholson 90% ont un canon droit, une prise puissante et un design frappant. Pour les fl\u00e9chettes qui aiment se d\u00e9marquer et performer. Avec les fl\u00e9chettes Paul Nicholson 90%, vous choisissez le flair, le contr\u00f4le et un style distinctif - tout comme The Asset lui-m\u00eame.<\/p>","protected":false},"featured_media":24612,"template":"","meta":{"_acf_changed":false,"_seopress_robots_primary_cat":"66","_seopress_titles_title":"Paul Nicholson 90% dartpijlen kopen | Biljarts 't Clubke","_seopress_titles_desc":"Val op met de Paul Nicholson 90% darts. Rechte barrel, stevige grip en subtiel design voor fans van het eerste uur. Koop ze bij Biljarts Clubke.","_seopress_robots_index":""},"product_cat":[251,66,371],"product_tag":[373,139],"giftcard-category":[],"class_list":{"0":"post-24610","1":"product","2":"type-product","3":"status-publish","4":"has-post-thumbnail","6":"product_cat-dartpijlen","7":"product_cat-darts-kopen","8":"product_cat-winmau-dartpijlen","9":"product_tag-dartpijlen","10":"product_tag-winmau","12":"first","13":"instock","14":"taxable","15":"shipping-taxable","16":"purchasable","17":"product-type-simple"},"acf":[],"_links":{"self":[{"href":"https:\/\/biljarts-clubke.com\/fr\/wp-json\/wp\/v2\/product\/24610","targetHints":{"allow":["GET"]}}],"collection":[{"href":"https:\/\/biljarts-clubke.com\/fr\/wp-json\/wp\/v2\/product"}],"about":[{"href":"https:\/\/biljarts-clubke.com\/fr\/wp-json\/wp\/v2\/types\/product"}],"version-history":[{"count":1,"href":"https:\/\/biljarts-clubke.com\/fr\/wp-json\/wp\/v2\/product\/24610\/revisions"}],"predecessor-version":[{"id":24613,"href":"https:\/\/biljarts-clubke.com\/fr\/wp-json\/wp\/v2\/product\/24610\/revisions\/24613"}],"wp:featuredmedia":[{"embeddable":true,"href":"https:\/\/biljarts-clubke.com\/fr\/wp-json\/wp\/v2\/media\/24612"}],"wp:attachment":[{"href":"https:\/\/biljarts-clubke.com\/fr\/wp-json\/wp\/v2\/media?parent=24610"}],"wp:term":[{"taxonomy":"product_cat","embeddable":true,"href":"https:\/\/biljarts-clubke.com\/fr\/wp-json\/wp\/v2\/product_cat?post=24610"},{"taxonomy":"product_tag","embeddable":true,"href":"https:\/\/biljarts-clubke.com\/fr\/wp-json\/wp\/v2\/product_tag?post=24610"},{"taxonomy":"giftcard-category","embeddable":true,"href":"https:\/\/biljarts-clubke.com\/fr\/wp-json\/wp\/v2\/giftcard-category?post=24610"}],"curies":[{"name":"wp","href":"https:\/\/api.w.org\/{rel}","templated":true}]}}