{"id":24839,"date":"2025-09-23T16:12:35","date_gmt":"2025-09-23T16:12:35","guid":{"rendered":"https:\/\/biljarts-clubke.com\/?post_type=product&#038;p=24839"},"modified":"2026-04-15T13:29:43","modified_gmt":"2026-04-15T13:29:43","slug":"target-darts-redux-03-swiss-point-90","status":"publish","type":"product","link":"https:\/\/biljarts-clubke.com\/fr\/product\/target-dartpijlen-redux-03-swiss-point-90\/","title":{"rendered":"Target darts Redux 03 Swiss Point 90%"},"content":{"rendered":"<h2>Target <strong>Redux 03<\/strong> Fl\u00e9chettes<\/h2>\n<p>Le <strong>Fl\u00e9chettes Target Redux 03 Swiss Point 90%<\/strong> sont le troisi\u00e8me mod\u00e8le de la s\u00e9rie Redux de Target. Ces fl\u00e9chettes combinent <strong>90% tungst\u00e8ne<\/strong> avec un design contemporain argent\u00e9\/noir, ce qui les rend non seulement durables et minces, mais aussi visuellement \u00e9l\u00e9gants sur l'oche.<\/p>\n<p>Le Redux 03 se distingue dans la s\u00e9rie par une <strong>Diff\u00e9rentes r\u00e9partitions de la prise en main<\/strong>Le canon de la fl\u00e9chette : a une combinaison de segments de grip plus courts et de parties subtilement frais\u00e9es. Cela donne un bon \u00e9quilibre entre l'adh\u00e9rence et le rel\u00e2chement en douceur, ce qui rend la fl\u00e9chette id\u00e9ale pour les joueurs qui veulent avoir le contr\u00f4le sans que la fl\u00e9chette ne \"s'accroche\" trop agressivement dans les doigts.<\/p>\n<p>\u00c9quip\u00e9 du syst\u00e8me innovant <strong>Syst\u00e8me de points suisse<\/strong> les pointes peuvent \u00eatre remplac\u00e9es en quelques secondes, ce qui vous permet de toujours jouer avec la longueur et le style de pointe souhait\u00e9s. Ainsi, la Redux 03 est aussi flexible que fonctionnelle et con\u00e7ue pour offrir des performances constantes.<\/p>\n<p><strong>Sp\u00e9cifications des fl\u00e9chettes Target Redux 03 Swiss Point 90% :<\/strong><\/p>\n<ul>\n<li><strong>Mat\u00e9riau :<\/strong> 90% fl\u00e9chettes en tungst\u00e8ne<\/li>\n<li><strong>Finition :<\/strong> argent\/noir<\/li>\n<li><strong>Poign\u00e9e :<\/strong> canon droit avec segments plus courts pour l'\u00e9quilibre et le contr\u00f4le<\/li>\n<li><strong>Le syst\u00e8me :<\/strong> \u00e9quip\u00e9 du syst\u00e8me interchangeable <strong>Syst\u00e8me de points suisse<\/strong><\/li>\n<li><strong>Parfait pour :<\/strong> les dards \u00e0 la recherche d'une fl\u00e9chette \u00e0 la prise \u00e9quilibr\u00e9e et \u00e0 la finition \u00e9l\u00e9gante<\/li>\n<\/ul>\n<p>La fl\u00e9chette Target Redux 03 Swiss Point 90% est disponible dans les poids suivants :<\/p>\n<table border=\"1\" cellpadding=\"0\">\n<tbody>\n<tr>\n<td><strong>Poids :<\/strong><\/td>\n<td><strong>Longueur du canon :<\/strong><\/td>\n<td><strong>\u00c9paisseur du canon :<\/strong><\/td>\n<\/tr>\n<tr>\n<td>22 grammes<\/td>\n<td>\u00a052,00 mm<\/td>\n<td>\u00a06,80 mm<\/td>\n<\/tr>\n<tr>\n<td>24 grammes<\/td>\n<td>\u00a052,00 mm<\/td>\n<td>\u00a07,20 mm<\/td>\n<\/tr>\n<tr>\n<td>26 grammes<\/td>\n<td>\u00a052,00 mm<\/td>\n<td>\u00a07,60 mm<\/td>\n<\/tr>\n<\/tbody>\n<\/table>\n<p>Les fl\u00e9chettes Redux 03 sont livr\u00e9es avec 3 manches Target Pro Grip, 3 vol\u00e9es Target Redux et 1 mois d'abonnement au compteur de fl\u00e9chettes. Vous \u00eates donc pr\u00eat \u00e0 passer au niveau sup\u00e9rieur.<\/p>\n<p>&nbsp;<\/p>","protected":false},"excerpt":{"rendered":"<p>Le <strong>Fl\u00e9chettes Target Redux 03 Swiss Point 90%<\/strong> allient le style et l'\u00e9quilibre.<\/p>\n<ul>\n<li><strong>Mat\u00e9riau :<\/strong> 90% tungst\u00e8ne<\/li>\n<li><strong>Finition :<\/strong> argent\/noir<\/li>\n<li><strong>Poign\u00e9e :<\/strong> segments plus courts de la poign\u00e9e en anneau<\/li>\n<li><strong>Le syst\u00e8me :<\/strong> Pointe interchangeable Swiss Point<\/li>\n<\/ul>\n<p>Pour les plongeurs qui recherchent la pr\u00e9cision et le contr\u00f4le de la prise.<\/p>","protected":false},"featured_media":24844,"template":"","meta":{"_acf_changed":false,"_seopress_robots_primary_cat":"none","_seopress_titles_title":"Target Redux 03 Swiss Point 90% Darts | Biljarts \u2019t Clubke","_seopress_titles_desc":"Target Redux 03 Swiss Point 90% darts. Zilver\/zwart design met kortere ringgrip, Swiss Point systeem en Target flights. Voor balans en consistente controle.","_seopress_robots_index":""},"product_cat":[251,384],"product_tag":[],"giftcard-category":[],"class_list":{"0":"post-24839","1":"product","2":"type-product","3":"status-publish","4":"has-post-thumbnail","6":"product_cat-dartpijlen","7":"product_cat-target-dartpijlen","9":"first","10":"instock","11":"taxable","12":"shipping-taxable","13":"purchasable","14":"product-type-variable","15":"has-default-attributes"},"acf":[],"_links":{"self":[{"href":"https:\/\/biljarts-clubke.com\/fr\/wp-json\/wp\/v2\/product\/24839","targetHints":{"allow":["GET"]}}],"collection":[{"href":"https:\/\/biljarts-clubke.com\/fr\/wp-json\/wp\/v2\/product"}],"about":[{"href":"https:\/\/biljarts-clubke.com\/fr\/wp-json\/wp\/v2\/types\/product"}],"version-history":[{"count":1,"href":"https:\/\/biljarts-clubke.com\/fr\/wp-json\/wp\/v2\/product\/24839\/revisions"}],"predecessor-version":[{"id":24849,"href":"https:\/\/biljarts-clubke.com\/fr\/wp-json\/wp\/v2\/product\/24839\/revisions\/24849"}],"wp:featuredmedia":[{"embeddable":true,"href":"https:\/\/biljarts-clubke.com\/fr\/wp-json\/wp\/v2\/media\/24844"}],"wp:attachment":[{"href":"https:\/\/biljarts-clubke.com\/fr\/wp-json\/wp\/v2\/media?parent=24839"}],"wp:term":[{"taxonomy":"product_cat","embeddable":true,"href":"https:\/\/biljarts-clubke.com\/fr\/wp-json\/wp\/v2\/product_cat?post=24839"},{"taxonomy":"product_tag","embeddable":true,"href":"https:\/\/biljarts-clubke.com\/fr\/wp-json\/wp\/v2\/product_tag?post=24839"},{"taxonomy":"giftcard-category","embeddable":true,"href":"https:\/\/biljarts-clubke.com\/fr\/wp-json\/wp\/v2\/giftcard-category?post=24839"}],"curies":[{"name":"wp","href":"https:\/\/api.w.org\/{rel}","templated":true}]}}