{"id":25150,"date":"2025-11-17T10:50:35","date_gmt":"2025-11-17T10:50:35","guid":{"rendered":"https:\/\/biljarts-clubke.com\/?post_type=product&#038;p=25150"},"modified":"2026-04-09T15:49:37","modified_gmt":"2026-04-09T15:49:37","slug":"dragon-rouge-jonny-clayton-hiraeth","status":"publish","type":"product","link":"https:\/\/biljarts-clubke.com\/fr\/product\/red-dragon-jonny-clayton-hiraeth\/","title":{"rendered":"Red Dragon Jonny Clayton Hiraeth"},"content":{"rendered":"<p>Le <strong>Fl\u00e9chettes Red Dragon Jonny Clayton Hiraeth 90%<\/strong> sont les fl\u00e9chettes officielles de <strong>Jonny \u201cLe Furet\u201d Clayton<\/strong>, Il est con\u00e7u comme un m\u00e9lange parfait de puissance, d'\u00e9quilibre et de caract\u00e8re. Le nom <strong><em>Hiraeth<\/em> <\/strong>- un terme gallois d\u00e9signant un sens profond du foyer et de la fiert\u00e9 - refl\u00e8te les racines de Jonny ainsi que sa pr\u00e9cision sans compromis \u00e0 la plaque.<\/p>\n<p>Les fl\u00e9chettes sont fabriqu\u00e9es en tungst\u00e8ne 90%, ce qui permet d'obtenir un canon fin et durable qui tient confortablement dans la main. La finition noir\/argent\/rouge conf\u00e8re aux fl\u00e9chettes un look puissant et \u00e9l\u00e9gant, tandis que le canon droit avec anneau de pr\u00e9hension et micro-d\u00e9tails assure une prise en main optimale et des l\u00e2chers contr\u00f4l\u00e9s.<\/p>\n<p>Disponible en 22g et 23g, la gamme Hiraeth offre un \u00e9quilibre id\u00e9al entre vitesse et stabilit\u00e9, ce qui rend ces fl\u00e9chettes adapt\u00e9es aux joueurs techniques et aux lanceurs de puissance. Chaque d\u00e9tail - de la structure du grip aux accents de couleur sophistiqu\u00e9s - a \u00e9t\u00e9 con\u00e7u pour favoriser la r\u00e9gularit\u00e9 et la confiance, exactement comme dans le jeu de fl\u00e9chettes. <em>Le furet<\/em> m\u00eame.<\/p>\n<ul>\n<li><strong>Mat\u00e9riau :<\/strong> 90% fl\u00e9chettes en tungst\u00e8ne<\/li>\n<li><strong>Finition :<\/strong> noir avec rainures argent\u00e9es et rouges<\/li>\n<li><strong>Poign\u00e9e : <\/strong>canon droit avec anneau de pr\u00e9hension et microtexture<\/li>\n<li><strong>Poids :<\/strong> disponible en 22 et 23 grammes<\/li>\n<li><strong>Parfait pour :<\/strong> darters qui veulent combiner contr\u00f4le, pr\u00e9cision et style<\/li>\n<\/ul>\n<table border=\"1\">\n<tbody>\n<tr>\n<td><strong>Poids :<\/strong><\/td>\n<td><strong>Longueur du canon :<\/strong><\/td>\n<td><strong>\u00c9paisseur du canon :<\/strong><\/td>\n<\/tr>\n<tr>\n<td>22 grammes<\/td>\n<td>\u00a050,80 mm<\/td>\n<td>\u00a06,50 mm<\/td>\n<\/tr>\n<tr>\n<td>23 grammes<\/td>\n<td>\u00a050,80 mm<\/td>\n<td>\u00a06,70 mm<\/td>\n<\/tr>\n<\/tbody>\n<\/table>\n<p>&nbsp;<\/p>\n<p>Les fl\u00e9chettes Hiraeth sont \u00e9quip\u00e9es de manches Red Dragon Nitrotech et de volants Jonny Clayton Signature, pr\u00eats \u00e0 donner \u00e0 votre jeu la pr\u00e9cision et la classe des fl\u00e9chettes Red Dragon Nitrotech et Jonny Clayton Signature. <em>Le furet<\/em> \u00e0 donner.<\/p>\n<h4>Red Dragon - des fl\u00e9chettes qui font mouche<\/h4>\n<p>La marque britannique de fl\u00e9chettes Red Dragon est une marque haut de gamme \u00e0 laquelle sont attach\u00e9s plusieurs grands fl\u00e9cheurs. Les produits Red Dragon se caract\u00e9risent et se distinguent des autres marques par leur aspect luxueux et leur belle finition. Les fl\u00e9chettes sont g\u00e9n\u00e9ralement fabriqu\u00e9es avec des couleurs vives et une poign\u00e9e qui attire l'attention. Une marque fantastique !<\/p>\n<h4>Large gamme de fl\u00e9chettes<\/h4>\n<p>Notre objectif est de vous faire vivre une exp\u00e9rience divertissante dans notre magasin. Depuis plus de 30 ans, nous sommes actifs dans le monde des jeux de pubs o\u00f9 les fl\u00e9chettes ne peuvent manquer. Nous disposons d'un large assortiment dans notre magasin physique et compl\u00e9tons r\u00e9guli\u00e8rement notre boutique en ligne.<br \/>\nNous proposons des plateaux de fl\u00e9chettes, des entourages et des \u00e9clairages, des tapis de fl\u00e9chettes, des bo\u00eetes \u00e0 fl\u00e9chettes, des pointes en acier, des \u00e9tuis, des arbres et des vol\u00e9es, des accessoires, des plateaux de fl\u00e9chettes \u00e9lectroniques, des fl\u00e9chettes \u00e0 pointe souple,... et toutes les grandes marques.<br \/>\nIls peuvent \u00eatre command\u00e9s en ligne et livr\u00e9s par bpost ou peuvent \u00eatre retir\u00e9s dans notre magasin.<br \/>\nL'achat en ligne vous semble difficile ? Nous vous accueillons pour des conseils personnalis\u00e9s, vous pouvez toujours tester les fl\u00e9chettes avec nous afin que vous repartiez avec la fl\u00e8che parfaite et la bonne configuration. Nous \u00e9largissons r\u00e9guli\u00e8rement notre gamme, alors n'h\u00e9sitez pas \u00e0 nous rendre visite et \u00e0 vous promener dans notre magasin de fl\u00e9chettes.\u00a0<strong><a href=\"https:\/\/biljarts-clubke.com\/fr\/magasin-et-salle-dexposition\/\">salle d'exposition<\/a>.\u00a0<\/strong>Nous sommes heureux de vous accueillir pendant nos heures d'ouverture.<br \/>\nVous avez des questions sur le d\u00e9lai de livraison d'un produit ou vous ne trouvez pas ce que vous cherchez en ligne ? N'h\u00e9sitez pas \u00e0 contacter\u00a0<strong><a tabindex=\"-1\" href=\"https:\/\/biljarts-clubke.com\/fr\/contact\/\">contact<\/a><\/strong>\u00a0avec nous, il y a de fortes chances que nous l'ayons en stock dans le magasin. Vous pouvez \u00e9galement nous contacter pour l'installation de nouvelles pointes de fl\u00e9chettes.<\/p>\n<p><strong>Billard 't Clubke<\/strong>Le site web de l'association : pour la qualit\u00e9 et l'expertise, vous pouvez vous adresser \u00e0 nous pour tout ce qui a trait aux jeux de soci\u00e9t\u00e9 !<\/p>","protected":false},"excerpt":{"rendered":"<p>Le <strong>Fl\u00e9chettes Red Dragon Jonny Clayton Hiraeth 90%<\/strong> combinent la pr\u00e9cision et la fiert\u00e9 galloise.<\/p>\n<ul>\n<li>Mat\u00e9riau : tungst\u00e8ne 90%<\/li>\n<li>Finition : noir\/argent\/rouge<\/li>\n<li>Poign\u00e9e : canon droit avec anneau de pr\u00e9hension<\/li>\n<li>Poids : 22 g et 23 g<\/li>\n<li>Accessoires :Shafts Nitrotech + Clayton Flights<\/li>\n<\/ul>\n<p>Des fl\u00e9chettes puissantes et \u00e9l\u00e9gantes inspir\u00e9es par <em>Le furet<\/em> Son d\u00e9vouement et sa finesse.<\/p>","protected":false},"featured_media":25145,"template":"","meta":{"_acf_changed":false,"_seopress_robots_primary_cat":"66","_seopress_titles_title":"Red\u202fDragon\u202fJonny\u202fClayton\u202fHiraeth\u202f90%\u202fDarts\u202f(22\u201323\u202fg)","_seopress_titles_desc":"Red\u202fDragon\u202fJonny\u202fClayton\u202fHiraeth\u202f90%\u202fdarts.\u202fZwart\/zilver\/rood\u202fdesign\u202fmet\u202fringgrip\u202fen\u202fNitrotech\u202fshafts.\u202fPrecisie\u202fen\u202fstijl\u202fvan\u202fThe\u202fFerret.","_seopress_robots_index":""},"product_cat":[251,66,300],"product_tag":[137,355,301,254,442],"giftcard-category":[],"class_list":{"0":"post-25150","1":"product","2":"type-product","3":"status-publish","4":"has-post-thumbnail","6":"product_cat-dartpijlen","7":"product_cat-darts-kopen","8":"product_cat-red-dragon-dartpijlen","9":"product_tag-darts","10":"product_tag-jonny-clayton","11":"product_tag-red-dragon","12":"product_tag-steeltips","13":"product_tag-the-ferret","15":"first","16":"instock","17":"taxable","18":"shipping-taxable","19":"purchasable","20":"product-type-variable","21":"has-default-attributes"},"acf":[],"_links":{"self":[{"href":"https:\/\/biljarts-clubke.com\/fr\/wp-json\/wp\/v2\/product\/25150","targetHints":{"allow":["GET"]}}],"collection":[{"href":"https:\/\/biljarts-clubke.com\/fr\/wp-json\/wp\/v2\/product"}],"about":[{"href":"https:\/\/biljarts-clubke.com\/fr\/wp-json\/wp\/v2\/types\/product"}],"version-history":[{"count":1,"href":"https:\/\/biljarts-clubke.com\/fr\/wp-json\/wp\/v2\/product\/25150\/revisions"}],"predecessor-version":[{"id":25154,"href":"https:\/\/biljarts-clubke.com\/fr\/wp-json\/wp\/v2\/product\/25150\/revisions\/25154"}],"wp:featuredmedia":[{"embeddable":true,"href":"https:\/\/biljarts-clubke.com\/fr\/wp-json\/wp\/v2\/media\/25145"}],"wp:attachment":[{"href":"https:\/\/biljarts-clubke.com\/fr\/wp-json\/wp\/v2\/media?parent=25150"}],"wp:term":[{"taxonomy":"product_cat","embeddable":true,"href":"https:\/\/biljarts-clubke.com\/fr\/wp-json\/wp\/v2\/product_cat?post=25150"},{"taxonomy":"product_tag","embeddable":true,"href":"https:\/\/biljarts-clubke.com\/fr\/wp-json\/wp\/v2\/product_tag?post=25150"},{"taxonomy":"giftcard-category","embeddable":true,"href":"https:\/\/biljarts-clubke.com\/fr\/wp-json\/wp\/v2\/giftcard-category?post=25150"}],"curies":[{"name":"wp","href":"https:\/\/api.w.org\/{rel}","templated":true}]}}