{"id":25159,"date":"2025-11-17T11:58:01","date_gmt":"2025-11-17T11:58:01","guid":{"rendered":"https:\/\/biljarts-clubke.com\/?post_type=product&#038;p=25159"},"modified":"2026-02-23T16:42:17","modified_gmt":"2026-02-23T16:42:17","slug":"dragon-rouge-jonny-clayton-edition-oxyde","status":"publish","type":"product","link":"https:\/\/biljarts-clubke.com\/fr\/product\/red-dragon-jonny-clayton-oxide-edition\/","title":{"rendered":"Red Dragon Jonny Clayton Oxide Edition"},"content":{"rendered":"<p>Le <strong>Fl\u00e9chettes Red Dragon Jonny Clayton Oxide Edition 90%<\/strong> donne vie \u00e0 la pr\u00e9cision du sang-froid du Furet dans un style industriel sophistiqu\u00e9. Cette \u00e9dition officielle combine des tons gris-m\u00e9tallique et noir, alliant savoir-faire artisanal et classe moderne dans un design \u00e9pur\u00e9.<\/p>\n<p>Les fl\u00e9chettes sont fabriqu\u00e9es en tungst\u00e8ne 90%, ce qui permet d'obtenir un canon durable avec un profil fin et \u00e9quilibr\u00e9. Le canon droit est dot\u00e9 d'un double anneau de pr\u00e9hension, qui donne une sensation de solidit\u00e9 sans \u00eatre trop tranchant - id\u00e9al pour les joueurs qui recherchent le contr\u00f4le et la r\u00e9gularit\u00e9 \u00e0 chaque l\u00e2cher de fl\u00e9chettes. Le rev\u00eatement sp\u00e9cial d'oxyde donne aux fl\u00e8ches un aspect \u00e9l\u00e9gant et une stabilit\u00e9 de prise suppl\u00e9mentaire.<\/p>\n<p>L'Oxide Edition est disponible en 23g et 25g, ce qui permet aux joueurs plus techniques et aux lanceurs plus puissants de trouver leur \u00e9quilibre id\u00e9al. Le design combine performance, pr\u00e9cision et une subtile robustesse - exactement ce qui caract\u00e9rise Jonny Clayton.<\/p>\n<ul>\n<li><strong>Mat\u00e9riau :<\/strong> 90% fl\u00e9chettes en tungst\u00e8ne<\/li>\n<li><strong>Finition :<\/strong> gris oxyde avec d\u00e9tails noirs<\/li>\n<li><strong>Poign\u00e9e : canon droit avec double anneau de pr\u00e9hension<\/strong><\/li>\n<li><strong>Poids :<\/strong> disponible en 23 et 25 g<\/li>\n<li><strong>Parfait pour :<\/strong> darters \u00e0 la recherche d'\u00e9quilibre, de contr\u00f4le et d'un design moderne et robuste<\/li>\n<\/ul>\n<table border=\"1\">\n<tbody>\n<tr>\n<td><strong>Poids :<\/strong><\/td>\n<td><strong>Longueur du canon :<\/strong><\/td>\n<td><strong>\u00c9paisseur du canon :<\/strong><\/td>\n<\/tr>\n<tr>\n<td>23 g<\/td>\n<td>50,80 mm<\/td>\n<td>6,60 mm<\/td>\n<\/tr>\n<tr>\n<td>25 g<\/td>\n<td>50,80 mm<\/td>\n<td>7,16 mm<\/td>\n<\/tr>\n<\/tbody>\n<\/table>\n<p>&nbsp;<\/p>\n<p>La Jonny Clayton Oxide Edition est \u00e9quip\u00e9e de shafts Red Dragon Nitrotech et de volants Clayton Signature, afin que vous puissiez lancer imm\u00e9diatement avec style et en toute confiance lorsque vous \u00eates en train de jouer. <em>Le furet<\/em> m\u00eame.<\/p>\n<h4>Red Dragon - des fl\u00e9chettes qui font mouche<\/h4>\n<p>La marque britannique de fl\u00e9chettes Red Dragon est une marque haut de gamme \u00e0 laquelle sont attach\u00e9s plusieurs grands fl\u00e9cheurs. Les produits Red Dragon se caract\u00e9risent et se distinguent des autres marques par leur aspect luxueux et leur belle finition. Les fl\u00e9chettes sont g\u00e9n\u00e9ralement fabriqu\u00e9es avec des couleurs vives et une poign\u00e9e qui attire l'attention. Une marque fantastique !<\/p>\n<h4>Large gamme de fl\u00e9chettes<\/h4>\n<p>Notre objectif est de vous faire vivre une exp\u00e9rience divertissante dans notre magasin. Depuis plus de 30 ans, nous sommes actifs dans le monde des jeux de pubs o\u00f9 les fl\u00e9chettes ne peuvent manquer. Nous disposons d'un large assortiment dans notre magasin physique et compl\u00e9tons r\u00e9guli\u00e8rement notre boutique en ligne.<br \/>\nNous proposons des plateaux de fl\u00e9chettes, des entourages et des \u00e9clairages, des tapis de fl\u00e9chettes, des bo\u00eetes \u00e0 fl\u00e9chettes, des pointes en acier, des \u00e9tuis, des arbres et des vol\u00e9es, des accessoires, des plateaux de fl\u00e9chettes \u00e9lectroniques, des fl\u00e9chettes \u00e0 pointe souple,... et toutes les grandes marques.<br \/>\nIls peuvent \u00eatre command\u00e9s en ligne et livr\u00e9s par bpost ou peuvent \u00eatre retir\u00e9s dans notre magasin.<br \/>\nL'achat en ligne vous semble difficile ? Nous vous accueillons pour des conseils personnalis\u00e9s, vous pouvez toujours tester les fl\u00e9chettes avec nous afin que vous repartiez avec la fl\u00e8che parfaite et la bonne configuration. Nous \u00e9largissons r\u00e9guli\u00e8rement notre gamme, alors n'h\u00e9sitez pas \u00e0 nous rendre visite et \u00e0 vous promener dans notre magasin de fl\u00e9chettes.\u00a0<strong><a href=\"https:\/\/biljarts-clubke.com\/fr\/magasin-et-salle-dexposition\/\">salle d'exposition<\/a>.\u00a0<\/strong>Nous sommes heureux de vous accueillir pendant nos heures d'ouverture.<br \/>\nVous avez des questions sur le d\u00e9lai de livraison d'un produit ou vous ne trouvez pas ce que vous cherchez en ligne ? N'h\u00e9sitez pas \u00e0 contacter\u00a0<strong><a tabindex=\"-1\" href=\"https:\/\/biljarts-clubke.com\/fr\/contact\/\">contact<\/a><\/strong>\u00a0avec nous, il y a de fortes chances que nous l'ayons en stock dans le magasin. Vous pouvez \u00e9galement nous contacter pour l'installation de nouvelles pointes de fl\u00e9chettes.<\/p>\n<p><strong>Billard 't Clubke<\/strong>Le site web de l'association : pour la qualit\u00e9 et l'expertise, vous pouvez vous adresser \u00e0 nous pour tout ce qui a trait aux jeux de soci\u00e9t\u00e9 !<\/p>","protected":false},"excerpt":{"rendered":"<p>Le <strong>Fl\u00e9chettes Red Dragon Jonny Clayton Oxide Edition 90%<\/strong> Offrir puissance et contr\u00f4le avec style.<\/p>\n<ul>\n<li>Mat\u00e9riau : tungst\u00e8ne 90%<\/li>\n<li>Finition : gris oxyde avec noir<\/li>\n<li>Poign\u00e9e : canon droit avec double anneau de pr\u00e9hension<\/li>\n<li>Poids : 23 g et 25 g<\/li>\n<li>Accessoires :Shafts Nitrotech + Clayton Flights<\/li>\n<\/ul>\n<p>Des fl\u00e9chettes \u00e9l\u00e9gantes et stables qui allient performance et modernit\u00e9.<\/p>","protected":false},"featured_media":25158,"template":"","meta":{"_acf_changed":false,"_seopress_robots_primary_cat":"66","_seopress_titles_title":"Red\u202fDragon\u202fJonny\u202fClayton\u202fOxide\u202fEdition\u202f90%\u202fDarts\u202f(23\u201325\u202fg)","_seopress_titles_desc":"Red\u202fDragon\u202fJonny\u202fClayton\u202fOxide\u202fEdition\u202f90%\u202fdarts.\u202fGrijs\/zwart\u202fdesign,\u202fdubbel\u202fringgrip\u202fen\u202fNitrotech\u202fshafts.\u202fStijl,\u202fcontrole\u202fen\u202fprecisie\u202fvan\u202fThe\u202fFerret.","_seopress_robots_index":""},"product_cat":[251,66,300],"product_tag":[137,355,301,254,442],"giftcard-category":[],"class_list":{"0":"post-25159","1":"product","2":"type-product","3":"status-publish","4":"has-post-thumbnail","6":"product_cat-dartpijlen","7":"product_cat-darts-kopen","8":"product_cat-red-dragon-dartpijlen","9":"product_tag-darts","10":"product_tag-jonny-clayton","11":"product_tag-red-dragon","12":"product_tag-steeltips","13":"product_tag-the-ferret","15":"first","16":"instock","17":"taxable","18":"shipping-taxable","19":"purchasable","20":"product-type-variable","21":"has-default-attributes"},"acf":[],"_links":{"self":[{"href":"https:\/\/biljarts-clubke.com\/fr\/wp-json\/wp\/v2\/product\/25159","targetHints":{"allow":["GET"]}}],"collection":[{"href":"https:\/\/biljarts-clubke.com\/fr\/wp-json\/wp\/v2\/product"}],"about":[{"href":"https:\/\/biljarts-clubke.com\/fr\/wp-json\/wp\/v2\/types\/product"}],"version-history":[{"count":1,"href":"https:\/\/biljarts-clubke.com\/fr\/wp-json\/wp\/v2\/product\/25159\/revisions"}],"predecessor-version":[{"id":25162,"href":"https:\/\/biljarts-clubke.com\/fr\/wp-json\/wp\/v2\/product\/25159\/revisions\/25162"}],"wp:featuredmedia":[{"embeddable":true,"href":"https:\/\/biljarts-clubke.com\/fr\/wp-json\/wp\/v2\/media\/25158"}],"wp:attachment":[{"href":"https:\/\/biljarts-clubke.com\/fr\/wp-json\/wp\/v2\/media?parent=25159"}],"wp:term":[{"taxonomy":"product_cat","embeddable":true,"href":"https:\/\/biljarts-clubke.com\/fr\/wp-json\/wp\/v2\/product_cat?post=25159"},{"taxonomy":"product_tag","embeddable":true,"href":"https:\/\/biljarts-clubke.com\/fr\/wp-json\/wp\/v2\/product_tag?post=25159"},{"taxonomy":"giftcard-category","embeddable":true,"href":"https:\/\/biljarts-clubke.com\/fr\/wp-json\/wp\/v2\/giftcard-category?post=25159"}],"curies":[{"name":"wp","href":"https:\/\/api.w.org\/{rel}","templated":true}]}}