{"id":25329,"date":"2025-12-16T15:02:15","date_gmt":"2025-12-16T15:02:15","guid":{"rendered":"https:\/\/biljarts-clubke.com\/?post_type=product&#038;p=25329"},"modified":"2026-04-29T14:37:39","modified_gmt":"2026-04-29T14:37:39","slug":"target-swiss-points-slk-luke-littler","status":"publish","type":"product","link":"https:\/\/biljarts-clubke.com\/fr\/product\/target-swiss-points-slk-luke-littler\/","title":{"rendered":"Target Swiss Points SLK Luke Littler"},"content":{"rendered":"","protected":false},"excerpt":{"rendered":"<p>Ces pointes de fl\u00e9chettes ne peuvent \u00eatre utilis\u00e9es qu'avec les fl\u00e9chettes Target Swiss et sont remplac\u00e9es \u00e0 l'aide d'un outil Target Swiss (non inclus). Les pointes de fl\u00e9chettes sont disponibles en 3 longueurs diff\u00e9rentes : 30 mm, 35 mm et 42 mm. Un emballage contient 3 pointes de fl\u00e9chettes.<\/p>","protected":false},"featured_media":25339,"template":"","meta":{"_acf_changed":false,"_seopress_robots_primary_cat":"none","_seopress_titles_title":"Target\u202fSwiss\u202fPoints\u202fSLK\u202fLuke\u202fLittler\u202f90%\u202fDarts","_seopress_titles_desc":"Target\u202fSwiss\u202fPoints\u202fSLK\u202fLuke\u202fLittler\u202f90%\u202fdarts.\u202fZilver\/goud\/zwart\u202fdesign\u202fmet\u202fSwiss\u202fPoint\u2011technologie.\u202fStijl,\u202fprecisie\u202fen\u202fcontrole\u202fvan\u202fThe\u202fNuke.","_seopress_robots_index":""},"product_cat":[406,407],"product_tag":[],"giftcard-category":[],"class_list":{"0":"post-25329","1":"product","2":"type-product","3":"status-publish","4":"has-post-thumbnail","6":"product_cat-steeltip-accessoires","7":"product_cat-target-swiss-points","9":"first","10":"instock","11":"taxable","12":"shipping-taxable","13":"purchasable","14":"product-type-variable","15":"has-default-attributes"},"acf":[],"_links":{"self":[{"href":"https:\/\/biljarts-clubke.com\/fr\/wp-json\/wp\/v2\/product\/25329","targetHints":{"allow":["GET"]}}],"collection":[{"href":"https:\/\/biljarts-clubke.com\/fr\/wp-json\/wp\/v2\/product"}],"about":[{"href":"https:\/\/biljarts-clubke.com\/fr\/wp-json\/wp\/v2\/types\/product"}],"version-history":[{"count":2,"href":"https:\/\/biljarts-clubke.com\/fr\/wp-json\/wp\/v2\/product\/25329\/revisions"}],"predecessor-version":[{"id":25350,"href":"https:\/\/biljarts-clubke.com\/fr\/wp-json\/wp\/v2\/product\/25329\/revisions\/25350"}],"wp:featuredmedia":[{"embeddable":true,"href":"https:\/\/biljarts-clubke.com\/fr\/wp-json\/wp\/v2\/media\/25339"}],"wp:attachment":[{"href":"https:\/\/biljarts-clubke.com\/fr\/wp-json\/wp\/v2\/media?parent=25329"}],"wp:term":[{"taxonomy":"product_cat","embeddable":true,"href":"https:\/\/biljarts-clubke.com\/fr\/wp-json\/wp\/v2\/product_cat?post=25329"},{"taxonomy":"product_tag","embeddable":true,"href":"https:\/\/biljarts-clubke.com\/fr\/wp-json\/wp\/v2\/product_tag?post=25329"},{"taxonomy":"giftcard-category","embeddable":true,"href":"https:\/\/biljarts-clubke.com\/fr\/wp-json\/wp\/v2\/giftcard-category?post=25329"}],"curies":[{"name":"wp","href":"https:\/\/api.w.org\/{rel}","templated":true}]}}