{"id":25852,"date":"2026-03-24T08:41:45","date_gmt":"2026-03-24T08:41:45","guid":{"rendered":"https:\/\/biljarts-clubke.com\/?post_type=product&#038;p=25852"},"modified":"2026-04-08T13:41:48","modified_gmt":"2026-04-08T13:41:48","slug":"punk-points-commando","status":"publish","type":"product","link":"https:\/\/biljarts-clubke.com\/fr\/product\/punk-points-commando\/","title":{"rendered":"Punk Points - Commando"},"content":{"rendered":"<p>Le <strong>Commando des Points Punk<\/strong> sont con\u00e7ues pour les dards qui exigent un maximum d'adh\u00e9rence \u00e0 chaque lancer. Ces pointes de fl\u00e9chettes combinent un motif agressif et enti\u00e8rement frais\u00e9 avec le design brut caract\u00e9ristique de Punk Points.<\/p>\n<p>Les spatules Commando offrent une adh\u00e9rence exceptionnelle \u00e0 la planche gr\u00e2ce au motif frais\u00e9 sur toute la longueur de la spatule. Le design conique assure une entr\u00e9e douce et contr\u00f4l\u00e9e dans la planche et r\u00e9duit les rebonds. La pointe affleurante assure une transition parfaite entre le canon et la pointe pour un rel\u00e2chement constant.<\/p>\n<p>Les Punk Points Commando sont compatibles avec les canons standard et sont disponibles en deux longueurs, ce qui vous permet de choisir la variante qui convient le mieux \u00e0 votre style de lancer.<\/p>\n<p>Sp\u00e9cifications du Commando des Points Punk :<\/p>\n<ul>\n<li><strong>Marque :<\/strong> Points punk<\/li>\n<li><strong>Mod\u00e8le :<\/strong> Commandement<\/li>\n<li><strong>Poign\u00e9e :<\/strong> Structure de la spatule enti\u00e8rement frais\u00e9e (milled) pour une adh\u00e9rence maximale de la planche<\/li>\n<li><strong>Forme :<\/strong> pointe effil\u00e9e<\/li>\n<li><strong>Style :<\/strong> point d'affleurement<\/li>\n<li><strong>Longueur :<\/strong> 28 mm et 32 mm<\/li>\n<li><strong>Couleur :<\/strong> argent, noir<\/li>\n<li><strong>Compatibilit\u00e9 :<\/strong> canons standard<\/li>\n<li><strong>Parfait pour :<\/strong> les plongeurs qui veulent un maximum d'adh\u00e9rence et de tenue dans la planche<\/li>\n<\/ul>\n<p>Remarque : En raison de la forte adh\u00e9rence des points Commando, la dur\u00e9e de vie de la cible de fl\u00e9chettes peut \u00eatre l\u00e9g\u00e8rement r\u00e9duite. Nous recommandons de faire tourner la cible r\u00e9guli\u00e8rement.<\/p>\n<p>Les Punk Points Commando se pr\u00e9sentent sous la forme d'un jeu de 3 pointes.<\/p>","protected":false},"excerpt":{"rendered":"<p>Les Punk Points Commando sont des pointes de fl\u00e9chettes sans compromis avec un grip enti\u00e8rement frais\u00e9 pour une tenue maximale dans la planche. Le design conique assure une entr\u00e9e en douceur et moins de rebondissements - une performance solide avec une vraie attitude Punk Points.<\/p>","protected":false},"featured_media":25848,"template":"","meta":{"_acf_changed":false,"_seopress_robots_primary_cat":"none","_seopress_titles_title":"Punk Points Commando Dartpunten | Biljarts 't Clubke","_seopress_titles_desc":"Punk Points Commando: gefreesde dartpunten met sterke boardgrip en taps toelopend design. Verkrijgbaar in 11 lengtes. Ontdek ze bij Biljarts 't Clubke.","_seopress_robots_index":""},"product_cat":[321,66,443,406],"product_tag":[373,137,447],"giftcard-category":[],"class_list":{"0":"post-25852","1":"product","2":"type-product","3":"status-publish","4":"has-post-thumbnail","6":"product_cat-dart-accessoires","7":"product_cat-darts-kopen","8":"product_cat-punk-points","9":"product_cat-steeltip-accessoires","10":"product_tag-dartpijlen","11":"product_tag-darts","12":"product_tag-punk-points","14":"first","15":"instock","16":"taxable","17":"shipping-taxable","18":"purchasable","19":"product-type-variable"},"acf":[],"_links":{"self":[{"href":"https:\/\/biljarts-clubke.com\/fr\/wp-json\/wp\/v2\/product\/25852","targetHints":{"allow":["GET"]}}],"collection":[{"href":"https:\/\/biljarts-clubke.com\/fr\/wp-json\/wp\/v2\/product"}],"about":[{"href":"https:\/\/biljarts-clubke.com\/fr\/wp-json\/wp\/v2\/types\/product"}],"version-history":[{"count":3,"href":"https:\/\/biljarts-clubke.com\/fr\/wp-json\/wp\/v2\/product\/25852\/revisions"}],"predecessor-version":[{"id":26023,"href":"https:\/\/biljarts-clubke.com\/fr\/wp-json\/wp\/v2\/product\/25852\/revisions\/26023"}],"wp:featuredmedia":[{"embeddable":true,"href":"https:\/\/biljarts-clubke.com\/fr\/wp-json\/wp\/v2\/media\/25848"}],"wp:attachment":[{"href":"https:\/\/biljarts-clubke.com\/fr\/wp-json\/wp\/v2\/media?parent=25852"}],"wp:term":[{"taxonomy":"product_cat","embeddable":true,"href":"https:\/\/biljarts-clubke.com\/fr\/wp-json\/wp\/v2\/product_cat?post=25852"},{"taxonomy":"product_tag","embeddable":true,"href":"https:\/\/biljarts-clubke.com\/fr\/wp-json\/wp\/v2\/product_tag?post=25852"},{"taxonomy":"giftcard-category","embeddable":true,"href":"https:\/\/biljarts-clubke.com\/fr\/wp-json\/wp\/v2\/giftcard-category?post=25852"}],"curies":[{"name":"wp","href":"https:\/\/api.w.org\/{rel}","templated":true}]}}