{"id":3528,"date":"2021-02-02T10:21:07","date_gmt":"2021-02-02T10:21:07","guid":{"rendered":"https:\/\/biljarts-clubke.com\/?post_type=product&#038;p=3528"},"modified":"2023-01-18T08:28:21","modified_gmt":"2023-01-18T08:28:21","slug":"guepard-sii-no-7","status":"publish","type":"product","link":"https:\/\/biljarts-clubke.com\/fr\/product\/cheetah-sii-nr-7\/","title":{"rendered":"Queue de billard Cheetah SII No 7"},"content":{"rendered":"<ul>\n<li>Fermeture en m\u00e9tal<\/li>\n<li>Pointe Laperti 13mm<\/li>\n<li>Longueur : 145 cm<\/li>\n<li>Poign\u00e9e en nylon noir<\/li>\n<li>Finition brillante<\/li>\n<\/ul>\n<p>&nbsp;<\/p>\n<h5>Billiards 't Clubke : large collection de queues de billard<\/h5>\n<p>Nos queues de billard sont toujours soigneusement s\u00e9lectionn\u00e9es par nos soins. Si vous avez des doutes sur le choix d'une queue de billard, vous pouvez toujours venir dans notre magasin et la tester sans engagement. Nous disposons d'un grand choix dans notre magasin et nous mettons r\u00e9guli\u00e8rement \u00e0 jour notre boutique en ligne. Si vous ne trouvez pas imm\u00e9diatement ce que vous cherchez, il y a de fortes chances que nous l'ayons en stock dans le magasin.<\/p>","protected":false},"excerpt":{"rendered":"<p>Queue de billard 2 pi\u00e8ces en \u00e9rable de la marque Cheetah, une queue de billard id\u00e9ale pour les joueurs d\u00e9butants.<\/p>","protected":false},"featured_media":3530,"template":"","meta":{"_acf_changed":false,"_seopress_robots_primary_cat":"44","_seopress_titles_title":"Poolkeu Cheetah SII Nr. 7 | Biljarts 't Clubke","_seopress_titles_desc":"Poolkeu 2-delig in esdoorn van het merk Cheetah, een ideale poolbiljart keu voor beginnende spelers.","_seopress_robots_index":""},"product_cat":[44,193,54],"product_tag":[83,96,201,49],"giftcard-category":[],"class_list":{"0":"post-3528","1":"product","2":"type-product","3":"status-publish","4":"has-post-thumbnail","6":"product_cat-biljart-toebehoren","7":"product_cat-cheetah","8":"product_cat-biljartkeu-pool","9":"product_tag-biljart","10":"product_tag-biljartkeu","11":"product_tag-cheetah","12":"product_tag-poolbiljart","14":"first","15":"outofstock","16":"taxable","17":"shipping-taxable","18":"purchasable","19":"product-type-simple"},"acf":[],"_links":{"self":[{"href":"https:\/\/biljarts-clubke.com\/fr\/wp-json\/wp\/v2\/product\/3528","targetHints":{"allow":["GET"]}}],"collection":[{"href":"https:\/\/biljarts-clubke.com\/fr\/wp-json\/wp\/v2\/product"}],"about":[{"href":"https:\/\/biljarts-clubke.com\/fr\/wp-json\/wp\/v2\/types\/product"}],"version-history":[{"count":0,"href":"https:\/\/biljarts-clubke.com\/fr\/wp-json\/wp\/v2\/product\/3528\/revisions"}],"wp:featuredmedia":[{"embeddable":true,"href":"https:\/\/biljarts-clubke.com\/fr\/wp-json\/wp\/v2\/media\/3530"}],"wp:attachment":[{"href":"https:\/\/biljarts-clubke.com\/fr\/wp-json\/wp\/v2\/media?parent=3528"}],"wp:term":[{"taxonomy":"product_cat","embeddable":true,"href":"https:\/\/biljarts-clubke.com\/fr\/wp-json\/wp\/v2\/product_cat?post=3528"},{"taxonomy":"product_tag","embeddable":true,"href":"https:\/\/biljarts-clubke.com\/fr\/wp-json\/wp\/v2\/product_tag?post=3528"},{"taxonomy":"giftcard-category","embeddable":true,"href":"https:\/\/biljarts-clubke.com\/fr\/wp-json\/wp\/v2\/giftcard-category?post=3528"}],"curies":[{"name":"wp","href":"https:\/\/api.w.org\/{rel}","templated":true}]}}