{"id":7070,"date":"2021-08-17T16:53:09","date_gmt":"2021-08-17T16:53:09","guid":{"rendered":"https:\/\/biljarts-clubke.com\/?post_type=product&#038;p=7070"},"modified":"2026-02-06T16:04:31","modified_gmt":"2026-02-06T16:04:31","slug":"tapis-de-flechettes-en-caoutchouc","status":"publish","type":"product","link":"https:\/\/biljarts-clubke.com\/fr\/product\/rubberen-dartmat\/","title":{"rendered":"Tapis de fl\u00e9chettes en caoutchouc avec ou sans oche - Largeurs 60cm - 120cm x 300cm"},"content":{"rendered":"<ul>\n<li>Article indispensable pour jouer aux fl\u00e9chettes<\/li>\n<li>Disponible en 3 tailles diff\u00e9rentes : 60cm x 300cm, 90cm x 300cm et 120cm x 300cm<\/li>\n<li>Au choix avec oche ou sans oche<\/li>\n<li>Facile \u00e0 ranger<\/li>\n<li>Facile \u00e0 nettoyer<\/li>\n<li>Protection du sol contre les fl\u00e9chettes tombant de la planche<\/li>\n<li>Protection des fl\u00e9chettes contre les impacts sur des surfaces dures<\/li>\n<\/ul>\n<p>Fait : un tapis de fl\u00e9chettes offre une protection \u00e9lev\u00e9e, mais si une fl\u00e9chette tombe mal, le manche ou la pointe peut encore se casser.<\/p>\n<p>&nbsp;<\/p>","protected":false},"excerpt":{"rendered":"<p>Tapis de fl\u00e9chettes en caoutchouc de 60 cm x 300 cm.<\/p>","protected":false},"featured_media":7071,"template":"","meta":{"_acf_changed":false,"_seopress_robots_primary_cat":"66","_seopress_titles_title":"Rubberen dartmat | Ruim assortiment darts | Biljarts 't Clubke","_seopress_titles_desc":"Rubberen dartmat met oche of zonder oche. Verschillende afmetingen beschikbaar. Bescherm je vloer met kwaliteit. Bestel nu jouw dartmat bij Biljarts 't Clubke!","_seopress_robots_index":""},"product_cat":[70,66],"product_tag":[142,137,246],"giftcard-category":[],"class_list":{"0":"post-7070","1":"product","2":"type-product","3":"status-publish","4":"has-post-thumbnail","6":"product_cat-dartmatten","7":"product_cat-darts-kopen","8":"product_tag-dartmat","9":"product_tag-darts","10":"product_tag-oche","12":"first","13":"instock","14":"taxable","15":"shipping-taxable","16":"purchasable","17":"product-type-variable"},"acf":[],"_links":{"self":[{"href":"https:\/\/biljarts-clubke.com\/fr\/wp-json\/wp\/v2\/product\/7070","targetHints":{"allow":["GET"]}}],"collection":[{"href":"https:\/\/biljarts-clubke.com\/fr\/wp-json\/wp\/v2\/product"}],"about":[{"href":"https:\/\/biljarts-clubke.com\/fr\/wp-json\/wp\/v2\/types\/product"}],"version-history":[{"count":1,"href":"https:\/\/biljarts-clubke.com\/fr\/wp-json\/wp\/v2\/product\/7070\/revisions"}],"predecessor-version":[{"id":25652,"href":"https:\/\/biljarts-clubke.com\/fr\/wp-json\/wp\/v2\/product\/7070\/revisions\/25652"}],"wp:featuredmedia":[{"embeddable":true,"href":"https:\/\/biljarts-clubke.com\/fr\/wp-json\/wp\/v2\/media\/7071"}],"wp:attachment":[{"href":"https:\/\/biljarts-clubke.com\/fr\/wp-json\/wp\/v2\/media?parent=7070"}],"wp:term":[{"taxonomy":"product_cat","embeddable":true,"href":"https:\/\/biljarts-clubke.com\/fr\/wp-json\/wp\/v2\/product_cat?post=7070"},{"taxonomy":"product_tag","embeddable":true,"href":"https:\/\/biljarts-clubke.com\/fr\/wp-json\/wp\/v2\/product_tag?post=7070"},{"taxonomy":"giftcard-category","embeddable":true,"href":"https:\/\/biljarts-clubke.com\/fr\/wp-json\/wp\/v2\/giftcard-category?post=7070"}],"curies":[{"name":"wp","href":"https:\/\/api.w.org\/{rel}","templated":true}]}}