{"id":9472,"date":"2021-12-07T12:59:17","date_gmt":"2021-12-07T12:59:17","guid":{"rendered":"https:\/\/biljarts-clubke.com\/?post_type=product&#038;p=9472"},"modified":"2026-04-22T15:50:07","modified_gmt":"2026-04-22T15:50:07","slug":"armoire-a-flechettes-winmau-man-cave","status":"publish","type":"product","link":"https:\/\/biljarts-clubke.com\/fr\/product\/dartkast-winmau-man-cave\/","title":{"rendered":"Armoire \u00e0 fl\u00e9chettes Winmau Man Cave"},"content":{"rendered":"<ul>\n<li>Armoire \u00e0 fl\u00e9chettes ou armoire dans laquelle on peut suspendre une cible de fl\u00e9chettes<\/li>\n<li>Convient \u00e0 toutes les marques de fl\u00e9chettes<\/li>\n<li>\u00c9quip\u00e9 de deux tableaux noirs \u00e0 l'int\u00e9rieur des portes pour noter les points.<\/li>\n<li>Syst\u00e8me de verrouillage magn\u00e9tique<\/li>\n<li>Syst\u00e8me de suspension inclus<\/li>\n<li>Facile \u00e0 suspendre et prot\u00e8ge le mur lorsque l'on joue aux fl\u00e9chettes.<\/li>\n<li>Ne convient pas \u00e0 une utilisation en ext\u00e9rieur<\/li>\n<\/ul>","protected":false},"excerpt":{"rendered":"<p>Armoire \u00e0 fl\u00e9chettes permettant de suspendre \u00e9l\u00e9gamment une cible de fl\u00e9chettes. Ce meuble apporte une touche suppl\u00e9mentaire et un aspect nostalgique \u00e0 l'int\u00e9rieur.<\/p>","protected":false},"featured_media":9473,"template":"","meta":{"_acf_changed":false,"_seopress_robots_primary_cat":"66","_seopress_titles_title":"Dartkast Winmau Man Cave | Ruim assortiment darts | Biljarts 't Clubke","_seopress_titles_desc":"Dartkast kopen voor je Man Cave? Hoe doe je dat beter dan met de Dartkast Winmau Man Cave? Een originele manier om een dartbord op te hangen.","_seopress_robots_index":"","_seopress_analysis_target_kw":"Dartkast Winmau Man Cave"},"product_cat":[69,66],"product_tag":[299,141,137,139],"giftcard-category":[],"class_list":{"0":"post-9472","1":"product","2":"type-product","3":"status-publish","4":"has-post-thumbnail","6":"product_cat-dartkasten","7":"product_cat-darts-kopen","8":"product_tag-dartkabinet","9":"product_tag-dartkast","10":"product_tag-darts","11":"product_tag-winmau","13":"first","14":"instock","15":"taxable","16":"shipping-taxable","17":"purchasable","18":"product-type-simple"},"acf":[],"_links":{"self":[{"href":"https:\/\/biljarts-clubke.com\/fr\/wp-json\/wp\/v2\/product\/9472","targetHints":{"allow":["GET"]}}],"collection":[{"href":"https:\/\/biljarts-clubke.com\/fr\/wp-json\/wp\/v2\/product"}],"about":[{"href":"https:\/\/biljarts-clubke.com\/fr\/wp-json\/wp\/v2\/types\/product"}],"version-history":[{"count":1,"href":"https:\/\/biljarts-clubke.com\/fr\/wp-json\/wp\/v2\/product\/9472\/revisions"}],"predecessor-version":[{"id":26175,"href":"https:\/\/biljarts-clubke.com\/fr\/wp-json\/wp\/v2\/product\/9472\/revisions\/26175"}],"wp:featuredmedia":[{"embeddable":true,"href":"https:\/\/biljarts-clubke.com\/fr\/wp-json\/wp\/v2\/media\/9473"}],"wp:attachment":[{"href":"https:\/\/biljarts-clubke.com\/fr\/wp-json\/wp\/v2\/media?parent=9472"}],"wp:term":[{"taxonomy":"product_cat","embeddable":true,"href":"https:\/\/biljarts-clubke.com\/fr\/wp-json\/wp\/v2\/product_cat?post=9472"},{"taxonomy":"product_tag","embeddable":true,"href":"https:\/\/biljarts-clubke.com\/fr\/wp-json\/wp\/v2\/product_tag?post=9472"},{"taxonomy":"giftcard-category","embeddable":true,"href":"https:\/\/biljarts-clubke.com\/fr\/wp-json\/wp\/v2\/giftcard-category?post=9472"}],"curies":[{"name":"wp","href":"https:\/\/api.w.org\/{rel}","templated":true}]}}