{"id":9488,"date":"2021-12-07T13:12:45","date_gmt":"2021-12-07T13:12:45","guid":{"rendered":"https:\/\/biljarts-clubke.com\/?post_type=product&#038;p=9488"},"modified":"2023-06-30T12:04:01","modified_gmt":"2023-06-30T12:04:01","slug":"armoire-a-flechettes-mission-caution-area-501","status":"publish","type":"product","link":"https:\/\/biljarts-clubke.com\/fr\/product\/dartkast-mission-caution-area-501\/","title":{"rendered":"Armoire \u00e0 fl\u00e9chettes Mission Caution Area 501"},"content":{"rendered":"<ul>\n<li>Armoire \u00e0 fl\u00e9chettes ou armoire dans laquelle on peut suspendre une cible de fl\u00e9chettes<\/li>\n<li>Convient \u00e0 toutes les marques de fl\u00e9chettes<\/li>\n<li>\u00c9quip\u00e9 de deux tableaux d'affichage \u00e0 l'int\u00e9rieur des portes pour le suivi des scores.<\/li>\n<li>Syst\u00e8me de verrouillage magn\u00e9tique<\/li>\n<li>Syst\u00e8me de suspension inclus<\/li>\n<li>Facile \u00e0 suspendre et prot\u00e8ge le mur lorsque l'on joue aux fl\u00e9chettes.<\/li>\n<li>Ne convient pas \u00e0 une utilisation en ext\u00e9rieur<\/li>\n<\/ul>","protected":false},"excerpt":{"rendered":"<p>Armoire \u00e0 fl\u00e9chettes permettant de suspendre \u00e9l\u00e9gamment une cible de fl\u00e9chettes. Ce meuble apporte une touche suppl\u00e9mentaire et un aspect nostalgique \u00e0 l'int\u00e9rieur.<\/p>","protected":false},"featured_media":9489,"template":"","meta":{"_acf_changed":false,"_seopress_robots_primary_cat":"66","_seopress_titles_title":"Dartkast Mission Caution Area 501 | Ruim assortiment darts | Biljarts &#039;t Clubke","_seopress_titles_desc":"Dartkast kopen? Een originele manier om een dartbord op te hangen. Dat is precies wat de Dartkast Winmau Caution Area 501 doet.","_seopress_robots_index":"","_seopress_analysis_target_kw":"Dartkast Mission Caution Area 501"},"product_cat":[69,66],"product_tag":[299,141,137,258],"giftcard-category":[],"class_list":{"0":"post-9488","1":"product","2":"type-product","3":"status-publish","4":"has-post-thumbnail","6":"product_cat-dartkasten","7":"product_cat-darts-kopen","8":"product_tag-dartkabinet","9":"product_tag-dartkast","10":"product_tag-darts","11":"product_tag-mission","13":"first","14":"instock","15":"taxable","16":"shipping-taxable","17":"purchasable","18":"product-type-simple"},"acf":[],"_links":{"self":[{"href":"https:\/\/biljarts-clubke.com\/fr\/wp-json\/wp\/v2\/product\/9488","targetHints":{"allow":["GET"]}}],"collection":[{"href":"https:\/\/biljarts-clubke.com\/fr\/wp-json\/wp\/v2\/product"}],"about":[{"href":"https:\/\/biljarts-clubke.com\/fr\/wp-json\/wp\/v2\/types\/product"}],"version-history":[{"count":0,"href":"https:\/\/biljarts-clubke.com\/fr\/wp-json\/wp\/v2\/product\/9488\/revisions"}],"wp:featuredmedia":[{"embeddable":true,"href":"https:\/\/biljarts-clubke.com\/fr\/wp-json\/wp\/v2\/media\/9489"}],"wp:attachment":[{"href":"https:\/\/biljarts-clubke.com\/fr\/wp-json\/wp\/v2\/media?parent=9488"}],"wp:term":[{"taxonomy":"product_cat","embeddable":true,"href":"https:\/\/biljarts-clubke.com\/fr\/wp-json\/wp\/v2\/product_cat?post=9488"},{"taxonomy":"product_tag","embeddable":true,"href":"https:\/\/biljarts-clubke.com\/fr\/wp-json\/wp\/v2\/product_tag?post=9488"},{"taxonomy":"giftcard-category","embeddable":true,"href":"https:\/\/biljarts-clubke.com\/fr\/wp-json\/wp\/v2\/giftcard-category?post=9488"}],"curies":[{"name":"wp","href":"https:\/\/api.w.org\/{rel}","templated":true}]}}