{"id":9984,"date":"2021-12-09T17:08:31","date_gmt":"2021-12-09T17:08:31","guid":{"rendered":"https:\/\/biljarts-clubke.com\/?post_type=product&#038;p=9984"},"modified":"2023-04-07T15:16:31","modified_gmt":"2023-04-07T15:16:31","slug":"jeu-de-flechettes-mission-apollo-cabinet-de-flechettes-mission-double-top-2-jeux-de-flechettes","status":"publish","type":"product","link":"https:\/\/biljarts-clubke.com\/fr\/product\/dartbord-mission-apollo-dartkast-mission-double-top-2-sets-dartpijlen\/","title":{"rendered":"Jeu de fl\u00e9chettes Mission Apollo + armoire \u00e0 fl\u00e9chettes Mission Double Top + 2 jeux de fl\u00e9chettes"},"content":{"rendered":"<p>Ce set est compos\u00e9 de :<\/p>\n<ul>\n<li>Jeu de fl\u00e9chettes en soie Mission Apollo<\/li>\n<li>Armoire \u00e0 fl\u00e9chettes ou armoire Mission Double Top \u00e9quip\u00e9e de deux tableaux blancs \u00e0 l'int\u00e9rieur des portes pour le suivi des scores.<\/li>\n<li>Marqueur pour tableau blanc<\/li>\n<li>Deux jeux de fl\u00e9chettes en laiton<\/li>\n<li>Syst\u00e8me de verrouillage magn\u00e9tique<\/li>\n<li>Syst\u00e8me de suspension inclus<\/li>\n<li>Facile \u00e0 suspendre et prot\u00e8ge le mur lorsque l'on joue aux fl\u00e9chettes.<\/li>\n<li>Ne convient pas \u00e0 une utilisation en ext\u00e9rieur<\/li>\n<\/ul>","protected":false},"excerpt":{"rendered":"<p>Magnifique ensemble compos\u00e9 d'une cible de fl\u00e9chettes, d'un meuble, d'un marqueur et de 2 jeux de fl\u00e9chettes. Ensemble pr\u00eat \u00e0 jouer pour commencer \u00e0 jouer aux fl\u00e9chettes imm\u00e9diatement.<\/p>","protected":false},"featured_media":9985,"template":"","meta":{"_acf_changed":false,"_seopress_robots_primary_cat":"66","_seopress_titles_title":"Dartbord Mission Apollo + dartkast Mission Double Top + 2 sets dartpijlen | Ruim assortiment darts | Biljarts &#039;t Clubke","_seopress_titles_desc":"Mooie set bestaande uit een dartbord, een kabinet, een marker en 2 sets dartpijlen. Speelklaar pakket om onmiddellijk te starten met darten.","_seopress_robots_index":"","_seopress_analysis_target_kw":"Dartbord Mission Apollo + dartkast Mission Double Top + 2 sets dartpijlen"},"product_cat":[66,261],"product_tag":[140,299,141,137,258],"giftcard-category":[],"class_list":{"0":"post-9984","1":"product","2":"type-product","3":"status-publish","4":"has-post-thumbnail","6":"product_cat-darts-kopen","7":"product_cat-sets","8":"product_tag-dartbord","9":"product_tag-dartkabinet","10":"product_tag-dartkast","11":"product_tag-darts","12":"product_tag-mission","14":"first","15":"outofstock","16":"taxable","17":"shipping-taxable","18":"purchasable","19":"product-type-simple"},"acf":[],"_links":{"self":[{"href":"https:\/\/biljarts-clubke.com\/fr\/wp-json\/wp\/v2\/product\/9984","targetHints":{"allow":["GET"]}}],"collection":[{"href":"https:\/\/biljarts-clubke.com\/fr\/wp-json\/wp\/v2\/product"}],"about":[{"href":"https:\/\/biljarts-clubke.com\/fr\/wp-json\/wp\/v2\/types\/product"}],"version-history":[{"count":0,"href":"https:\/\/biljarts-clubke.com\/fr\/wp-json\/wp\/v2\/product\/9984\/revisions"}],"wp:featuredmedia":[{"embeddable":true,"href":"https:\/\/biljarts-clubke.com\/fr\/wp-json\/wp\/v2\/media\/9985"}],"wp:attachment":[{"href":"https:\/\/biljarts-clubke.com\/fr\/wp-json\/wp\/v2\/media?parent=9984"}],"wp:term":[{"taxonomy":"product_cat","embeddable":true,"href":"https:\/\/biljarts-clubke.com\/fr\/wp-json\/wp\/v2\/product_cat?post=9984"},{"taxonomy":"product_tag","embeddable":true,"href":"https:\/\/biljarts-clubke.com\/fr\/wp-json\/wp\/v2\/product_tag?post=9984"},{"taxonomy":"giftcard-category","embeddable":true,"href":"https:\/\/biljarts-clubke.com\/fr\/wp-json\/wp\/v2\/giftcard-category?post=9984"}],"curies":[{"name":"wp","href":"https:\/\/api.w.org\/{rel}","templated":true}]}}